{"id":994,"date":"2019-10-01T11:33:12","date_gmt":"2019-10-01T08:33:12","guid":{"rendered":"http:\/\/fil.ee\/uus\/?post_type=product&#038;p=994"},"modified":"2023-02-23T11:45:59","modified_gmt":"2023-02-23T09:45:59","slug":"soprus","status":"publish","type":"product","link":"https:\/\/fil.ee\/uus\/toode\/soprus\/","title":{"rendered":"S\u00f5prus"},"content":{"rendered":"<p style=\"text-align: justify;\">2019. aasta 30. septembril ilmus meie kirjastuselt uus lasteraamat, Kristina Ruder \u201cS\u00f5prus\u201d. Raamat on k\u00f5vade kaante ja v\u00e4rvilise sisuga. Raamatu m\u00f5\u00f5dud on 148\u00d7210 mm, maht 32 lehek\u00fclge. Toimetas Irene \u00d5mblus, illustreeris Monika Hale, kaaned kujundas ja k\u00fcljendas Vallo Hallik.<\/p>\n<p style=\"text-align: justify;\"><strong>Raamatu tutvustus:<br \/>\n<\/strong>Raamat r\u00e4\u00e4gib \u00fchest v\u00e4ikesest metsseapoisist, kes oma \u00f5dede ja vendadega riidu l\u00e4ks ja \u00fcksi metsa j\u00e4i. Mis oli t\u00fcli p\u00f5hjuseks ja kuidas kogu lugu edasi l\u00e4heb, seda saad lugeda k\u00e4esolevast raamatust. See on lugu andestamisest, peresidemete t\u00e4htsusest ja s\u00f5pruse tugevusest. Ei ole t\u00e4htis, milline sa v\u00e4lja n\u00e4ed, oluline on ulatada \u00f5igel hetkel abik\u00e4si ja aidata h\u00e4dasolijat. Raamat \u00f5petab m\u00e4rkama, aitama ja hoolima.<br \/>\nRaamat sobib lugemiseks algklassilastele ja ettelugemiseks v\u00e4iksematele.<\/p>\n","protected":false},"excerpt":{"rendered":"<p>2019. aasta 30. septembril ilmus meie kirjastuselt uus lasteraamat, Kristina Ruder \u201cS\u00f5prus\u201d. Raamat on k\u00f5vade kaante ja v\u00e4rvilise sisuga. Raamatu m\u00f5\u00f5dud on 148\u00d7210 mm, maht 32 lehek\u00fclge. Toimetas Irene \u00d5mblus, illustreeris Monika Hale, kaaned kujundas ja k\u00fcljendas Vallo Hallik. Raamatu tutvustus: Raamat r\u00e4\u00e4gib \u00fchest v\u00e4ikesest metsseapoisist, kes oma \u00f5dede ja vendadega riidu l\u00e4ks ja \u00fcksi [&hellip;]<\/p>\n","protected":false},"featured_media":982,"comment_status":"open","ping_status":"closed","template":"","meta":[],"product_brand":[],"product_cat":[286],"product_tag":[],"class_list":{"0":"post-994","1":"product","2":"type-product","3":"status-publish","4":"has-post-thumbnail","6":"product_cat-archive","8":"first","9":"outofstock","10":"taxable","11":"shipping-taxable","12":"product-type-simple"},"_links":{"self":[{"href":"https:\/\/fil.ee\/uus\/wp-json\/wp\/v2\/product\/994","targetHints":{"allow":["GET"]}}],"collection":[{"href":"https:\/\/fil.ee\/uus\/wp-json\/wp\/v2\/product"}],"about":[{"href":"https:\/\/fil.ee\/uus\/wp-json\/wp\/v2\/types\/product"}],"replies":[{"embeddable":true,"href":"https:\/\/fil.ee\/uus\/wp-json\/wp\/v2\/comments?post=994"}],"wp:featuredmedia":[{"embeddable":true,"href":"https:\/\/fil.ee\/uus\/wp-json\/wp\/v2\/media\/982"}],"wp:attachment":[{"href":"https:\/\/fil.ee\/uus\/wp-json\/wp\/v2\/media?parent=994"}],"wp:term":[{"taxonomy":"product_brand","embeddable":true,"href":"https:\/\/fil.ee\/uus\/wp-json\/wp\/v2\/product_brand?post=994"},{"taxonomy":"product_cat","embeddable":true,"href":"https:\/\/fil.ee\/uus\/wp-json\/wp\/v2\/product_cat?post=994"},{"taxonomy":"product_tag","embeddable":true,"href":"https:\/\/fil.ee\/uus\/wp-json\/wp\/v2\/product_tag?post=994"}],"curies":[{"name":"wp","href":"https:\/\/api.w.org\/{rel}","templated":true}]}}