{"id":973,"date":"2019-09-13T13:24:53","date_gmt":"2019-09-13T10:24:53","guid":{"rendered":"http:\/\/fil.ee\/uus\/?post_type=product&#038;p=973"},"modified":"2023-01-31T20:08:56","modified_gmt":"2023-01-31T18:08:56","slug":"oh-seda-pesamuna-kull","status":"publish","type":"product","link":"https:\/\/fil.ee\/uus\/toode\/oh-seda-pesamuna-kull\/","title":{"rendered":"Oh seda pesamuna k\u00fcll"},"content":{"rendered":"<p style=\"text-align: justify;\">2019. aasta 13. septembril ilmus meie kirjastuselt uus lasteraamat, mille tekst on kirjutatud tr\u00fckit\u00e4htedega, Urve Tinnuri &#8220;Oh seda pesamuna k\u00fcll&#8221;. Raamat on k\u00f5vade kaante ja v\u00e4rvilise sisuga. Raamatu m\u00f5\u00f5dud on 170&#215;240 mm, maht 32 lehek\u00fclge. Toimetas Heli Hallik, illustreeris Sofi, k\u00fcljendas ja kaaned kujundas Vallo Hallik.<\/p>\n<p style=\"text-align: justify;\"><strong>Raamatu tutvustus:<\/strong><br \/>\nPERE PESAMUNA RITI ON R\u00d5\u00d5MSAMEELNE JA HAKKAJA T\u00dcDRUK, PARAS VIGURIV\u00c4NT JA KAVALPEA. K\u00d5IKI TEMA TEGEMISI SAADAVAD NALJAKAD V\u00c4LJA\u00dcTLEMISED, MILLE PEALE TA PERELIIKMETEL J\u00c4\u00c4B \u00dcLE VAID NAERATADES PEAD VANGUTADA. EHKKI RITI ON KRUTSKEID T\u00c4IS JA PISUT NINAKAS, J\u00c4TKUB TAL OSKUST MAAILMA ASJADE P\u00c4RAST S\u00dcDANT VALUTADA NING SIIRA LAPSELIKU SOOJUSEGA HOOLIDA K\u00d5IGEST, MIS TALLE KALLIS.<\/p>\n","protected":false},"excerpt":{"rendered":"<p>2019. aasta 13. septembril ilmus meie kirjastuselt uus lasteraamat, mille tekst on kirjutatud tr\u00fckit\u00e4htedega, Urve Tinnuri &#8220;Oh seda pesamuna k\u00fcll&#8221;. Raamat on k\u00f5vade kaante ja v\u00e4rvilise sisuga. Raamatu m\u00f5\u00f5dud on 170&#215;240 mm, maht 32 lehek\u00fclge. Toimetas Heli Hallik, illustreeris Sofi, k\u00fcljendas ja kaaned kujundas Vallo Hallik. Raamatu tutvustus: PERE PESAMUNA RITI ON R\u00d5\u00d5MSAMEELNE JA HAKKAJA [&hellip;]<\/p>\n","protected":false},"featured_media":970,"comment_status":"open","ping_status":"closed","template":"","meta":[],"product_brand":[],"product_cat":[22],"product_tag":[],"class_list":{"0":"post-973","1":"product","2":"type-product","3":"status-publish","4":"has-post-thumbnail","6":"product_cat-lastele","8":"first","9":"instock","10":"sale","11":"taxable","12":"shipping-taxable","13":"purchasable","14":"product-type-simple"},"_links":{"self":[{"href":"https:\/\/fil.ee\/uus\/wp-json\/wp\/v2\/product\/973","targetHints":{"allow":["GET"]}}],"collection":[{"href":"https:\/\/fil.ee\/uus\/wp-json\/wp\/v2\/product"}],"about":[{"href":"https:\/\/fil.ee\/uus\/wp-json\/wp\/v2\/types\/product"}],"replies":[{"embeddable":true,"href":"https:\/\/fil.ee\/uus\/wp-json\/wp\/v2\/comments?post=973"}],"wp:featuredmedia":[{"embeddable":true,"href":"https:\/\/fil.ee\/uus\/wp-json\/wp\/v2\/media\/970"}],"wp:attachment":[{"href":"https:\/\/fil.ee\/uus\/wp-json\/wp\/v2\/media?parent=973"}],"wp:term":[{"taxonomy":"product_brand","embeddable":true,"href":"https:\/\/fil.ee\/uus\/wp-json\/wp\/v2\/product_brand?post=973"},{"taxonomy":"product_cat","embeddable":true,"href":"https:\/\/fil.ee\/uus\/wp-json\/wp\/v2\/product_cat?post=973"},{"taxonomy":"product_tag","embeddable":true,"href":"https:\/\/fil.ee\/uus\/wp-json\/wp\/v2\/product_tag?post=973"}],"curies":[{"name":"wp","href":"https:\/\/api.w.org\/{rel}","templated":true}]}}