{"id":968,"date":"2019-09-09T15:50:35","date_gmt":"2019-09-09T12:50:35","guid":{"rendered":"http:\/\/fil.ee\/uus\/?post_type=product&#038;p=968"},"modified":"2023-01-31T20:07:24","modified_gmt":"2023-01-31T18:07:24","slug":"uurija","status":"publish","type":"product","link":"https:\/\/fil.ee\/uus\/toode\/uurija\/","title":{"rendered":"Uurija"},"content":{"rendered":"<p style=\"text-align: justify;\">2019. aasta 9. septembril ilmus meie kirjastuselt uus raamat Silja Vaher \u201cUurija\u201d. Raamat on k\u00f5vade kaante ja mustvalge sisuga, m\u00f5\u00f5dud on 148\u00d7210 mm, maht 240 lehek\u00fclge. Toimetas Ire<span class=\"text_exposed_show\">ne \u00d5mblus, kaanele joonistas pildi Jana Valge, kaaned kujundas Jaan Lehismets, k\u00fcljendas Vallo Hallik.<\/span><\/p>\n<p style=\"text-align: justify;\"><span class=\"text_exposed_show\"><strong>Raamatu tutvustus:<\/strong><br \/>\nMartin j\u00e4lgib politseinike tegevust k\u00f5rvalt. Mehed liiguvad aeglaselt, piirkonda samm-sammult l\u00e4bi kammides. \u00c4kitselt \u00fcks neist peatub ja m\u00f5lemad kummardavad midagi vaatama. Kaugelt ei ole n\u00e4ha, mida mehed uurivad. Peagi ajavad nad end sirgu, kiirustavad Martini juurde ja k\u00fcsivad, ega too lapse leidmise kohast kaugemale ei vaadanud. Martin raputab pead. Pikem ja tumeda peaga politseinik teatab kurvalt, et nad leidsid noore naise surnukeha.<br \/>\nSellest hetkest hakkavad rahulikus maakohas hargnema sugugi mitte nii v\u00e4ga rahulikud s\u00fcndmused. Kes on n\u00f5gestest leitud laps? Mis ja miks juhtus tema emaga? Kas ja kuidas kurjategija oma ohvrit tundis?<br \/>\nPeadp\u00f6\u00f6ritava kiirusega j\u00e4rgneb \u00fcks s\u00fcndmus teisele, andmata uurijatele aega hinge t\u00f5mmata.<br \/>\nTule ja loe \u2013 Sa v\u00f5id \u00fcllatuda!<\/span><\/p>\n","protected":false},"excerpt":{"rendered":"<p>2019. aasta 9. septembril ilmus meie kirjastuselt uus raamat Silja Vaher \u201cUurija\u201d. Raamat on k\u00f5vade kaante ja mustvalge sisuga, m\u00f5\u00f5dud on 148\u00d7210 mm, maht 240 lehek\u00fclge. Toimetas Irene \u00d5mblus, kaanele joonistas pildi Jana Valge, kaaned kujundas Jaan Lehismets, k\u00fcljendas Vallo Hallik. Raamatu tutvustus: Martin j\u00e4lgib politseinike tegevust k\u00f5rvalt. Mehed liiguvad aeglaselt, piirkonda samm-sammult l\u00e4bi kammides. [&hellip;]<\/p>\n","protected":false},"featured_media":966,"comment_status":"open","ping_status":"closed","template":"","meta":[],"product_brand":[],"product_cat":[19,21],"product_tag":[],"class_list":{"0":"post-968","1":"product","2":"type-product","3":"status-publish","4":"has-post-thumbnail","6":"product_cat-ilukirjandus","7":"product_cat-kriminaalromaan","9":"first","10":"instock","11":"taxable","12":"shipping-taxable","13":"purchasable","14":"product-type-simple"},"_links":{"self":[{"href":"https:\/\/fil.ee\/uus\/wp-json\/wp\/v2\/product\/968","targetHints":{"allow":["GET"]}}],"collection":[{"href":"https:\/\/fil.ee\/uus\/wp-json\/wp\/v2\/product"}],"about":[{"href":"https:\/\/fil.ee\/uus\/wp-json\/wp\/v2\/types\/product"}],"replies":[{"embeddable":true,"href":"https:\/\/fil.ee\/uus\/wp-json\/wp\/v2\/comments?post=968"}],"wp:featuredmedia":[{"embeddable":true,"href":"https:\/\/fil.ee\/uus\/wp-json\/wp\/v2\/media\/966"}],"wp:attachment":[{"href":"https:\/\/fil.ee\/uus\/wp-json\/wp\/v2\/media?parent=968"}],"wp:term":[{"taxonomy":"product_brand","embeddable":true,"href":"https:\/\/fil.ee\/uus\/wp-json\/wp\/v2\/product_brand?post=968"},{"taxonomy":"product_cat","embeddable":true,"href":"https:\/\/fil.ee\/uus\/wp-json\/wp\/v2\/product_cat?post=968"},{"taxonomy":"product_tag","embeddable":true,"href":"https:\/\/fil.ee\/uus\/wp-json\/wp\/v2\/product_tag?post=968"}],"curies":[{"name":"wp","href":"https:\/\/api.w.org\/{rel}","templated":true}]}}