{"id":943,"date":"2019-08-19T12:13:17","date_gmt":"2019-08-19T09:13:17","guid":{"rendered":"http:\/\/fil.ee\/uus\/?post_type=product&#038;p=943"},"modified":"2023-01-31T19:56:52","modified_gmt":"2023-01-31T17:56:52","slug":"kalevipoja-kangelasjooks","status":"publish","type":"product","link":"https:\/\/fil.ee\/uus\/toode\/kalevipoja-kangelasjooks\/","title":{"rendered":"Kalevipoja kangelasjooks"},"content":{"rendered":"<p style=\"text-align: justify;\"><span style=\"font-family: georgia, palatino, serif; font-size: 12pt;\">2018. aasta 8. juunil ilmus meie kirjastuselt Gery Einbergi raamat \u201cKalevipoja Kangelasjooks\u201d. Raamat on A5 formaadis, pehmete kaantega ni<span class=\"text_exposed_show\">ng selles on 160 lehek\u00fclge. Toimetas\u00a0<\/span><span class=\"text_exposed_show\">Heli Hallik, kaaned kujundas Sigrid Kink.<\/span><\/span><\/p>\n<p style=\"text-align: justify;\"><span class=\"text_exposed_show\" style=\"font-family: georgia, palatino, serif; font-size: 12pt;\"><strong>L\u00fchikokkuv\u00f5te:<\/strong><br \/>\nRaamatus jutustatakse Kalevipoja Kangelasjooksu idee tekkimisest, \u00fcrituse organiseerimisest ja l\u00e4biviimisest. Tegemist on mitmep\u00e4evase ultrajooksude kogumiga.<\/span><\/p>\n","protected":false},"excerpt":{"rendered":"<p>2018. aasta 8. juunil ilmus meie kirjastuselt Gery Einbergi raamat \u201cKalevipoja Kangelasjooks\u201d. Raamat on A5 formaadis, pehmete kaantega ning selles on 160 lehek\u00fclge. Toimetas\u00a0Heli Hallik, kaaned kujundas Sigrid Kink. L\u00fchikokkuv\u00f5te: Raamatus jutustatakse Kalevipoja Kangelasjooksu idee tekkimisest, \u00fcrituse organiseerimisest ja l\u00e4biviimisest. Tegemist on mitmep\u00e4evase ultrajooksude kogumiga.<\/p>\n","protected":false},"featured_media":581,"comment_status":"open","ping_status":"closed","template":"","meta":[],"product_brand":[],"product_cat":[284],"product_tag":[],"class_list":{"0":"post-943","1":"product","2":"type-product","3":"status-publish","4":"has-post-thumbnail","6":"product_cat-kasiraamat","8":"first","9":"instock","10":"taxable","11":"shipping-taxable","12":"purchasable","13":"product-type-simple"},"_links":{"self":[{"href":"https:\/\/fil.ee\/uus\/wp-json\/wp\/v2\/product\/943","targetHints":{"allow":["GET"]}}],"collection":[{"href":"https:\/\/fil.ee\/uus\/wp-json\/wp\/v2\/product"}],"about":[{"href":"https:\/\/fil.ee\/uus\/wp-json\/wp\/v2\/types\/product"}],"replies":[{"embeddable":true,"href":"https:\/\/fil.ee\/uus\/wp-json\/wp\/v2\/comments?post=943"}],"wp:featuredmedia":[{"embeddable":true,"href":"https:\/\/fil.ee\/uus\/wp-json\/wp\/v2\/media\/581"}],"wp:attachment":[{"href":"https:\/\/fil.ee\/uus\/wp-json\/wp\/v2\/media?parent=943"}],"wp:term":[{"taxonomy":"product_brand","embeddable":true,"href":"https:\/\/fil.ee\/uus\/wp-json\/wp\/v2\/product_brand?post=943"},{"taxonomy":"product_cat","embeddable":true,"href":"https:\/\/fil.ee\/uus\/wp-json\/wp\/v2\/product_cat?post=943"},{"taxonomy":"product_tag","embeddable":true,"href":"https:\/\/fil.ee\/uus\/wp-json\/wp\/v2\/product_tag?post=943"}],"curies":[{"name":"wp","href":"https:\/\/api.w.org\/{rel}","templated":true}]}}