{"id":942,"date":"2019-08-19T12:08:45","date_gmt":"2019-08-19T09:08:45","guid":{"rendered":"http:\/\/fil.ee\/uus\/?post_type=product&#038;p=942"},"modified":"2023-01-31T19:55:42","modified_gmt":"2023-01-31T17:55:42","slug":"ma-naen","status":"publish","type":"product","link":"https:\/\/fil.ee\/uus\/toode\/ma-naen\/","title":{"rendered":"Ma n\u00e4en"},"content":{"rendered":"<p><span style=\"font-family: georgia, palatino, serif; font-size: 12pt;\">2018. aasta 25. mail ilmus meie kirjastuselt Maria Lepmaa lasteraamat \u201cMa n\u00e4en\u201d, mis on j\u00e4rjeks varem ilmunud raamatule \u201cMa kuulen\u201d. Raamat on B5 formaadis, pehmete kaantega ning selles on 28 lehek\u00fclge. Tekst on kirjutatud tavap\u00e4rasest veidi suurema kirjaga ning k\u00f5ikidel lehek\u00fclgedel on v\u00e4rvilised pildid. Raamatu toimetas Heli Hallik, illustreeris Jana Valge, kaaned kujundas Sigrid Kink.<\/span><\/p>\n<p><span style=\"font-family: georgia, palatino, serif; font-size: 12pt;\"><strong>Tutvustuseks:<br \/>\n<\/strong>K\u00f5hubeebi Siiri on s\u00fcndinud. Raamat jutustab beebi Siiri esimestest elup\u00e4evadest ja tema perekonna elust. Sobib (ette)lugemiseks koolieelikutele ja nooremale koolieale.<\/span><\/p>\n","protected":false},"excerpt":{"rendered":"<p>2018. aasta 25. mail ilmus meie kirjastuselt Maria Lepmaa lasteraamat \u201cMa n\u00e4en\u201d, mis on j\u00e4rjeks varem ilmunud raamatule \u201cMa kuulen\u201d. Raamat on B5 formaadis, pehmete kaantega ning selles on 28 lehek\u00fclge. Tekst on kirjutatud tavap\u00e4rasest veidi suurema kirjaga ning k\u00f5ikidel lehek\u00fclgedel on v\u00e4rvilised pildid. Raamatu toimetas Heli Hallik, illustreeris Jana Valge, kaaned kujundas Sigrid Kink. [&hellip;]<\/p>\n","protected":false},"featured_media":579,"comment_status":"open","ping_status":"closed","template":"","meta":[],"product_brand":[],"product_cat":[22],"product_tag":[],"class_list":{"0":"post-942","1":"product","2":"type-product","3":"status-publish","4":"has-post-thumbnail","6":"product_cat-lastele","8":"first","9":"instock","10":"taxable","11":"shipping-taxable","12":"purchasable","13":"product-type-simple"},"_links":{"self":[{"href":"https:\/\/fil.ee\/uus\/wp-json\/wp\/v2\/product\/942","targetHints":{"allow":["GET"]}}],"collection":[{"href":"https:\/\/fil.ee\/uus\/wp-json\/wp\/v2\/product"}],"about":[{"href":"https:\/\/fil.ee\/uus\/wp-json\/wp\/v2\/types\/product"}],"replies":[{"embeddable":true,"href":"https:\/\/fil.ee\/uus\/wp-json\/wp\/v2\/comments?post=942"}],"wp:featuredmedia":[{"embeddable":true,"href":"https:\/\/fil.ee\/uus\/wp-json\/wp\/v2\/media\/579"}],"wp:attachment":[{"href":"https:\/\/fil.ee\/uus\/wp-json\/wp\/v2\/media?parent=942"}],"wp:term":[{"taxonomy":"product_brand","embeddable":true,"href":"https:\/\/fil.ee\/uus\/wp-json\/wp\/v2\/product_brand?post=942"},{"taxonomy":"product_cat","embeddable":true,"href":"https:\/\/fil.ee\/uus\/wp-json\/wp\/v2\/product_cat?post=942"},{"taxonomy":"product_tag","embeddable":true,"href":"https:\/\/fil.ee\/uus\/wp-json\/wp\/v2\/product_tag?post=942"}],"curies":[{"name":"wp","href":"https:\/\/api.w.org\/{rel}","templated":true}]}}