{"id":941,"date":"2019-08-19T12:01:43","date_gmt":"2019-08-19T09:01:43","guid":{"rendered":"http:\/\/fil.ee\/uus\/?post_type=product&#038;p=941"},"modified":"2023-02-23T12:05:33","modified_gmt":"2023-02-23T10:05:33","slug":"viirastus-ja-viis-naist","status":"publish","type":"product","link":"https:\/\/fil.ee\/uus\/toode\/viirastus-ja-viis-naist\/","title":{"rendered":"Viirastus ja viis naist"},"content":{"rendered":"<p style=\"text-align: justify;\"><span style=\"font-family: georgia, palatino, serif; font-size: 12pt;\">2018. aasta 11. mail ilmus meie kirjastuselt autori esimene teos \u201cViirastus ja viist naist\u201d, mille autor on Jaan Keskel. Raamat on A5 formaadis, pehmete kaantega ja selles on 64 lehek\u00fclge. Toimetas Heli Hallik.<\/span><\/p>\n<div id=\"id_5b20d979a54227b76931477\" class=\"text_exposed_root text_exposed\">\n<div class=\"text_exposed_show\">\n<p style=\"text-align: justify;\"><span style=\"font-family: georgia, palatino, serif; font-size: 12pt;\"><strong>Kirjutatud on:<br \/>\n<\/strong>Jaan Keskeli raamat on reipalt nooruslik ja annab \u00fcsna lihtsate vahenditega edasi t\u00e4nap\u00e4eva linnanoore, nn. Tinderi-p\u00f5lvkonna emotsioone ja elujuhtumusi. Jaan Keskel on p\u00f5iminud oma luuletused ja naljakate pu\u00e4ntidega l\u00fchilood tervikuks, mis peamiselt keerleb poiste ja t\u00fcdrukute suhete \u00fcmber, tehes seda nii huvitavalt, et lugemist on raske katkestada. Nagu iga noor inimene, kirjeldab ta \u201emillegi otsimist\u201c. See on noore t\u00e4iskasvanu r\u00f5\u00f5msameelne ja kurb raamat. Ta meenutab euroaja algust, heidab valgust t\u00f6\u00f6tava \u00fcli\u00f5pilase probleemidele siiralt ja\u00a0 \u00a0 \u00a0 \u00a0 \u00a0 \u00a0 \u00a0 \u00a0 lihtsalt.<br \/>\nPiret Bristol, kirjanik<\/span><\/p>\n<p style=\"text-align: justify;\"><span style=\"font-family: georgia, palatino, serif; font-size: 12pt;\">See raamat on midagi, millega paljud noored mehed ja ka naised ennast samastada saavad. \u201cMy So-Called Life\u201d (\u201cOn see siis elu\u201d) sari tegi 1994. aastal ajalugu sellega, et seal kajastati teismeliste elu esimest korda nii, nagu see tegelikult on (ei mingit I-love-you-Dad). Sellel raamatul on sarnane suund noorte t\u00e4iskasvanute jaoks ja \u00f5nne ei paista veel kuskilt. Samas on palju h\u00e4id \u00f5ppetunde, mis \u00f5nnelikuks suhteks aluse loovad. Loodetavasti paneb nii m\u00f5negi \u00f6\u00f6klubiossi ja tinderitibi korraks peatuma ja m\u00f5tlema.<br \/>\nAve Keskel, autori \u00f5de<\/span><\/p>\n<\/div>\n<\/div>\n","protected":false},"excerpt":{"rendered":"<p>2018. aasta 11. mail ilmus meie kirjastuselt autori esimene teos \u201cViirastus ja viist naist\u201d, mille autor on Jaan Keskel. Raamat on A5 formaadis, pehmete kaantega ja selles on 64 lehek\u00fclge. Toimetas Heli Hallik. Kirjutatud on: Jaan Keskeli raamat on reipalt nooruslik ja annab \u00fcsna lihtsate vahenditega edasi t\u00e4nap\u00e4eva linnanoore, nn. Tinderi-p\u00f5lvkonna emotsioone ja elujuhtumusi. Jaan [&hellip;]<\/p>\n","protected":false},"featured_media":577,"comment_status":"open","ping_status":"closed","template":"","meta":[],"product_brand":[],"product_cat":[286],"product_tag":[],"class_list":{"0":"post-941","1":"product","2":"type-product","3":"status-publish","4":"has-post-thumbnail","6":"product_cat-archive","8":"first","9":"outofstock","10":"taxable","11":"shipping-taxable","12":"product-type-simple"},"_links":{"self":[{"href":"https:\/\/fil.ee\/uus\/wp-json\/wp\/v2\/product\/941","targetHints":{"allow":["GET"]}}],"collection":[{"href":"https:\/\/fil.ee\/uus\/wp-json\/wp\/v2\/product"}],"about":[{"href":"https:\/\/fil.ee\/uus\/wp-json\/wp\/v2\/types\/product"}],"replies":[{"embeddable":true,"href":"https:\/\/fil.ee\/uus\/wp-json\/wp\/v2\/comments?post=941"}],"wp:featuredmedia":[{"embeddable":true,"href":"https:\/\/fil.ee\/uus\/wp-json\/wp\/v2\/media\/577"}],"wp:attachment":[{"href":"https:\/\/fil.ee\/uus\/wp-json\/wp\/v2\/media?parent=941"}],"wp:term":[{"taxonomy":"product_brand","embeddable":true,"href":"https:\/\/fil.ee\/uus\/wp-json\/wp\/v2\/product_brand?post=941"},{"taxonomy":"product_cat","embeddable":true,"href":"https:\/\/fil.ee\/uus\/wp-json\/wp\/v2\/product_cat?post=941"},{"taxonomy":"product_tag","embeddable":true,"href":"https:\/\/fil.ee\/uus\/wp-json\/wp\/v2\/product_tag?post=941"}],"curies":[{"name":"wp","href":"https:\/\/api.w.org\/{rel}","templated":true}]}}