{"id":939,"date":"2019-08-19T11:50:29","date_gmt":"2019-08-19T08:50:29","guid":{"rendered":"http:\/\/fil.ee\/uus\/?post_type=product&#038;p=939"},"modified":"2023-01-31T19:47:10","modified_gmt":"2023-01-31T17:47:10","slug":"minu-malestuste-raamat","status":"publish","type":"product","link":"https:\/\/fil.ee\/uus\/toode\/minu-malestuste-raamat\/","title":{"rendered":"Minu m\u00e4lestuste raamat"},"content":{"rendered":"<p style=\"text-align: justify;\"><span style=\"font-family: georgia, palatino, serif; font-size: 12pt;\">2018. aasta 9. aprillil ilmus meie kirjastuselt Vilhelmine Kuurberg \u201cMinu m\u00e4lestuste raamat\u201d. Raamat on A5 formaadis, k\u00f5vade kaantega ja selles on 256 lehek\u00fclge. Toimetas Heli Hallik.<\/span><\/p>\n<p style=\"text-align: justify;\"><span style=\"font-family: georgia, palatino, serif; font-size: 12pt;\"><strong>Lapselaps kirjutas:<\/strong><\/span><br \/>\n<span style=\"font-family: georgia, palatino, serif; font-size: 12pt;\">Soovisin kingitusena EV100 puhul k\u00f6ita terviklikuks tekstiks oma vanaema Vilhelmine Kuurbergi kolm kaustikut\u00e4it memuaare \u00fcheskoos suguv\u00f5sa k\u00e4est kogutud fotodega.<\/span><br \/>\n<span style=\"font-family: georgia, palatino, serif; font-size: 12pt;\">Vilhelmine Kuurberg, neiuna P\u00e4rnam\u00e4e, varasemate allikate j\u00e4rgi Wilhelmine Marie Pernam\u00e4e, elas aastatel 1913-1988. Olles p\u00e4rit Vaivara vallast, Virumaalt, viis abielu ta Haljavasse, Harjumaale, kus saadi \u00f5nnelikult koos elada vaid v\u00e4hesed aastad. Seej\u00e4rel tuli okupatsioonide periood, v\u00e4ikese poja surm, abikaasa arreteerimine, kodu mahap\u00f5lemine ja l\u00f5puks ka k\u00fc\u00fcditamine koos kahe pisikese lapsega kaugele Siberisse, Krasnojarski Krai Minussinski rajooni Jenissei sovhoosi.<\/span><br \/>\n<span style=\"font-family: georgia, palatino, serif; font-size: 12pt;\">Ehkki l\u00f5puks hakkas seal elu laabuma, ihkas s\u00fcda tagasi kodumaale ning kui see v\u00f5imalikuks osutus, oli v\u00f5\u00f5ral maal oldud juba kaheksa aastat.<\/span><\/p>\n","protected":false},"excerpt":{"rendered":"<p>2018. aasta 9. aprillil ilmus meie kirjastuselt Vilhelmine Kuurberg \u201cMinu m\u00e4lestuste raamat\u201d. Raamat on A5 formaadis, k\u00f5vade kaantega ja selles on 256 lehek\u00fclge. Toimetas Heli Hallik. Lapselaps kirjutas: Soovisin kingitusena EV100 puhul k\u00f6ita terviklikuks tekstiks oma vanaema Vilhelmine Kuurbergi kolm kaustikut\u00e4it memuaare \u00fcheskoos suguv\u00f5sa k\u00e4est kogutud fotodega. Vilhelmine Kuurberg, neiuna P\u00e4rnam\u00e4e, varasemate allikate j\u00e4rgi Wilhelmine [&hellip;]<\/p>\n","protected":false},"featured_media":575,"comment_status":"open","ping_status":"closed","template":"","meta":[],"product_brand":[],"product_cat":[16,19],"product_tag":[],"class_list":{"0":"post-939","1":"product","2":"type-product","3":"status-publish","4":"has-post-thumbnail","6":"product_cat-elulugu","7":"product_cat-ilukirjandus","9":"first","10":"instock","11":"taxable","12":"shipping-taxable","13":"purchasable","14":"product-type-simple"},"_links":{"self":[{"href":"https:\/\/fil.ee\/uus\/wp-json\/wp\/v2\/product\/939","targetHints":{"allow":["GET"]}}],"collection":[{"href":"https:\/\/fil.ee\/uus\/wp-json\/wp\/v2\/product"}],"about":[{"href":"https:\/\/fil.ee\/uus\/wp-json\/wp\/v2\/types\/product"}],"replies":[{"embeddable":true,"href":"https:\/\/fil.ee\/uus\/wp-json\/wp\/v2\/comments?post=939"}],"wp:featuredmedia":[{"embeddable":true,"href":"https:\/\/fil.ee\/uus\/wp-json\/wp\/v2\/media\/575"}],"wp:attachment":[{"href":"https:\/\/fil.ee\/uus\/wp-json\/wp\/v2\/media?parent=939"}],"wp:term":[{"taxonomy":"product_brand","embeddable":true,"href":"https:\/\/fil.ee\/uus\/wp-json\/wp\/v2\/product_brand?post=939"},{"taxonomy":"product_cat","embeddable":true,"href":"https:\/\/fil.ee\/uus\/wp-json\/wp\/v2\/product_cat?post=939"},{"taxonomy":"product_tag","embeddable":true,"href":"https:\/\/fil.ee\/uus\/wp-json\/wp\/v2\/product_tag?post=939"}],"curies":[{"name":"wp","href":"https:\/\/api.w.org\/{rel}","templated":true}]}}