{"id":915,"date":"2019-07-29T14:11:30","date_gmt":"2019-07-29T11:11:30","guid":{"rendered":"http:\/\/fil.ee\/uus\/?post_type=product&#038;p=915"},"modified":"2025-09-20T04:43:49","modified_gmt":"2025-09-20T01:43:49","slug":"suveseiklustele-vastu","status":"publish","type":"product","link":"https:\/\/fil.ee\/uus\/toode\/suveseiklustele-vastu\/","title":{"rendered":"Suveseiklustele vastu"},"content":{"rendered":"<p style=\"text-align: justify;\">2019. aasta 29. juulil ilmus meie kirjastuselt uus luuleraamat lastele, Elfi Ait \u201cSuveseiklustele vastu\u201d. Raamatu m\u00f5\u00f5dud on 135\u00d7250 mm, raamatul on k\u00f5vad kaaned ning selles on 52 lehek\u00fclge. Toimetas Heli Hallik, kaaned kujundas Rita Mets ja k\u00fcljendas Vallo Hallik.<\/p>\n<p style=\"text-align: justify;\"><strong>Raamatu tutvustus:<br \/>\n<\/strong>Elfi Ait on loonud oma luulekogus \u201cSuveseiklustele vastu\u201d pildikesi t\u00f5eliselt \u00f5nnelikust ja muretust lapsep\u00f5lvest. V\u00e4ga hea r\u00fctmitunnetuse ja justkui m\u00e4ngleva kergusega riimuvad v\u00e4rsiread toovad lugeja silme ette erinevaid looduspilte, tunda v\u00f5ib lausa suve l\u00f5hnu ja kuulda linnulaulu ning aasal v\u00f5i rannas kilkavaid lapsi.<br \/>\nNeed luuletused on \u00e4\u00e4rmiselt positiivsed, neil on lausa teraapiline m\u00f5ju, tekitades r\u00f5\u00f5msa ja helge meeleolu. T\u00e4nap\u00e4eva laps (v\u00f5i ka lapsevanem) saab neid luuletusi lugedes kindlust, et peale n\u00e4rviliseks tegeva virtuaalmaailma on meie k\u00f5igi jaoks endiselt olemas ka t\u00f5eline ja loomulik maailm, kus elu kulgeb rahulikult, ilma v\u00f5itluse ja hirmuta. Need lihtsad ja kaunik\u00f5lalised luuletused v\u00f5iksidki juhatada teed sinna \u00f5nneliku lapsep\u00f5lve maale.<br \/>\nT\u00f5etruud meeleolu aitavad luulekogus luua ja ilmestada fotod autori perekonnaalbumist.<br \/>\nMargit Sarapik<\/p>\n","protected":false},"excerpt":{"rendered":"<p>2019. aasta 29. juulil ilmus meie kirjastuselt uus luuleraamat lastele, Elfi Ait \u201cSuveseiklustele vastu\u201d. Raamatu m\u00f5\u00f5dud on 135\u00d7250 mm, raamatul on k\u00f5vad kaaned ning selles on 52 lehek\u00fclge. Toimetas Heli Hallik, kaaned kujundas Rita Mets ja k\u00fcljendas Vallo Hallik. Raamatu tutvustus: Elfi Ait on loonud oma luulekogus \u201cSuveseiklustele vastu\u201d pildikesi t\u00f5eliselt \u00f5nnelikust ja muretust lapsep\u00f5lvest. [&hellip;]<\/p>\n","protected":false},"featured_media":912,"comment_status":"open","ping_status":"closed","template":"","meta":[],"product_brand":[],"product_cat":[22,23],"product_tag":[],"class_list":{"0":"post-915","1":"product","2":"type-product","3":"status-publish","4":"has-post-thumbnail","6":"product_cat-lastele","7":"product_cat-luule","9":"first","10":"instock","11":"sale","12":"taxable","13":"shipping-taxable","14":"purchasable","15":"product-type-simple"},"_links":{"self":[{"href":"https:\/\/fil.ee\/uus\/wp-json\/wp\/v2\/product\/915","targetHints":{"allow":["GET"]}}],"collection":[{"href":"https:\/\/fil.ee\/uus\/wp-json\/wp\/v2\/product"}],"about":[{"href":"https:\/\/fil.ee\/uus\/wp-json\/wp\/v2\/types\/product"}],"replies":[{"embeddable":true,"href":"https:\/\/fil.ee\/uus\/wp-json\/wp\/v2\/comments?post=915"}],"wp:featuredmedia":[{"embeddable":true,"href":"https:\/\/fil.ee\/uus\/wp-json\/wp\/v2\/media\/912"}],"wp:attachment":[{"href":"https:\/\/fil.ee\/uus\/wp-json\/wp\/v2\/media?parent=915"}],"wp:term":[{"taxonomy":"product_brand","embeddable":true,"href":"https:\/\/fil.ee\/uus\/wp-json\/wp\/v2\/product_brand?post=915"},{"taxonomy":"product_cat","embeddable":true,"href":"https:\/\/fil.ee\/uus\/wp-json\/wp\/v2\/product_cat?post=915"},{"taxonomy":"product_tag","embeddable":true,"href":"https:\/\/fil.ee\/uus\/wp-json\/wp\/v2\/product_tag?post=915"}],"curies":[{"name":"wp","href":"https:\/\/api.w.org\/{rel}","templated":true}]}}