{"id":910,"date":"2019-07-27T18:18:51","date_gmt":"2019-07-27T15:18:51","guid":{"rendered":"http:\/\/fil.ee\/uus\/?post_type=product&#038;p=910"},"modified":"2023-01-31T19:34:13","modified_gmt":"2023-01-31T17:34:13","slug":"petu-laheb-kooli","status":"publish","type":"product","link":"https:\/\/fil.ee\/uus\/toode\/petu-laheb-kooli\/","title":{"rendered":"Petu l\u00e4heb kooli"},"content":{"rendered":"<p style=\"text-align: justify;\"><span class=\"text_exposed_show\" style=\"font-family: 'trebuchet ms', geneva, sans-serif; font-size: 10pt;\">2018. aasta 17. oktoobril ilmus meie kirjastuselt uus lasteraamat, Margit Peterson \u201cPetu l\u00e4heb kooli\u201d. Raamatu formaat on A5, k\u00f5vade kaantega ning selles on 76 lehek\u00fclge. Toimetas Anneli Sihvart, illustratsioonide autor on Signe Lauk.<\/span><\/p>\n<p style=\"text-align: justify;\"><span class=\"text_exposed_show\" style=\"font-family: 'trebuchet ms', geneva, sans-serif; font-size: 10pt;\"><strong>Raamatu tutvustus:<\/strong><br \/>\nPetust on saanud koolilaps. N\u00e4dala sees saab tema teiseks koduks internaat, mis t\u00e4nap\u00e4eval kannab \u00f5pilaskodu nime. Petu otsib ikka ja aina p\u00f5hjuseid koju naasmiseks, sest internaat tekitab temas h\u00fcljatuse tunnet.<br \/>\nMida tunneb vabahingeline t\u00fcdruk, kui ta satub v\u00f5\u00f5rasse keskkonda? Mida tunneb v\u00e4ike t\u00fcdruk, kelle pere kolib ja k\u00f5ik algab algusest? Seda k\u00f5ike saate lugeda, kui avate selle, koolilastele lugemiseks kirjutatud raamatu. J\u00e4\u00e4ge ka j\u00e4rjeraamatut ootama, sest PETU elab endiselt teie s\u00fcdames ja enda elus.<\/span><\/p>\n","protected":false},"excerpt":{"rendered":"<p>2018. aasta 17. oktoobril ilmus meie kirjastuselt uus lasteraamat, Margit Peterson \u201cPetu l\u00e4heb kooli\u201d. Raamatu formaat on A5, k\u00f5vade kaantega ning selles on 76 lehek\u00fclge. Toimetas Anneli Sihvart, illustratsioonide autor on Signe Lauk. Raamatu tutvustus: Petust on saanud koolilaps. N\u00e4dala sees saab tema teiseks koduks internaat, mis t\u00e4nap\u00e4eval kannab \u00f5pilaskodu nime. Petu otsib ikka ja [&hellip;]<\/p>\n","protected":false},"featured_media":642,"comment_status":"open","ping_status":"closed","template":"","meta":[],"product_brand":[],"product_cat":[22],"product_tag":[],"class_list":{"0":"post-910","1":"product","2":"type-product","3":"status-publish","4":"has-post-thumbnail","6":"product_cat-lastele","8":"first","9":"instock","10":"taxable","11":"shipping-taxable","12":"purchasable","13":"product-type-simple"},"_links":{"self":[{"href":"https:\/\/fil.ee\/uus\/wp-json\/wp\/v2\/product\/910","targetHints":{"allow":["GET"]}}],"collection":[{"href":"https:\/\/fil.ee\/uus\/wp-json\/wp\/v2\/product"}],"about":[{"href":"https:\/\/fil.ee\/uus\/wp-json\/wp\/v2\/types\/product"}],"replies":[{"embeddable":true,"href":"https:\/\/fil.ee\/uus\/wp-json\/wp\/v2\/comments?post=910"}],"wp:featuredmedia":[{"embeddable":true,"href":"https:\/\/fil.ee\/uus\/wp-json\/wp\/v2\/media\/642"}],"wp:attachment":[{"href":"https:\/\/fil.ee\/uus\/wp-json\/wp\/v2\/media?parent=910"}],"wp:term":[{"taxonomy":"product_brand","embeddable":true,"href":"https:\/\/fil.ee\/uus\/wp-json\/wp\/v2\/product_brand?post=910"},{"taxonomy":"product_cat","embeddable":true,"href":"https:\/\/fil.ee\/uus\/wp-json\/wp\/v2\/product_cat?post=910"},{"taxonomy":"product_tag","embeddable":true,"href":"https:\/\/fil.ee\/uus\/wp-json\/wp\/v2\/product_tag?post=910"}],"curies":[{"name":"wp","href":"https:\/\/api.w.org\/{rel}","templated":true}]}}