{"id":814,"date":"2019-06-27T11:34:16","date_gmt":"2019-06-27T08:34:16","guid":{"rendered":"http:\/\/fil.ee\/uus\/?post_type=product&#038;p=814"},"modified":"2023-02-23T12:09:12","modified_gmt":"2023-02-23T10:09:12","slug":"sigalahedad-merioravad","status":"publish","type":"product","link":"https:\/\/fil.ee\/uus\/toode\/sigalahedad-merioravad\/","title":{"rendered":"Sigalahedad merioravad?"},"content":{"rendered":"<p style=\"text-align: justify;\">2019. aasta 27. juunil ilmus meie kirjastuselt uus lasteraamat, Kristina Ruder \u201cSigalahedad merioravad?\u201d. Raamatu m\u00f5\u00f5dud on 148\u00d7210 mm, raamatul on k\u00f5vad kaaned ning selles on 32 lehek\u00fcl<span class=\"text_exposed_show\">ge. Toimetas Irene \u00d5mblus, illustreeris Jana Valge, kaaned kujundas Rita Mets ja k\u00fcljendas Vallo Hallik.<\/span><\/p>\n<p style=\"text-align: justify;\"><span class=\"text_exposed_show\"><strong>Raamatu tutvustus:<\/strong><br \/>\nV\u00f5luv meremaailm, vahvad merioravad, armas merihobu ja ehmatav hai \u2013 need on osa kaasahaaravast seiklusest. Tegelasi, kes \u00fcllatavad ja meelde j\u00e4\u00e4vad, on teisigi.<br \/>\n\u201cSigalahedad merioravad?\u201d on t\u00f5eline maiuspala algklassilastele iseseisvaks lugemiseks. Samuti sobib see suurep\u00e4raselt v\u00e4iksematele lastele ettelugemiseks.<\/span><\/p>\n","protected":false},"excerpt":{"rendered":"<p>2019. aasta 27. juunil ilmus meie kirjastuselt uus lasteraamat, Kristina Ruder \u201cSigalahedad merioravad?\u201d. Raamatu m\u00f5\u00f5dud on 148\u00d7210 mm, raamatul on k\u00f5vad kaaned ning selles on 32 lehek\u00fclge. Toimetas Irene \u00d5mblus, illustreeris Jana Valge, kaaned kujundas Rita Mets ja k\u00fcljendas Vallo Hallik. Raamatu tutvustus: V\u00f5luv meremaailm, vahvad merioravad, armas merihobu ja ehmatav hai \u2013 need on [&hellip;]<\/p>\n","protected":false},"featured_media":811,"comment_status":"open","ping_status":"closed","template":"","meta":[],"product_brand":[],"product_cat":[286],"product_tag":[],"class_list":{"0":"post-814","1":"product","2":"type-product","3":"status-publish","4":"has-post-thumbnail","6":"product_cat-archive","8":"first","9":"outofstock","10":"taxable","11":"shipping-taxable","12":"product-type-simple"},"_links":{"self":[{"href":"https:\/\/fil.ee\/uus\/wp-json\/wp\/v2\/product\/814","targetHints":{"allow":["GET"]}}],"collection":[{"href":"https:\/\/fil.ee\/uus\/wp-json\/wp\/v2\/product"}],"about":[{"href":"https:\/\/fil.ee\/uus\/wp-json\/wp\/v2\/types\/product"}],"replies":[{"embeddable":true,"href":"https:\/\/fil.ee\/uus\/wp-json\/wp\/v2\/comments?post=814"}],"wp:featuredmedia":[{"embeddable":true,"href":"https:\/\/fil.ee\/uus\/wp-json\/wp\/v2\/media\/811"}],"wp:attachment":[{"href":"https:\/\/fil.ee\/uus\/wp-json\/wp\/v2\/media?parent=814"}],"wp:term":[{"taxonomy":"product_brand","embeddable":true,"href":"https:\/\/fil.ee\/uus\/wp-json\/wp\/v2\/product_brand?post=814"},{"taxonomy":"product_cat","embeddable":true,"href":"https:\/\/fil.ee\/uus\/wp-json\/wp\/v2\/product_cat?post=814"},{"taxonomy":"product_tag","embeddable":true,"href":"https:\/\/fil.ee\/uus\/wp-json\/wp\/v2\/product_tag?post=814"}],"curies":[{"name":"wp","href":"https:\/\/api.w.org\/{rel}","templated":true}]}}