{"id":810,"date":"2019-06-18T18:08:16","date_gmt":"2019-06-18T15:08:16","guid":{"rendered":"http:\/\/fil.ee\/uus\/?post_type=product&#038;p=810"},"modified":"2023-01-31T19:30:45","modified_gmt":"2023-01-31T17:30:45","slug":"lili-ja-rolle","status":"publish","type":"product","link":"https:\/\/fil.ee\/uus\/toode\/lili-ja-rolle\/","title":{"rendered":"Lili ja Rolle"},"content":{"rendered":"<p>2019. aasta 18. juunil ilmus meie kirjastuselt uus lasteraamat, Rita Mets &#8220;Lili ja Rolle&#8221;. Raamatu m\u00f5\u00f5dud on 170&#215;200 mm, raamatul on k\u00f5vad kaaned ning selles on 56 lehek\u00fclge. Toimetas Heli Hallik, illustreeris ja kujundas ja autor.<\/p>\n<p><strong>Raamatu tutvustus:<\/strong><br \/>\nLili ja Rolle on \u00f5de ja vend, kes saavad v\u00e4ga h\u00e4sti l\u00e4bi ja teevad k\u00f5ike koos. Igav ei hakka neil isegi mitte halva ilmaga. Kui ei viitsi parasjagu vihmajooksja olla, v\u00f5ib hoopiski merer\u00f6\u00f6vlite j\u00e4rele luurata. V\u00f5ib ka niisama m\u00f5telda v\u00f5i t\u00e4htsaid asju arutada. \u00dchel p\u00e4eval teatavad lapsed emale, et nad hakkavad t\u00e4iskasvanuks. Nad tahavad ise k\u00f5ige \u00fcle otsustada! Mida Lili ja Rolle ette v\u00f5tavad? Kuidas neil t\u00e4iskasvanuks olemine \u00f5nnestub?<br \/>\n\u00d5e-venna toredatest suvistest ettev\u00f5tmistest leiavad lustakat lugemist k\u00f5ik pereliikmed. Lisaks pakub kujunduslik lahendus ka otsimisr\u00f5\u00f5mu. Pildimullide asukoha leidmine suurelt pildilt v\u00f5ib pere pisematele anda tegevust pikemaks ajaks.<\/p>\n","protected":false},"excerpt":{"rendered":"<p>2019. aasta 18. juunil ilmus meie kirjastuselt uus lasteraamat, Rita Mets &#8220;Lili ja Rolle&#8221;. Raamatu m\u00f5\u00f5dud on 170&#215;200 mm, raamatul on k\u00f5vad kaaned ning selles on 56 lehek\u00fclge. Toimetas Heli Hallik, illustreeris ja kujundas ja autor. Raamatu tutvustus: Lili ja Rolle on \u00f5de ja vend, kes saavad v\u00e4ga h\u00e4sti l\u00e4bi ja teevad k\u00f5ike koos. Igav [&hellip;]<\/p>\n","protected":false},"featured_media":807,"comment_status":"open","ping_status":"closed","template":"","meta":[],"product_brand":[],"product_cat":[22],"product_tag":[],"class_list":{"0":"post-810","1":"product","2":"type-product","3":"status-publish","4":"has-post-thumbnail","6":"product_cat-lastele","8":"first","9":"instock","10":"taxable","11":"shipping-taxable","12":"purchasable","13":"product-type-simple"},"_links":{"self":[{"href":"https:\/\/fil.ee\/uus\/wp-json\/wp\/v2\/product\/810","targetHints":{"allow":["GET"]}}],"collection":[{"href":"https:\/\/fil.ee\/uus\/wp-json\/wp\/v2\/product"}],"about":[{"href":"https:\/\/fil.ee\/uus\/wp-json\/wp\/v2\/types\/product"}],"replies":[{"embeddable":true,"href":"https:\/\/fil.ee\/uus\/wp-json\/wp\/v2\/comments?post=810"}],"wp:featuredmedia":[{"embeddable":true,"href":"https:\/\/fil.ee\/uus\/wp-json\/wp\/v2\/media\/807"}],"wp:attachment":[{"href":"https:\/\/fil.ee\/uus\/wp-json\/wp\/v2\/media?parent=810"}],"wp:term":[{"taxonomy":"product_brand","embeddable":true,"href":"https:\/\/fil.ee\/uus\/wp-json\/wp\/v2\/product_brand?post=810"},{"taxonomy":"product_cat","embeddable":true,"href":"https:\/\/fil.ee\/uus\/wp-json\/wp\/v2\/product_cat?post=810"},{"taxonomy":"product_tag","embeddable":true,"href":"https:\/\/fil.ee\/uus\/wp-json\/wp\/v2\/product_tag?post=810"}],"curies":[{"name":"wp","href":"https:\/\/api.w.org\/{rel}","templated":true}]}}