{"id":784,"date":"2019-05-22T15:41:52","date_gmt":"2019-05-22T12:41:52","guid":{"rendered":"http:\/\/fil.ee\/uus\/?post_type=product&#038;p=784"},"modified":"2023-01-31T19:24:08","modified_gmt":"2023-01-31T17:24:08","slug":"elu-hapruses","status":"publish","type":"product","link":"https:\/\/fil.ee\/uus\/toode\/elu-hapruses\/","title":{"rendered":"Elu hapruses"},"content":{"rendered":"<p>2018. aasta 25. mail ilmus meie kirjastuselt Anne Kesk\u00fcla esimene luulekogu \u201cElu hapruses\u201d. Raamat on B6 formaadis, pehmete kaantega ja selles on 84 lehek\u00fclge. Kaaned kujundas Sigrid Kink, toimetas Heli Hallik.<\/p>\n<p><strong>Raamatu tutvustus:<br \/>\n<\/strong>K\u00e4esolev on 1962. a. Tartus s\u00fcndinud ja kasvanud Anne Kesk\u00fcla (neiuna Ilves) esimene luulekogu.<\/p>\n<p><strong>Hommik<\/strong><\/p>\n<div id=\"js_jtm\" class=\"_5pbx userContent _3576\" data-ft=\"{&quot;tn&quot;:&quot;K&quot;}\">\n<div id=\"id_5b20d979a4e048a00664797\" class=\"text_exposed_root text_exposed\">\n<div class=\"text_exposed_show\">\n<p>Pitsball, seal daamid valges,<br \/>\nneil saatjaiks h\u00e4rrad,<br \/>\nmustad frakid \u00fcll.<br \/>\nKarges talvehommikus<br \/>\npehmes lumepuhtes<br \/>\nk\u00f5rged pargipuud.<\/p>\n<p>H\u00f5beehtes saalis<br \/>\npidulik paraad.<br \/>\nKeeb avavalss<br \/>\nning keerdu tehes<br \/>\nhing k\u00fclmast<br \/>\nkinni j\u00e4\u00e4b.<\/p>\n<\/div>\n<\/div>\n<\/div>\n","protected":false},"excerpt":{"rendered":"<p>2018. aasta 25. mail ilmus meie kirjastuselt Anne Kesk\u00fcla esimene luulekogu \u201cElu hapruses\u201d. Raamat on B6 formaadis, pehmete kaantega ja selles on 84 lehek\u00fclge. Kaaned kujundas Sigrid Kink, toimetas Heli Hallik. Raamatu tutvustus: K\u00e4esolev on 1962. a. Tartus s\u00fcndinud ja kasvanud Anne Kesk\u00fcla (neiuna Ilves) esimene luulekogu. Hommik Pitsball, seal daamid valges, neil saatjaiks h\u00e4rrad, [&hellip;]<\/p>\n","protected":false},"featured_media":578,"comment_status":"open","ping_status":"closed","template":"","meta":[],"product_brand":[],"product_cat":[23],"product_tag":[],"class_list":{"0":"post-784","1":"product","2":"type-product","3":"status-publish","4":"has-post-thumbnail","6":"product_cat-luule","8":"first","9":"instock","10":"sale","11":"taxable","12":"shipping-taxable","13":"purchasable","14":"product-type-simple"},"_links":{"self":[{"href":"https:\/\/fil.ee\/uus\/wp-json\/wp\/v2\/product\/784","targetHints":{"allow":["GET"]}}],"collection":[{"href":"https:\/\/fil.ee\/uus\/wp-json\/wp\/v2\/product"}],"about":[{"href":"https:\/\/fil.ee\/uus\/wp-json\/wp\/v2\/types\/product"}],"replies":[{"embeddable":true,"href":"https:\/\/fil.ee\/uus\/wp-json\/wp\/v2\/comments?post=784"}],"wp:featuredmedia":[{"embeddable":true,"href":"https:\/\/fil.ee\/uus\/wp-json\/wp\/v2\/media\/578"}],"wp:attachment":[{"href":"https:\/\/fil.ee\/uus\/wp-json\/wp\/v2\/media?parent=784"}],"wp:term":[{"taxonomy":"product_brand","embeddable":true,"href":"https:\/\/fil.ee\/uus\/wp-json\/wp\/v2\/product_brand?post=784"},{"taxonomy":"product_cat","embeddable":true,"href":"https:\/\/fil.ee\/uus\/wp-json\/wp\/v2\/product_cat?post=784"},{"taxonomy":"product_tag","embeddable":true,"href":"https:\/\/fil.ee\/uus\/wp-json\/wp\/v2\/product_tag?post=784"}],"curies":[{"name":"wp","href":"https:\/\/api.w.org\/{rel}","templated":true}]}}