{"id":783,"date":"2019-05-15T14:29:10","date_gmt":"2019-05-15T11:29:10","guid":{"rendered":"http:\/\/fil.ee\/uus\/?post_type=product&#038;p=783"},"modified":"2023-02-23T12:09:55","modified_gmt":"2023-02-23T10:09:55","slug":"milly-ja-molly","status":"publish","type":"product","link":"https:\/\/fil.ee\/uus\/toode\/milly-ja-molly\/","title":{"rendered":"Milly ja Molly"},"content":{"rendered":"<p style=\"text-align: justify;\">2019. aasta 15. mail ilmus meie kirjastuselt uus raamat lastele, Kristina Ruder &#8220;Milly ja Molly&#8221;. Raamatu m\u00f5\u00f5dud on 210&#215;148 mm (landscape), raamatul on k\u00f5vad kaaned ning selles on 36 lehek<span class=\"text_exposed_show\">\u00fclge, tekst on kirjutatud tr\u00fckit\u00e4htedega. Toimetas Heli Hallik, illustreeris Jana Valge, kaaned kujundas ja k\u00fcljendas Vallo Hallik.<\/span><\/p>\n<p style=\"text-align: justify;\"><span class=\"text_exposed_show\"><strong>Raamatu tutvustus:<\/strong><br \/>\n&#8220;Milly ja Molly&#8221; on lugu kahest v\u00e4ikesest vallatust kassipojast. Raamat r\u00e4\u00e4gib armastusest, hoolivusest ja unistustest. Vahva lugu, mida pisemad pereliikmed huviga kuulama j\u00e4\u00e4vad ja neil, kel t\u00e4hed juba selgeks saanud, on tore ise lugeda. R\u00f5\u00f5mu on igal lehel nii loos kui pildis.<\/span><\/p>\n","protected":false},"excerpt":{"rendered":"<p>2019. aasta 15. mail ilmus meie kirjastuselt uus raamat lastele, Kristina Ruder &#8220;Milly ja Molly&#8221;. Raamatu m\u00f5\u00f5dud on 210&#215;148 mm (landscape), raamatul on k\u00f5vad kaaned ning selles on 36 lehek\u00fclge, tekst on kirjutatud tr\u00fckit\u00e4htedega. Toimetas Heli Hallik, illustreeris Jana Valge, kaaned kujundas ja k\u00fcljendas Vallo Hallik. Raamatu tutvustus: &#8220;Milly ja Molly&#8221; on lugu kahest v\u00e4ikesest [&hellip;]<\/p>\n","protected":false},"featured_media":780,"comment_status":"open","ping_status":"closed","template":"","meta":[],"product_brand":[],"product_cat":[286],"product_tag":[],"class_list":{"0":"post-783","1":"product","2":"type-product","3":"status-publish","4":"has-post-thumbnail","6":"product_cat-archive","8":"first","9":"outofstock","10":"taxable","11":"shipping-taxable","12":"product-type-simple"},"_links":{"self":[{"href":"https:\/\/fil.ee\/uus\/wp-json\/wp\/v2\/product\/783","targetHints":{"allow":["GET"]}}],"collection":[{"href":"https:\/\/fil.ee\/uus\/wp-json\/wp\/v2\/product"}],"about":[{"href":"https:\/\/fil.ee\/uus\/wp-json\/wp\/v2\/types\/product"}],"replies":[{"embeddable":true,"href":"https:\/\/fil.ee\/uus\/wp-json\/wp\/v2\/comments?post=783"}],"wp:featuredmedia":[{"embeddable":true,"href":"https:\/\/fil.ee\/uus\/wp-json\/wp\/v2\/media\/780"}],"wp:attachment":[{"href":"https:\/\/fil.ee\/uus\/wp-json\/wp\/v2\/media?parent=783"}],"wp:term":[{"taxonomy":"product_brand","embeddable":true,"href":"https:\/\/fil.ee\/uus\/wp-json\/wp\/v2\/product_brand?post=783"},{"taxonomy":"product_cat","embeddable":true,"href":"https:\/\/fil.ee\/uus\/wp-json\/wp\/v2\/product_cat?post=783"},{"taxonomy":"product_tag","embeddable":true,"href":"https:\/\/fil.ee\/uus\/wp-json\/wp\/v2\/product_tag?post=783"}],"curies":[{"name":"wp","href":"https:\/\/api.w.org\/{rel}","templated":true}]}}