{"id":779,"date":"2019-05-09T11:46:50","date_gmt":"2019-05-09T08:46:50","guid":{"rendered":"http:\/\/fil.ee\/uus\/?post_type=product&#038;p=779"},"modified":"2023-01-31T19:14:48","modified_gmt":"2023-01-31T17:14:48","slug":"valguses-ja-varjus","status":"publish","type":"product","link":"https:\/\/fil.ee\/uus\/toode\/valguses-ja-varjus\/","title":{"rendered":"Valguses ja varjus"},"content":{"rendered":"<p>2019. aasta 9. mail ilmus meie kirjastuselt uus luulekogu, Tarmo Omler &#8220;Valguses ja varjus&#8221;. Raamatu m\u00f5\u00f5dud on 148&#215;210 mm, raamatul on pehmed kaaned ning selles on 112 lehek\u00fclge. Kujundas<span class=\"text_exposed_show\">\u00a0Olavi P\u00f5llu.<\/span><\/p>\n<p><span class=\"text_exposed_show\"><strong>Raamatu tutvustus:<\/strong><br \/>\nHing l\u00e4ks omatahtsi uitama saates igast peatuskohast s\u00f5numi. Nendest s\u00f5numitest s\u00fcndis see raamat.<\/span><\/p>\n","protected":false},"excerpt":{"rendered":"<p>2019. aasta 9. mail ilmus meie kirjastuselt uus luulekogu, Tarmo Omler &#8220;Valguses ja varjus&#8221;. Raamatu m\u00f5\u00f5dud on 148&#215;210 mm, raamatul on pehmed kaaned ning selles on 112 lehek\u00fclge. Kujundas\u00a0Olavi P\u00f5llu. Raamatu tutvustus: Hing l\u00e4ks omatahtsi uitama saates igast peatuskohast s\u00f5numi. Nendest s\u00f5numitest s\u00fcndis see raamat.<\/p>\n","protected":false},"featured_media":777,"comment_status":"open","ping_status":"closed","template":"","meta":[],"product_brand":[],"product_cat":[23],"product_tag":[],"class_list":{"0":"post-779","1":"product","2":"type-product","3":"status-publish","4":"has-post-thumbnail","6":"product_cat-luule","8":"first","9":"instock","10":"sale","11":"taxable","12":"shipping-taxable","13":"purchasable","14":"product-type-simple"},"_links":{"self":[{"href":"https:\/\/fil.ee\/uus\/wp-json\/wp\/v2\/product\/779","targetHints":{"allow":["GET"]}}],"collection":[{"href":"https:\/\/fil.ee\/uus\/wp-json\/wp\/v2\/product"}],"about":[{"href":"https:\/\/fil.ee\/uus\/wp-json\/wp\/v2\/types\/product"}],"replies":[{"embeddable":true,"href":"https:\/\/fil.ee\/uus\/wp-json\/wp\/v2\/comments?post=779"}],"wp:featuredmedia":[{"embeddable":true,"href":"https:\/\/fil.ee\/uus\/wp-json\/wp\/v2\/media\/777"}],"wp:attachment":[{"href":"https:\/\/fil.ee\/uus\/wp-json\/wp\/v2\/media?parent=779"}],"wp:term":[{"taxonomy":"product_brand","embeddable":true,"href":"https:\/\/fil.ee\/uus\/wp-json\/wp\/v2\/product_brand?post=779"},{"taxonomy":"product_cat","embeddable":true,"href":"https:\/\/fil.ee\/uus\/wp-json\/wp\/v2\/product_cat?post=779"},{"taxonomy":"product_tag","embeddable":true,"href":"https:\/\/fil.ee\/uus\/wp-json\/wp\/v2\/product_tag?post=779"}],"curies":[{"name":"wp","href":"https:\/\/api.w.org\/{rel}","templated":true}]}}