{"id":776,"date":"2019-05-03T13:33:21","date_gmt":"2019-05-03T10:33:21","guid":{"rendered":"http:\/\/fil.ee\/uus\/?post_type=product&#038;p=776"},"modified":"2023-01-31T19:13:09","modified_gmt":"2023-01-31T17:13:09","slug":"nurjatust-rakapikust-tulnukateni-naidendid-lastele","status":"publish","type":"product","link":"https:\/\/fil.ee\/uus\/toode\/nurjatust-rakapikust-tulnukateni-naidendid-lastele\/","title":{"rendered":"Nurjatust R\u00e4kapikust tulnukateni. N\u00e4idendid lastele"},"content":{"rendered":"<p>2019. aasta 3. mail ilmus meie kirjastuselt uus n\u00e4idendite kogu, Krista Mustonen &#8220;Nurjatust R\u00e4kapikust tulnukateni. N\u00e4idendid lastele&#8221;. Raamatu m\u00f5\u00f5dud on 130&#215;200 mm, raamatul on k\u00f5vad kaaned ning selles on 244 lehek\u00fclge. Toimetas S. M. Rattiste, illustreeris Jana Valge, kaaned kujundas Irina Serjakova ja k\u00fcljendas Vallo Hallik.<\/p>\n<p><strong>Raamatu tutvustus:<\/strong><br \/>\nK\u00f5igile, kes armastavad teatrikunsti ja ei pea paljuks seda imelist maailma lastele tutvustada. N\u00e4idendikogumik on m\u00f5eldud 4\u201314aastastele lastele.<\/p>\n","protected":false},"excerpt":{"rendered":"<p>2019. aasta 3. mail ilmus meie kirjastuselt uus n\u00e4idendite kogu, Krista Mustonen &#8220;Nurjatust R\u00e4kapikust tulnukateni. N\u00e4idendid lastele&#8221;. Raamatu m\u00f5\u00f5dud on 130&#215;200 mm, raamatul on k\u00f5vad kaaned ning selles on 244 lehek\u00fclge. Toimetas S. M. Rattiste, illustreeris Jana Valge, kaaned kujundas Irina Serjakova ja k\u00fcljendas Vallo Hallik. Raamatu tutvustus: K\u00f5igile, kes armastavad teatrikunsti ja ei pea [&hellip;]<\/p>\n","protected":false},"featured_media":772,"comment_status":"open","ping_status":"closed","template":"","meta":[],"product_brand":[],"product_cat":[22,24],"product_tag":[],"class_list":{"0":"post-776","1":"product","2":"type-product","3":"status-publish","4":"has-post-thumbnail","6":"product_cat-lastele","7":"product_cat-naidend","9":"first","10":"outofstock","11":"taxable","12":"shipping-taxable","13":"purchasable","14":"product-type-simple"},"_links":{"self":[{"href":"https:\/\/fil.ee\/uus\/wp-json\/wp\/v2\/product\/776","targetHints":{"allow":["GET"]}}],"collection":[{"href":"https:\/\/fil.ee\/uus\/wp-json\/wp\/v2\/product"}],"about":[{"href":"https:\/\/fil.ee\/uus\/wp-json\/wp\/v2\/types\/product"}],"replies":[{"embeddable":true,"href":"https:\/\/fil.ee\/uus\/wp-json\/wp\/v2\/comments?post=776"}],"wp:featuredmedia":[{"embeddable":true,"href":"https:\/\/fil.ee\/uus\/wp-json\/wp\/v2\/media\/772"}],"wp:attachment":[{"href":"https:\/\/fil.ee\/uus\/wp-json\/wp\/v2\/media?parent=776"}],"wp:term":[{"taxonomy":"product_brand","embeddable":true,"href":"https:\/\/fil.ee\/uus\/wp-json\/wp\/v2\/product_brand?post=776"},{"taxonomy":"product_cat","embeddable":true,"href":"https:\/\/fil.ee\/uus\/wp-json\/wp\/v2\/product_cat?post=776"},{"taxonomy":"product_tag","embeddable":true,"href":"https:\/\/fil.ee\/uus\/wp-json\/wp\/v2\/product_tag?post=776"}],"curies":[{"name":"wp","href":"https:\/\/api.w.org\/{rel}","templated":true}]}}