{"id":766,"date":"2019-04-23T19:44:06","date_gmt":"2019-04-23T16:44:06","guid":{"rendered":"http:\/\/fil.ee\/uus\/?post_type=product&#038;p=766"},"modified":"2023-01-31T19:10:42","modified_gmt":"2023-01-31T17:10:42","slug":"paasterongas","status":"publish","type":"product","link":"https:\/\/fil.ee\/uus\/toode\/paasterongas\/","title":{"rendered":"P\u00e4\u00e4ster\u00f5ngas"},"content":{"rendered":"<div id=\"js_2q7\" class=\"_5pbx userContent _3576\" data-ft=\"{&quot;tn&quot;:&quot;K&quot;}\">\n<div id=\"id_5cbf3c6e08ccc4787012084\" class=\"text_exposed_root text_exposed\">\n<p>2019. aasta 23. aprillil ilmus meie kirjastuselt uus luulekogu, Laura-Grit &#8220;P\u00e4\u00e4ster\u00f5ngas&#8221;. Raamatu m\u00f5\u00f5dud on 125&#215;176 mm, raamatul on k\u00f5vad kaaned ning selles on 44 lehek\u00fclge. Visuaalne oma<span class=\"text_exposed_show\">p\u00e4ra on, et tekst pole mitte tavap\u00e4raselt must-valgel, vaid seekord valge mustal. Toimetas Irene \u00d5mblus, kaaned kujundas ja k\u00fcljendas Vallo Hallik.<\/span><\/p>\n<p><span class=\"text_exposed_show\"><strong>Raamatu tutvustus:<\/strong><br \/>\nRaamatust leiab luuletused, kuhu on peidetud nii kogetud r\u00f5\u00f5m, kurbus, valu kui ka m\u00f5tlemapanevad k\u00fcsimused. \u201cP\u00e4\u00e4ster\u00f5ngas\u201d on autori esikteos.<\/span><\/p>\n<\/div>\n<\/div>\n","protected":false},"excerpt":{"rendered":"<p>2019. aasta 23. aprillil ilmus meie kirjastuselt uus luulekogu, Laura-Grit &#8220;P\u00e4\u00e4ster\u00f5ngas&#8221;. Raamatu m\u00f5\u00f5dud on 125&#215;176 mm, raamatul on k\u00f5vad kaaned ning selles on 44 lehek\u00fclge. Visuaalne omap\u00e4ra on, et tekst pole mitte tavap\u00e4raselt must-valgel, vaid seekord valge mustal. Toimetas Irene \u00d5mblus, kaaned kujundas ja k\u00fcljendas Vallo Hallik. Raamatu tutvustus: Raamatust leiab luuletused, kuhu on peidetud [&hellip;]<\/p>\n","protected":false},"featured_media":761,"comment_status":"open","ping_status":"closed","template":"","meta":[],"product_brand":[],"product_cat":[23,288],"product_tag":[],"class_list":{"0":"post-766","1":"product","2":"type-product","3":"status-publish","4":"has-post-thumbnail","6":"product_cat-luule","7":"product_cat-noortele","9":"first","10":"instock","11":"taxable","12":"shipping-taxable","13":"purchasable","14":"product-type-simple"},"_links":{"self":[{"href":"https:\/\/fil.ee\/uus\/wp-json\/wp\/v2\/product\/766","targetHints":{"allow":["GET"]}}],"collection":[{"href":"https:\/\/fil.ee\/uus\/wp-json\/wp\/v2\/product"}],"about":[{"href":"https:\/\/fil.ee\/uus\/wp-json\/wp\/v2\/types\/product"}],"replies":[{"embeddable":true,"href":"https:\/\/fil.ee\/uus\/wp-json\/wp\/v2\/comments?post=766"}],"wp:featuredmedia":[{"embeddable":true,"href":"https:\/\/fil.ee\/uus\/wp-json\/wp\/v2\/media\/761"}],"wp:attachment":[{"href":"https:\/\/fil.ee\/uus\/wp-json\/wp\/v2\/media?parent=766"}],"wp:term":[{"taxonomy":"product_brand","embeddable":true,"href":"https:\/\/fil.ee\/uus\/wp-json\/wp\/v2\/product_brand?post=766"},{"taxonomy":"product_cat","embeddable":true,"href":"https:\/\/fil.ee\/uus\/wp-json\/wp\/v2\/product_cat?post=766"},{"taxonomy":"product_tag","embeddable":true,"href":"https:\/\/fil.ee\/uus\/wp-json\/wp\/v2\/product_tag?post=766"}],"curies":[{"name":"wp","href":"https:\/\/api.w.org\/{rel}","templated":true}]}}