{"id":765,"date":"2019-04-23T19:39:49","date_gmt":"2019-04-23T16:39:49","guid":{"rendered":"http:\/\/fil.ee\/uus\/?post_type=product&#038;p=765"},"modified":"2025-12-03T11:34:26","modified_gmt":"2025-12-03T09:34:26","slug":"naerusuu","status":"publish","type":"product","link":"https:\/\/fil.ee\/uus\/toode\/naerusuu\/","title":{"rendered":"Naerusuu"},"content":{"rendered":"<p style=\"text-align: justify;\">2019. aasta 23. aprillil ilmus meie kirjastuselt uus lasteraamat, Tiina-Maria Stenberg \u201cNaerusuu\u201d. Raamatu m\u00f5\u00f5dud on 247\u00d7204 mm, sellel on k\u00f5vad kaaned ning selles on 36 lehek\u00fclge. Toimetas Heli Hallik, illustreeris Jana Valge, kaaned kujundas ja k\u00fcljendas Vallo Hallik.<\/p>\n<p style=\"text-align: justify;\"><strong>Raamatu tutvustus:<\/strong><br \/>\nNende kaante vahel on vahvad luuletused lastele. Loomadest, lindudest ja laste lahedatest tegemistest.<\/p>\n","protected":false},"excerpt":{"rendered":"<p>2019. aasta 23. aprillil ilmus meie kirjastuselt uus lasteraamat, Tiina-Maria Stenberg \u201cNaerusuu\u201d. Raamatu m\u00f5\u00f5dud on 247\u00d7204 mm, sellel on k\u00f5vad kaaned ning selles on 36 lehek\u00fclge. Toimetas Heli Hallik, illustreeris Jana Valge, kaaned kujundas ja k\u00fcljendas Vallo Hallik. Raamatu tutvustus: Nende kaante vahel on vahvad luuletused lastele. Loomadest, lindudest ja laste lahedatest tegemistest.<\/p>\n","protected":false},"featured_media":757,"comment_status":"open","ping_status":"closed","template":"","meta":[],"product_brand":[],"product_cat":[22,23],"product_tag":[],"class_list":{"0":"post-765","1":"product","2":"type-product","3":"status-publish","4":"has-post-thumbnail","6":"product_cat-lastele","7":"product_cat-luule","9":"first","10":"instock","11":"sale","12":"taxable","13":"shipping-taxable","14":"purchasable","15":"product-type-simple"},"_links":{"self":[{"href":"https:\/\/fil.ee\/uus\/wp-json\/wp\/v2\/product\/765","targetHints":{"allow":["GET"]}}],"collection":[{"href":"https:\/\/fil.ee\/uus\/wp-json\/wp\/v2\/product"}],"about":[{"href":"https:\/\/fil.ee\/uus\/wp-json\/wp\/v2\/types\/product"}],"replies":[{"embeddable":true,"href":"https:\/\/fil.ee\/uus\/wp-json\/wp\/v2\/comments?post=765"}],"wp:featuredmedia":[{"embeddable":true,"href":"https:\/\/fil.ee\/uus\/wp-json\/wp\/v2\/media\/757"}],"wp:attachment":[{"href":"https:\/\/fil.ee\/uus\/wp-json\/wp\/v2\/media?parent=765"}],"wp:term":[{"taxonomy":"product_brand","embeddable":true,"href":"https:\/\/fil.ee\/uus\/wp-json\/wp\/v2\/product_brand?post=765"},{"taxonomy":"product_cat","embeddable":true,"href":"https:\/\/fil.ee\/uus\/wp-json\/wp\/v2\/product_cat?post=765"},{"taxonomy":"product_tag","embeddable":true,"href":"https:\/\/fil.ee\/uus\/wp-json\/wp\/v2\/product_tag?post=765"}],"curies":[{"name":"wp","href":"https:\/\/api.w.org\/{rel}","templated":true}]}}