{"id":748,"date":"2019-03-14T14:12:50","date_gmt":"2019-03-14T12:12:50","guid":{"rendered":"http:\/\/fil.ee\/uus\/?post_type=product&#038;p=748"},"modified":"2024-04-11T10:40:45","modified_gmt":"2024-04-11T07:40:45","slug":"oled-paremat-vaart","status":"publish","type":"product","link":"https:\/\/fil.ee\/uus\/toode\/oled-paremat-vaart\/","title":{"rendered":"Oled paremat v\u00e4\u00e4rt"},"content":{"rendered":"<p>2019. aasta 14. m\u00e4rtsil ilmus meie kirjastuselt uus raamat, Maria Lepmaa \u201cOled paremat v\u00e4\u00e4rt\u201d. Raamatu formaat on A5, see on k\u00f5vade kaantega ja selles on 128 lehek\u00fclge. Toimetas Irene \u00d5mblus, k\u00fcljendas ja kaaned kujundas Olavi P\u00f5llu.<\/p>\n<p><strong>Sisu tutvustus:<\/strong><br \/>\nKerstin on tugev isiksus, kes ihkab elada vabana ja v\u00f5tta elult, mis v\u00f5tta annab. Ta ei m\u00f5ista naisi, kes p\u00fchenduvad perele ja j\u00e4tavad oma elu elamata. Kerstin arvab, et elu on elamist v\u00e4\u00e4rt \u00fcksnes siis, kui saab teoks teha unistusi ja elada oma soovidele vastavalt. Ta ei usu, et unistusi on v\u00f5imalik teostada ka laste k\u00f5rvalt, kuna lapsed n\u00f5uavad tema arvates \u00fchelt naiselt liiga palju aega ja p\u00fchendumist. Elu\u00f5htul tagasi vaadates teeks Kerstin paljugi teisiti, kuid siis on juba hilja \u2026<\/p>\n<p>\u00a0<\/p>\n","protected":false},"excerpt":{"rendered":"<p>2019. aasta 14. m\u00e4rtsil ilmus meie kirjastuselt uus raamat, Maria Lepmaa \u201cOled paremat v\u00e4\u00e4rt\u201d. Raamatu formaat on A5, see on k\u00f5vade kaantega ja selles on 128 lehek\u00fclge. Toimetas Irene \u00d5mblus, k\u00fcljendas ja kaaned kujundas Olavi P\u00f5llu. Sisu tutvustus: Kerstin on tugev isiksus, kes ihkab elada vabana ja v\u00f5tta elult, mis v\u00f5tta annab. Ta ei m\u00f5ista [&hellip;]<\/p>\n","protected":false},"featured_media":745,"comment_status":"open","ping_status":"closed","template":"","meta":[],"product_brand":[],"product_cat":[286],"product_tag":[],"class_list":{"0":"post-748","1":"product","2":"type-product","3":"status-publish","4":"has-post-thumbnail","6":"product_cat-archive","8":"first","9":"outofstock","10":"taxable","11":"shipping-taxable","12":"product-type-simple"},"_links":{"self":[{"href":"https:\/\/fil.ee\/uus\/wp-json\/wp\/v2\/product\/748","targetHints":{"allow":["GET"]}}],"collection":[{"href":"https:\/\/fil.ee\/uus\/wp-json\/wp\/v2\/product"}],"about":[{"href":"https:\/\/fil.ee\/uus\/wp-json\/wp\/v2\/types\/product"}],"replies":[{"embeddable":true,"href":"https:\/\/fil.ee\/uus\/wp-json\/wp\/v2\/comments?post=748"}],"wp:featuredmedia":[{"embeddable":true,"href":"https:\/\/fil.ee\/uus\/wp-json\/wp\/v2\/media\/745"}],"wp:attachment":[{"href":"https:\/\/fil.ee\/uus\/wp-json\/wp\/v2\/media?parent=748"}],"wp:term":[{"taxonomy":"product_brand","embeddable":true,"href":"https:\/\/fil.ee\/uus\/wp-json\/wp\/v2\/product_brand?post=748"},{"taxonomy":"product_cat","embeddable":true,"href":"https:\/\/fil.ee\/uus\/wp-json\/wp\/v2\/product_cat?post=748"},{"taxonomy":"product_tag","embeddable":true,"href":"https:\/\/fil.ee\/uus\/wp-json\/wp\/v2\/product_tag?post=748"}],"curies":[{"name":"wp","href":"https:\/\/api.w.org\/{rel}","templated":true}]}}