{"id":742,"date":"2019-03-07T23:03:29","date_gmt":"2019-03-07T21:03:29","guid":{"rendered":"http:\/\/fil.ee\/uus\/?post_type=product&#038;p=742"},"modified":"2024-04-04T19:58:07","modified_gmt":"2024-04-04T16:58:07","slug":"koige-magusam-vili","status":"publish","type":"product","link":"https:\/\/fil.ee\/uus\/toode\/koige-magusam-vili\/","title":{"rendered":"K\u00f5ige magusam vili"},"content":{"rendered":"<p>2019. aasta 1. m\u00e4rtsil ilmus meie kirjastuselt uus raamat, Regina Jaakson \u201cK\u00f5ige magusam vili\u201d<span class=\"text_exposed_show\">. Raamatu m\u00f5\u00f5dud on 148\u00d7210 mm, sellel on pehmed kaaned ning selles on 240 lehek\u00fclge. Toimetas S. M. Rattiste, kaaned kujundas Sigrid Kink.<\/span><\/p>\n<p><span class=\"text_exposed_show\"><strong>Raamatu tutvustus:<\/strong><br \/>\nChris t\u00f5usis p\u00fcsti, et mulle d\u017eentelmenlikult toa uks lahti teha. Meie kehad sattusid hetkeks kohakuti, tema suu oli minu omast vaid sentimeetrite kaugusel. Minu hingamine kiirenes, keha l\u00e4bistas j\u00e4lle kerge v\u00e4rin, vaatasin mehele oma suurte, ilmselt nagu hirmunud hirvesilmadega otsa ning neelatasin.<br \/>\nChris silmitses mind oma kelmika naistemehe pilguga ning lausus heasoovlikult: \u201eIlusaid unen\u00e4gusid sulle, Lara! Loodan, et puhkad end homseks m\u00f5nusasti v\u00e4lja!\u201c<\/span><\/p>\n","protected":false},"excerpt":{"rendered":"<p>2019. aasta 1. m\u00e4rtsil ilmus meie kirjastuselt uus raamat, Regina Jaakson \u201cK\u00f5ige magusam vili\u201d. Raamatu m\u00f5\u00f5dud on 148\u00d7210 mm, sellel on pehmed kaaned ning selles on 240 lehek\u00fclge. Toimetas S. M. Rattiste, kaaned kujundas Sigrid Kink. Raamatu tutvustus: Chris t\u00f5usis p\u00fcsti, et mulle d\u017eentelmenlikult toa uks lahti teha. Meie kehad sattusid hetkeks kohakuti, tema suu [&hellip;]<\/p>\n","protected":false},"featured_media":738,"comment_status":"open","ping_status":"closed","template":"","meta":[],"product_brand":[],"product_cat":[286],"product_tag":[],"class_list":{"0":"post-742","1":"product","2":"type-product","3":"status-publish","4":"has-post-thumbnail","6":"product_cat-archive","8":"first","9":"outofstock","10":"taxable","11":"shipping-taxable","12":"product-type-simple"},"_links":{"self":[{"href":"https:\/\/fil.ee\/uus\/wp-json\/wp\/v2\/product\/742","targetHints":{"allow":["GET"]}}],"collection":[{"href":"https:\/\/fil.ee\/uus\/wp-json\/wp\/v2\/product"}],"about":[{"href":"https:\/\/fil.ee\/uus\/wp-json\/wp\/v2\/types\/product"}],"replies":[{"embeddable":true,"href":"https:\/\/fil.ee\/uus\/wp-json\/wp\/v2\/comments?post=742"}],"wp:featuredmedia":[{"embeddable":true,"href":"https:\/\/fil.ee\/uus\/wp-json\/wp\/v2\/media\/738"}],"wp:attachment":[{"href":"https:\/\/fil.ee\/uus\/wp-json\/wp\/v2\/media?parent=742"}],"wp:term":[{"taxonomy":"product_brand","embeddable":true,"href":"https:\/\/fil.ee\/uus\/wp-json\/wp\/v2\/product_brand?post=742"},{"taxonomy":"product_cat","embeddable":true,"href":"https:\/\/fil.ee\/uus\/wp-json\/wp\/v2\/product_cat?post=742"},{"taxonomy":"product_tag","embeddable":true,"href":"https:\/\/fil.ee\/uus\/wp-json\/wp\/v2\/product_tag?post=742"}],"curies":[{"name":"wp","href":"https:\/\/api.w.org\/{rel}","templated":true}]}}