{"id":728,"date":"2019-02-18T22:08:57","date_gmt":"2019-02-18T20:08:57","guid":{"rendered":"http:\/\/fil.ee\/uus\/?post_type=product&#038;p=728"},"modified":"2025-09-21T23:32:03","modified_gmt":"2025-09-21T20:32:03","slug":"lembelood","status":"publish","type":"product","link":"https:\/\/fil.ee\/uus\/toode\/lembelood\/","title":{"rendered":"Lembelood"},"content":{"rendered":"<p style=\"text-align: justify;\">2019. aasta 18. veebruaril ilmus meie kirjastuselt uus raamat, August September &#8220;Lembelood&#8221;. Raamat on mugavas taskuformaadis 120&#215;207 mm, mida on mugav n\u00e4iteks reisile kaasa v\u00f5tta, selle<span class=\"text_exposed_show\">l on pehmed kaaned ning selles on 104 lehek\u00fclge. Toimetas Irene \u00d5mblus, kaaned kujundas Sigrid Kink.<\/span><\/p>\n<p style=\"text-align: justify;\"><span class=\"text_exposed_show\"><strong>Raamatu tutvustus:<\/strong><br \/>\n\u201eLembelood\u201c sisaldab v\u00e4rsse ja proosat ning illustratsioone mitmelt autorilt. Nendega l\u00f5imub Niina Klaasi ballaad Saaremaa harrastusdendroloogist Mihkel Rannast. Peale Saaremaa, P\u00e4rnumaa, Tallinna ja Tartu aimub s\u00f5nades ning piltides teisigi kodumaa paiku ja inimesi. Juttu tuleb Pihkvamaast ja Karpaatidestki. K\u00f5igest ometi pealkirjas olevas v\u00f5tmes.<\/span><\/p>\n","protected":false},"excerpt":{"rendered":"<p>2019. aasta 18. veebruaril ilmus meie kirjastuselt uus raamat, August September &#8220;Lembelood&#8221;. Raamat on mugavas taskuformaadis 120&#215;207 mm, mida on mugav n\u00e4iteks reisile kaasa v\u00f5tta, sellel on pehmed kaaned ning selles on 104 lehek\u00fclge. Toimetas Irene \u00d5mblus, kaaned kujundas Sigrid Kink. Raamatu tutvustus: \u201eLembelood\u201c sisaldab v\u00e4rsse ja proosat ning illustratsioone mitmelt autorilt. Nendega l\u00f5imub Niina [&hellip;]<\/p>\n","protected":false},"featured_media":724,"comment_status":"open","ping_status":"closed","template":"","meta":[],"product_brand":[],"product_cat":[19,23],"product_tag":[],"class_list":{"0":"post-728","1":"product","2":"type-product","3":"status-publish","4":"has-post-thumbnail","6":"product_cat-ilukirjandus","7":"product_cat-luule","9":"first","10":"instock","11":"sale","12":"taxable","13":"shipping-taxable","14":"purchasable","15":"product-type-simple"},"_links":{"self":[{"href":"https:\/\/fil.ee\/uus\/wp-json\/wp\/v2\/product\/728","targetHints":{"allow":["GET"]}}],"collection":[{"href":"https:\/\/fil.ee\/uus\/wp-json\/wp\/v2\/product"}],"about":[{"href":"https:\/\/fil.ee\/uus\/wp-json\/wp\/v2\/types\/product"}],"replies":[{"embeddable":true,"href":"https:\/\/fil.ee\/uus\/wp-json\/wp\/v2\/comments?post=728"}],"wp:featuredmedia":[{"embeddable":true,"href":"https:\/\/fil.ee\/uus\/wp-json\/wp\/v2\/media\/724"}],"wp:attachment":[{"href":"https:\/\/fil.ee\/uus\/wp-json\/wp\/v2\/media?parent=728"}],"wp:term":[{"taxonomy":"product_brand","embeddable":true,"href":"https:\/\/fil.ee\/uus\/wp-json\/wp\/v2\/product_brand?post=728"},{"taxonomy":"product_cat","embeddable":true,"href":"https:\/\/fil.ee\/uus\/wp-json\/wp\/v2\/product_cat?post=728"},{"taxonomy":"product_tag","embeddable":true,"href":"https:\/\/fil.ee\/uus\/wp-json\/wp\/v2\/product_tag?post=728"}],"curies":[{"name":"wp","href":"https:\/\/api.w.org\/{rel}","templated":true}]}}