{"id":719,"date":"2019-02-18T14:37:38","date_gmt":"2019-02-18T12:37:38","guid":{"rendered":"http:\/\/fil.ee\/uus\/?post_type=product&#038;p=719"},"modified":"2023-01-31T18:57:39","modified_gmt":"2023-01-31T16:57:39","slug":"ulmadele-suletut-veel-puudutab","status":"publish","type":"product","link":"https:\/\/fil.ee\/uus\/toode\/ulmadele-suletut-veel-puudutab\/","title":{"rendered":"Ulmadele suletut veel puudutab"},"content":{"rendered":"<p style=\"text-align: justify;\">2019. aasta 18. veebruaril ilmus meie kirjastuselt uus luulekogu, Riina Einasto &#8220;Ulmadele suletut veel puudutab&#8221;. Raamatu m\u00f5\u00f5dud on 120&#215;174 mm, sellel on k\u00f5vad kaaned ning selles on 72 lehek\u00fclge. Toimetas Irene \u00d5mblus, kaaned kujundas Peeter Einasto.<\/p>\n<p style=\"text-align: justify;\"><strong>Raamatu tutvustus:<\/strong><br \/>\nRiina Einasto kolmas luuleraamat on j\u00f5uline ja kujundlik, lugejal on v\u00f5imalik tunnetada v\u00e4rvide maagilist maailma iga ihurakuga ning n\u00e4ha r\u00f5\u00f5msaid-romantilisi pilte silmade eest l\u00e4bi vilksatamas.<br \/>\n&#8230;<br \/>\nalles p\u00e4rast<br \/>\np\u00e4ikeseloojangut<br \/>\np\u00e4ikesej\u00e4rgne elu<br \/>\nmetsikult \u00e4raarvamatu<br \/>\nsurml\u00e4hedalt nauditav<br \/>\nsee on p\u00e4riselt<br \/>\njulgetele kulgejatele<br \/>\nv\u00f5tke need v\u00e4rvid<br \/>\nja ahmige t\u00f5elisust<\/p>\n","protected":false},"excerpt":{"rendered":"<p>2019. aasta 18. veebruaril ilmus meie kirjastuselt uus luulekogu, Riina Einasto &#8220;Ulmadele suletut veel puudutab&#8221;. Raamatu m\u00f5\u00f5dud on 120&#215;174 mm, sellel on k\u00f5vad kaaned ning selles on 72 lehek\u00fclge. Toimetas Irene \u00d5mblus, kaaned kujundas Peeter Einasto. Raamatu tutvustus: Riina Einasto kolmas luuleraamat on j\u00f5uline ja kujundlik, lugejal on v\u00f5imalik tunnetada v\u00e4rvide maagilist maailma iga ihurakuga [&hellip;]<\/p>\n","protected":false},"featured_media":718,"comment_status":"open","ping_status":"closed","template":"","meta":[],"product_brand":[],"product_cat":[23],"product_tag":[],"class_list":{"0":"post-719","1":"product","2":"type-product","3":"status-publish","4":"has-post-thumbnail","6":"product_cat-luule","8":"first","9":"instock","10":"taxable","11":"shipping-taxable","12":"purchasable","13":"product-type-simple"},"_links":{"self":[{"href":"https:\/\/fil.ee\/uus\/wp-json\/wp\/v2\/product\/719","targetHints":{"allow":["GET"]}}],"collection":[{"href":"https:\/\/fil.ee\/uus\/wp-json\/wp\/v2\/product"}],"about":[{"href":"https:\/\/fil.ee\/uus\/wp-json\/wp\/v2\/types\/product"}],"replies":[{"embeddable":true,"href":"https:\/\/fil.ee\/uus\/wp-json\/wp\/v2\/comments?post=719"}],"wp:featuredmedia":[{"embeddable":true,"href":"https:\/\/fil.ee\/uus\/wp-json\/wp\/v2\/media\/718"}],"wp:attachment":[{"href":"https:\/\/fil.ee\/uus\/wp-json\/wp\/v2\/media?parent=719"}],"wp:term":[{"taxonomy":"product_brand","embeddable":true,"href":"https:\/\/fil.ee\/uus\/wp-json\/wp\/v2\/product_brand?post=719"},{"taxonomy":"product_cat","embeddable":true,"href":"https:\/\/fil.ee\/uus\/wp-json\/wp\/v2\/product_cat?post=719"},{"taxonomy":"product_tag","embeddable":true,"href":"https:\/\/fil.ee\/uus\/wp-json\/wp\/v2\/product_tag?post=719"}],"curies":[{"name":"wp","href":"https:\/\/api.w.org\/{rel}","templated":true}]}}