{"id":665,"date":"2018-12-02T14:52:57","date_gmt":"2018-12-02T12:52:57","guid":{"rendered":"http:\/\/fil.ee\/uus\/?post_type=product&#038;p=665"},"modified":"2023-01-31T15:50:04","modified_gmt":"2023-01-31T13:50:04","slug":"varsid-mille-leiutas-aeg","status":"publish","type":"product","link":"https:\/\/fil.ee\/uus\/toode\/varsid-mille-leiutas-aeg\/","title":{"rendered":"V\u00e4rsid, mille leiutas aeg"},"content":{"rendered":"<p style=\"text-align: justify;\">2018. aasta 3. detsembril ilmus meie kirjastuselt uus luuleraamat, Margit Peterson &#8220;V\u00e4rsid, mille leiutas aeg&#8221;. Raamatu formaat on A5, s<span class=\"text_exposed_show\">ellel on pehmed kaanted ning selles on 88 lehek\u00fclge. Toimetas Irene \u00d5mblus, kaaned kujundas Rita Mets.<\/span><\/p>\n<p style=\"text-align: justify;\"><span class=\"text_exposed_show\"><strong>Raamatu tutvustus:<\/strong><br \/>\nM\u00f5ni inimene on ajas kinni, aga mina astun edasi. Astun sammhaaval, sest kiiret ei ole. Aega on.<br \/>\nAeg on ka see, mis leiutab ja loksutab asjad paika, olgu see v\u00f5i \u00fcletamatuna n\u00e4iv takistus \u2013 k\u00f5ik on m\u00f6\u00f6duv. Nagu elugi. Minu v\u00e4rsse leiutab aeg.<br \/>\nTeie Margit Peterson<\/span><\/p>\n","protected":false},"excerpt":{"rendered":"<p>2018. aasta 3. detsembril ilmus meie kirjastuselt uus luuleraamat, Margit Peterson &#8220;V\u00e4rsid, mille leiutas aeg&#8221;. Raamatu formaat on A5, sellel on pehmed kaanted ning selles on 88 lehek\u00fclge. Toimetas Irene \u00d5mblus, kaaned kujundas Rita Mets. Raamatu tutvustus: M\u00f5ni inimene on ajas kinni, aga mina astun edasi. Astun sammhaaval, sest kiiret ei ole. Aega on. Aeg [&hellip;]<\/p>\n","protected":false},"featured_media":657,"comment_status":"open","ping_status":"closed","template":"","meta":[],"product_brand":[],"product_cat":[23],"product_tag":[],"class_list":{"0":"post-665","1":"product","2":"type-product","3":"status-publish","4":"has-post-thumbnail","6":"product_cat-luule","8":"first","9":"instock","10":"taxable","11":"shipping-taxable","12":"purchasable","13":"product-type-simple"},"_links":{"self":[{"href":"https:\/\/fil.ee\/uus\/wp-json\/wp\/v2\/product\/665","targetHints":{"allow":["GET"]}}],"collection":[{"href":"https:\/\/fil.ee\/uus\/wp-json\/wp\/v2\/product"}],"about":[{"href":"https:\/\/fil.ee\/uus\/wp-json\/wp\/v2\/types\/product"}],"replies":[{"embeddable":true,"href":"https:\/\/fil.ee\/uus\/wp-json\/wp\/v2\/comments?post=665"}],"wp:featuredmedia":[{"embeddable":true,"href":"https:\/\/fil.ee\/uus\/wp-json\/wp\/v2\/media\/657"}],"wp:attachment":[{"href":"https:\/\/fil.ee\/uus\/wp-json\/wp\/v2\/media?parent=665"}],"wp:term":[{"taxonomy":"product_brand","embeddable":true,"href":"https:\/\/fil.ee\/uus\/wp-json\/wp\/v2\/product_brand?post=665"},{"taxonomy":"product_cat","embeddable":true,"href":"https:\/\/fil.ee\/uus\/wp-json\/wp\/v2\/product_cat?post=665"},{"taxonomy":"product_tag","embeddable":true,"href":"https:\/\/fil.ee\/uus\/wp-json\/wp\/v2\/product_tag?post=665"}],"curies":[{"name":"wp","href":"https:\/\/api.w.org\/{rel}","templated":true}]}}