{"id":632,"date":"2018-09-27T11:02:00","date_gmt":"2018-09-27T08:02:00","guid":{"rendered":"http:\/\/fil.ee\/uus\/?post_type=product&#038;p=632"},"modified":"2023-01-31T15:39:34","modified_gmt":"2023-01-31T13:39:34","slug":"loomarublikute-lood","status":"publish","type":"product","link":"https:\/\/fil.ee\/uus\/toode\/loomarublikute-lood\/","title":{"rendered":"Loomar\u00fcblikute lood"},"content":{"rendered":"<p style=\"text-align: justify;\">2018. aasta 26. septembril ilmus meie kirjastuselt kaks uut identse sisuga lasteraamatut, Irina Kuli\u0161 \u201c\u0417\u0432\u0435\u0440\u0438-\u043d\u0435\u043f\u043e\u0441\u0435\u0434\u044b\u201d vene keeles ja \u201cLoomar<span class=\"text_exposed_show\">\u00fcblikute lood\u201d eesti keeles. Raamatud on formaadis B5, k\u00f5vade kaantega ning neis on 24 lehek\u00fclge. Eestikeelse raamatu toimetas Vallo Hallik, kaaned kujundas Sigrid Kink.<\/span><\/p>\n<p><span class=\"text_exposed_show\"><strong>Raamatu tutvustus:<br \/>\n<\/strong><\/span>Oled sa kunagi m\u00f5telnud:<br \/>\nKas konnad oskavad luuletada?<br \/>\nKuidas p\u00e4\u00e4seda pelikani noka vahelt?<br \/>\nKas elevandid suudavad lennata?<br \/>\nMiks krokodillid nutavad?<br \/>\nMiks j\u00f5ehobud ei s\u00f6\u00f6 vetikaid?<br \/>\nVastuseid nendele k\u00fcsimustele leiad sellest raamatust.<\/p>\n","protected":false},"excerpt":{"rendered":"<p>2018. aasta 26. septembril ilmus meie kirjastuselt kaks uut identse sisuga lasteraamatut, Irina Kuli\u0161 \u201c\u0417\u0432\u0435\u0440\u0438-\u043d\u0435\u043f\u043e\u0441\u0435\u0434\u044b\u201d vene keeles ja \u201cLoomar\u00fcblikute lood\u201d eesti keeles. Raamatud on formaadis B5, k\u00f5vade kaantega ning neis on 24 lehek\u00fclge. Eestikeelse raamatu toimetas Vallo Hallik, kaaned kujundas Sigrid Kink. Raamatu tutvustus: Oled sa kunagi m\u00f5telnud: Kas konnad oskavad luuletada? Kuidas p\u00e4\u00e4seda pelikani [&hellip;]<\/p>\n","protected":false},"featured_media":627,"comment_status":"open","ping_status":"closed","template":"","meta":[],"product_brand":[],"product_cat":[22],"product_tag":[],"class_list":{"0":"post-632","1":"product","2":"type-product","3":"status-publish","4":"has-post-thumbnail","6":"product_cat-lastele","8":"first","9":"instock","10":"taxable","11":"shipping-taxable","12":"purchasable","13":"product-type-simple"},"_links":{"self":[{"href":"https:\/\/fil.ee\/uus\/wp-json\/wp\/v2\/product\/632","targetHints":{"allow":["GET"]}}],"collection":[{"href":"https:\/\/fil.ee\/uus\/wp-json\/wp\/v2\/product"}],"about":[{"href":"https:\/\/fil.ee\/uus\/wp-json\/wp\/v2\/types\/product"}],"replies":[{"embeddable":true,"href":"https:\/\/fil.ee\/uus\/wp-json\/wp\/v2\/comments?post=632"}],"wp:featuredmedia":[{"embeddable":true,"href":"https:\/\/fil.ee\/uus\/wp-json\/wp\/v2\/media\/627"}],"wp:attachment":[{"href":"https:\/\/fil.ee\/uus\/wp-json\/wp\/v2\/media?parent=632"}],"wp:term":[{"taxonomy":"product_brand","embeddable":true,"href":"https:\/\/fil.ee\/uus\/wp-json\/wp\/v2\/product_brand?post=632"},{"taxonomy":"product_cat","embeddable":true,"href":"https:\/\/fil.ee\/uus\/wp-json\/wp\/v2\/product_cat?post=632"},{"taxonomy":"product_tag","embeddable":true,"href":"https:\/\/fil.ee\/uus\/wp-json\/wp\/v2\/product_tag?post=632"}],"curies":[{"name":"wp","href":"https:\/\/api.w.org\/{rel}","templated":true}]}}