{"id":631,"date":"2018-09-27T11:00:59","date_gmt":"2018-09-27T08:00:59","guid":{"rendered":"http:\/\/fil.ee\/uus\/?post_type=product&#038;p=631"},"modified":"2023-01-31T15:38:59","modified_gmt":"2023-01-31T13:38:59","slug":"%d0%b7%d0%b2%d0%b5%d1%80%d0%b8-%d0%bd%d0%b5%d0%bf%d0%be%d1%81%d0%b5%d0%b4%d1%8b","status":"publish","type":"product","link":"https:\/\/fil.ee\/uus\/toode\/%d0%b7%d0%b2%d0%b5%d1%80%d0%b8-%d0%bd%d0%b5%d0%bf%d0%be%d1%81%d0%b5%d0%b4%d1%8b\/","title":{"rendered":"\u0417\u0432\u0435\u0440\u0438-\u043d\u0435\u043f\u043e\u0441\u0435\u0434\u044b"},"content":{"rendered":"<p style=\"text-align: justify;\">2018. aasta 26. septembril ilmus meie kirjastuselt kaks uut identse sisuga lasteraamatut, Irina Kuli\u0161 \u201c\u0417\u0432\u0435\u0440\u0438-\u043d\u0435\u043f\u043e\u0441\u0435\u0434\u044b\u201d vene keeles ja \u201cLoomar<span class=\"text_exposed_show\">\u00fcblikute lood\u201d eesti keeles. Raamatud on formaadis B5, k\u00f5vade kaantega ning neis on 24 lehek\u00fclge. Venekeelse raamatu toimetas ja t\u00f5lkis eesti keelde Heli Hallik, kaaned kujundas Sigrid Kink.<\/span><\/p>\n<p><span class=\"text_exposed_show\"><strong>Raamatu tutvustus:<br \/>\n<\/strong><\/span>\u041a\u0430\u043a \u0432\u044b \u0434\u0443\u043c\u0430\u0435\u0442\u0435, \u0443\u043c\u0435\u044e\u0442 \u043b\u0438 \u043b\u044f\u0433\u0443\u0448\u043a\u0438 \u043f\u0438\u0441\u0430\u0442\u044c \u0441\u0442\u0438\u0445\u0438?<br \/>\n\u0410 \u0437\u043d\u0430\u0435\u0442\u0435 \u043b\u0438 \u0432\u044b, \u043a\u0430\u043a \u0432\u044b\u0431\u0440\u0430\u0442\u044c\u0441\u044f \u0438\u0437 \u043a\u043b\u044e\u0432\u0430 \u043f\u0435\u043b\u0438\u043a\u0430\u043d\u0430?<br \/>\n\u0418 \u043c\u043e\u0433\u0443\u0442 \u043b\u0438 \u0441\u043b\u043e\u043d\u044b \u043b\u0435\u0442\u0430\u0442\u044c?<br \/>\n\u041e\u0447\u0435\u0433\u043e \u043f\u043b\u0430\u0447\u0443\u0442 \u043a\u0440\u043e\u043a\u043e\u0434\u0438\u043b\u044b?<br \/>\n\u041f\u043e\u0447\u0435\u043c\u0443 \u0431\u0435\u0433\u0435\u043c\u0440\u0442\u044b \u043d\u0435 \u0435\u0434\u044f\u0442 \u0432\u043e\u0434\u043e\u0440\u043e\u0441\u043b\u0438?<br \/>\n\u041e\u0442\u0432\u0435\u0442\u044b \u0432 \u044d\u0442\u043e\u0439 \u043a\u043d\u0438\u0436\u043a\u0435.<\/p>\n","protected":false},"excerpt":{"rendered":"<p>2018. aasta 26. septembril ilmus meie kirjastuselt kaks uut identse sisuga lasteraamatut, Irina Kuli\u0161 \u201c\u0417\u0432\u0435\u0440\u0438-\u043d\u0435\u043f\u043e\u0441\u0435\u0434\u044b\u201d vene keeles ja \u201cLoomar\u00fcblikute lood\u201d eesti keeles. Raamatud on formaadis B5, k\u00f5vade kaantega ning neis on 24 lehek\u00fclge. Venekeelse raamatu toimetas ja t\u00f5lkis eesti keelde Heli Hallik, kaaned kujundas Sigrid Kink. Raamatu tutvustus: \u041a\u0430\u043a \u0432\u044b \u0434\u0443\u043c\u0430\u0435\u0442\u0435, \u0443\u043c\u0435\u044e\u0442 \u043b\u0438 \u043b\u044f\u0433\u0443\u0448\u043a\u0438 \u043f\u0438\u0441\u0430\u0442\u044c [&hellip;]<\/p>\n","protected":false},"featured_media":626,"comment_status":"open","ping_status":"closed","template":"","meta":[],"product_brand":[],"product_cat":[22,289],"product_tag":[],"class_list":{"0":"post-631","1":"product","2":"type-product","3":"status-publish","4":"has-post-thumbnail","6":"product_cat-lastele","7":"product_cat-vene-keeles","9":"first","10":"instock","11":"taxable","12":"shipping-taxable","13":"purchasable","14":"product-type-simple"},"_links":{"self":[{"href":"https:\/\/fil.ee\/uus\/wp-json\/wp\/v2\/product\/631","targetHints":{"allow":["GET"]}}],"collection":[{"href":"https:\/\/fil.ee\/uus\/wp-json\/wp\/v2\/product"}],"about":[{"href":"https:\/\/fil.ee\/uus\/wp-json\/wp\/v2\/types\/product"}],"replies":[{"embeddable":true,"href":"https:\/\/fil.ee\/uus\/wp-json\/wp\/v2\/comments?post=631"}],"wp:featuredmedia":[{"embeddable":true,"href":"https:\/\/fil.ee\/uus\/wp-json\/wp\/v2\/media\/626"}],"wp:attachment":[{"href":"https:\/\/fil.ee\/uus\/wp-json\/wp\/v2\/media?parent=631"}],"wp:term":[{"taxonomy":"product_brand","embeddable":true,"href":"https:\/\/fil.ee\/uus\/wp-json\/wp\/v2\/product_brand?post=631"},{"taxonomy":"product_cat","embeddable":true,"href":"https:\/\/fil.ee\/uus\/wp-json\/wp\/v2\/product_cat?post=631"},{"taxonomy":"product_tag","embeddable":true,"href":"https:\/\/fil.ee\/uus\/wp-json\/wp\/v2\/product_tag?post=631"}],"curies":[{"name":"wp","href":"https:\/\/api.w.org\/{rel}","templated":true}]}}