{"id":603,"date":"2018-08-27T14:37:56","date_gmt":"2018-08-27T11:37:56","guid":{"rendered":"http:\/\/fil.ee\/uus\/?post_type=product&#038;p=603"},"modified":"2023-02-23T12:22:18","modified_gmt":"2023-02-23T10:22:18","slug":"minu-nimi-on","status":"publish","type":"product","link":"https:\/\/fil.ee\/uus\/toode\/minu-nimi-on\/","title":{"rendered":"Minu nimi on&#8230;"},"content":{"rendered":"<p style=\"text-align: justify;\">2018. aasta 15. augustil ilmus meie kirjastuselt uus lasteraamat Kristina Ruder &#8220;Minu nimi on &#8230;&#8221;. Raamat on A5 formaadis, k\u00f5vade <span class=\"text_exposed_show\">kaantega ning selles on 36 lehek\u00fclge. Toimetas Heli Hallik, illustreeris Jana Valge.<\/span><\/p>\n<p style=\"text-align: justify;\"><span class=\"text_exposed_show\"><span style=\"font-size: 14pt;\"><strong>Raamatu tutvustus:<\/strong><\/span><br \/>\nPealtn\u00e4ha on k\u00f5ik inimesed ilusad ja head. See aga, mis toimub nende m\u00f5tetes, ei ole alati silmaga k\u00f5igile n\u00e4htav, et seda ennetada.<br \/>\nKuidas k\u00fcll ja miks sellised lood juhtuvad?<br \/>\nMona oli soovinud peatust, kuna m\u00e4rkas nurmenukke ja soovis neid kohe kindlasti korjata, emal ei olnud t\u00fctrekese lillearmastuse vastu midagi. Nurmenukud aga ununesid kohe, sest kinniseotud koerakese vaevuhingavat keha avastades sai ainsaks m\u00f5tteks vaid p\u00e4\u00e4sta elu, koerakese elu.<\/span><\/p>\n","protected":false},"excerpt":{"rendered":"<p>2018. aasta 15. augustil ilmus meie kirjastuselt uus lasteraamat Kristina Ruder &#8220;Minu nimi on &#8230;&#8221;. Raamat on A5 formaadis, k\u00f5vade kaantega ning selles on 36 lehek\u00fclge. Toimetas Heli Hallik, illustreeris Jana Valge. Raamatu tutvustus: Pealtn\u00e4ha on k\u00f5ik inimesed ilusad ja head. See aga, mis toimub nende m\u00f5tetes, ei ole alati silmaga k\u00f5igile n\u00e4htav, et seda [&hellip;]<\/p>\n","protected":false},"featured_media":601,"comment_status":"open","ping_status":"closed","template":"","meta":[],"product_brand":[],"product_cat":[286],"product_tag":[],"class_list":{"0":"post-603","1":"product","2":"type-product","3":"status-publish","4":"has-post-thumbnail","6":"product_cat-archive","8":"first","9":"outofstock","10":"taxable","11":"shipping-taxable","12":"product-type-simple"},"_links":{"self":[{"href":"https:\/\/fil.ee\/uus\/wp-json\/wp\/v2\/product\/603","targetHints":{"allow":["GET"]}}],"collection":[{"href":"https:\/\/fil.ee\/uus\/wp-json\/wp\/v2\/product"}],"about":[{"href":"https:\/\/fil.ee\/uus\/wp-json\/wp\/v2\/types\/product"}],"replies":[{"embeddable":true,"href":"https:\/\/fil.ee\/uus\/wp-json\/wp\/v2\/comments?post=603"}],"wp:featuredmedia":[{"embeddable":true,"href":"https:\/\/fil.ee\/uus\/wp-json\/wp\/v2\/media\/601"}],"wp:attachment":[{"href":"https:\/\/fil.ee\/uus\/wp-json\/wp\/v2\/media?parent=603"}],"wp:term":[{"taxonomy":"product_brand","embeddable":true,"href":"https:\/\/fil.ee\/uus\/wp-json\/wp\/v2\/product_brand?post=603"},{"taxonomy":"product_cat","embeddable":true,"href":"https:\/\/fil.ee\/uus\/wp-json\/wp\/v2\/product_cat?post=603"},{"taxonomy":"product_tag","embeddable":true,"href":"https:\/\/fil.ee\/uus\/wp-json\/wp\/v2\/product_tag?post=603"}],"curies":[{"name":"wp","href":"https:\/\/api.w.org\/{rel}","templated":true}]}}