{"id":599,"date":"2018-08-27T14:32:35","date_gmt":"2018-08-27T11:32:35","guid":{"rendered":"http:\/\/fil.ee\/uus\/?post_type=product&#038;p=599"},"modified":"2023-01-31T15:09:50","modified_gmt":"2023-01-31T13:09:50","slug":"armeenia-ja-gruusia","status":"publish","type":"product","link":"https:\/\/fil.ee\/uus\/toode\/armeenia-ja-gruusia\/","title":{"rendered":"Armeenia ja Gruusia"},"content":{"rendered":"<p style=\"text-align: justify;\">2018. aasta 20. juunil ilmus meie kirjastuselt juba seitsmes teos sarjast &#8220;S\u00f5itsin &#8230;&#8221;. Vaike Silmato raamat &#8220;Armeenia ja Gruusia&#8221;. Raamat on A5 formaadis, k\u00f5vade kaantega ning selles on 84 lehek\u00fclge. Toimetas Heli Hallik, illustreeris Jana Valge, kaaned kujundas Sigrid Kink.<\/p>\n<p style=\"text-align: justify;\"><span class=\"text_exposed_show\"><strong>L\u00fchikokkuv\u00f5te:<br \/>\n<\/strong>Pikaaegsete kogemustega giid jagab oma reisim\u00e4lestusi Armeeniasse ja Gruusiasse nii turisti kui giidina. Nende kaante vahelt v\u00f5ib leida rohkelt huvitavaid fakte ja l\u00f5busaid juhtumisi.<\/span><\/p>\n","protected":false},"excerpt":{"rendered":"<p>2018. aasta 20. juunil ilmus meie kirjastuselt juba seitsmes teos sarjast &#8220;S\u00f5itsin &#8230;&#8221;. Vaike Silmato raamat &#8220;Armeenia ja Gruusia&#8221;. Raamat on A5 formaadis, k\u00f5vade kaantega ning selles on 84 lehek\u00fclge. Toimetas Heli Hallik, illustreeris Jana Valge, kaaned kujundas Sigrid Kink. L\u00fchikokkuv\u00f5te: Pikaaegsete kogemustega giid jagab oma reisim\u00e4lestusi Armeeniasse ja Gruusiasse nii turisti kui giidina. Nende [&hellip;]<\/p>\n","protected":false},"featured_media":596,"comment_status":"open","ping_status":"closed","template":"","meta":[],"product_brand":[],"product_cat":[19,25],"product_tag":[],"class_list":{"0":"post-599","1":"product","2":"type-product","3":"status-publish","4":"has-post-thumbnail","6":"product_cat-ilukirjandus","7":"product_cat-reisikirjeldused","9":"first","10":"instock","11":"taxable","12":"shipping-taxable","13":"purchasable","14":"product-type-simple"},"_links":{"self":[{"href":"https:\/\/fil.ee\/uus\/wp-json\/wp\/v2\/product\/599","targetHints":{"allow":["GET"]}}],"collection":[{"href":"https:\/\/fil.ee\/uus\/wp-json\/wp\/v2\/product"}],"about":[{"href":"https:\/\/fil.ee\/uus\/wp-json\/wp\/v2\/types\/product"}],"replies":[{"embeddable":true,"href":"https:\/\/fil.ee\/uus\/wp-json\/wp\/v2\/comments?post=599"}],"wp:featuredmedia":[{"embeddable":true,"href":"https:\/\/fil.ee\/uus\/wp-json\/wp\/v2\/media\/596"}],"wp:attachment":[{"href":"https:\/\/fil.ee\/uus\/wp-json\/wp\/v2\/media?parent=599"}],"wp:term":[{"taxonomy":"product_brand","embeddable":true,"href":"https:\/\/fil.ee\/uus\/wp-json\/wp\/v2\/product_brand?post=599"},{"taxonomy":"product_cat","embeddable":true,"href":"https:\/\/fil.ee\/uus\/wp-json\/wp\/v2\/product_cat?post=599"},{"taxonomy":"product_tag","embeddable":true,"href":"https:\/\/fil.ee\/uus\/wp-json\/wp\/v2\/product_tag?post=599"}],"curies":[{"name":"wp","href":"https:\/\/api.w.org\/{rel}","templated":true}]}}