{"id":594,"date":"2018-08-27T14:21:13","date_gmt":"2018-08-27T11:21:13","guid":{"rendered":"http:\/\/fil.ee\/uus\/?post_type=product&#038;p=594"},"modified":"2023-02-23T12:22:47","modified_gmt":"2023-02-23T10:22:47","slug":"meie-kula-ja-muud-lood","status":"publish","type":"product","link":"https:\/\/fil.ee\/uus\/toode\/meie-kula-ja-muud-lood\/","title":{"rendered":"Meie k\u00fcla ja muud lood"},"content":{"rendered":"<p style=\"text-align: justify;\">2018. aasta 12. aprillil ilmus meie kirjastuselt teos Alari Papa Janson \u201cMeie k\u00fcla ja muud lood\u201d. Raamat on A5 formaadis, k\u00f5vade kaantega ja selles on 104 lehek\u00fclge. Toimetas Heli Hallik.<\/p>\n<p style=\"text-align: justify;\"><strong>L\u00fchikokkuv\u00f5te:<br \/>\n<\/strong>Nendel lugudel on p\u00f5hjus, sest ilma selleta poleks ma neid kirjutama hakanud: ju olen liiga laisk, et kedagi kopeerida. Ja ilmselgelt on need lood osa minust, kas l\u00f5busast, nukrast v\u00f5i hoopis ajuvabast, sest mitte keegi teine ei saa m\u00f5elda t\u00e4pselt nii nagu mina seda teen. Me oleme k\u00f5ik unikaalsed oma m\u00f5tetes isegi siis, kui m\u00f5ni seltskond proovib neid mingitesse raamidesse suruda ja moodustada siis partei. Aga see on juba j\u00e4rgmine lugu \u2026<\/p>\n","protected":false},"excerpt":{"rendered":"<p>2018. aasta 12. aprillil ilmus meie kirjastuselt teos Alari Papa Janson \u201cMeie k\u00fcla ja muud lood\u201d. Raamat on A5 formaadis, k\u00f5vade kaantega ja selles on 104 lehek\u00fclge. Toimetas Heli Hallik. L\u00fchikokkuv\u00f5te: Nendel lugudel on p\u00f5hjus, sest ilma selleta poleks ma neid kirjutama hakanud: ju olen liiga laisk, et kedagi kopeerida. Ja ilmselgelt on need lood [&hellip;]<\/p>\n","protected":false},"featured_media":591,"comment_status":"open","ping_status":"closed","template":"","meta":[],"product_brand":[],"product_cat":[286],"product_tag":[],"class_list":{"0":"post-594","1":"product","2":"type-product","3":"status-publish","4":"has-post-thumbnail","6":"product_cat-archive","8":"first","9":"outofstock","10":"taxable","11":"shipping-taxable","12":"product-type-simple"},"_links":{"self":[{"href":"https:\/\/fil.ee\/uus\/wp-json\/wp\/v2\/product\/594","targetHints":{"allow":["GET"]}}],"collection":[{"href":"https:\/\/fil.ee\/uus\/wp-json\/wp\/v2\/product"}],"about":[{"href":"https:\/\/fil.ee\/uus\/wp-json\/wp\/v2\/types\/product"}],"replies":[{"embeddable":true,"href":"https:\/\/fil.ee\/uus\/wp-json\/wp\/v2\/comments?post=594"}],"wp:featuredmedia":[{"embeddable":true,"href":"https:\/\/fil.ee\/uus\/wp-json\/wp\/v2\/media\/591"}],"wp:attachment":[{"href":"https:\/\/fil.ee\/uus\/wp-json\/wp\/v2\/media?parent=594"}],"wp:term":[{"taxonomy":"product_brand","embeddable":true,"href":"https:\/\/fil.ee\/uus\/wp-json\/wp\/v2\/product_brand?post=594"},{"taxonomy":"product_cat","embeddable":true,"href":"https:\/\/fil.ee\/uus\/wp-json\/wp\/v2\/product_cat?post=594"},{"taxonomy":"product_tag","embeddable":true,"href":"https:\/\/fil.ee\/uus\/wp-json\/wp\/v2\/product_tag?post=594"}],"curies":[{"name":"wp","href":"https:\/\/api.w.org\/{rel}","templated":true}]}}