{"id":557,"date":"2018-03-09T15:20:48","date_gmt":"2018-03-09T13:20:48","guid":{"rendered":"http:\/\/fil.ee\/uus\/?post_type=product&#038;p=557"},"modified":"2024-12-16T09:20:09","modified_gmt":"2024-12-16T07:20:09","slug":"koige-pikem-teekond","status":"publish","type":"product","link":"https:\/\/fil.ee\/uus\/toode\/koige-pikem-teekond\/","title":{"rendered":"K\u00f5ige pikem teekond"},"content":{"rendered":"<p style=\"text-align: justify;\">2018. aasta <span class=\"text_exposed_show\">2. m\u00e4rtsil ilmus meie kirjastuselt reisikirjelduste raamat Tauno J\u00fcrgenstein &#8220;K\u00f5ige pikem teekond&#8221;. Raamat on A5 formaadis, k\u00f5vade kaantega ja selles on 360 lehek\u00fclge. Kaaned kujundas Sigrid Kink ja raamatu toimetas Heli Hallik.<\/span><\/p>\n<p><strong>L\u00fchikokkuv\u00f5te:<\/strong><br \/>\nSee raamat ei ole iga\u00fchele. Siit ei leia p\u00fc\u00fcdlikult poliitkorrektset ega \u00fchiskonna peavooluarvamustesse passivat ninnu-n\u00e4nnutamist. Siit leiab, t\u00f5si, vaid \u00fche reisikirjelduse, aga see pole tavaline turismireis.<br \/>\nSee on r\u00e4nnak \u00fcheaegselt nii geograafilistel kui mentaal- ja hingemaastikel. Siin on olulised nii teekond, kui kuhugi j\u00f5udmine. Viimane seisneb aga eelk\u00f5ige transformatsioonis, mille poole p\u00fc\u00fceldakse vaid selleks, et veel enam olla kohal ja nautida teekonna j\u00e4tkumist.<br \/>\nOlge valmis, et siin kirjeldatu l\u00e4heb risti teie t\u00f5ekspidamistega. Kompab teie taluvuspiire. Muidugi mitte k\u00f5ikjal ja k\u00f5iges, aga kui see juhtub, tasub endalt k\u00fcsida: on see raamat ikka minu jaoks? Kui seda ei juhtu v\u00f5i on teie vastus jaatav, v\u00f5ite end \u00f5nnitleda \u00fcle keskmise avatud meele ja suurema teadlikkuse puhul. Just sellisel juhul on lootust, et raamat on teile huvitav ja ehk t\u00e4idab m\u00f5ne lugeja puhul selle kirjapanemise eesm\u00e4rgi \u2013 inspireerib j\u00e4rgima oma hinge kutset.<\/p>\n","protected":false},"excerpt":{"rendered":"<p>2018. aasta 2. m\u00e4rtsil ilmus meie kirjastuselt reisikirjelduste raamat Tauno J\u00fcrgenstein &#8220;K\u00f5ige pikem teekond&#8221;. Raamat on A5 formaadis, k\u00f5vade kaantega ja selles on 360 lehek\u00fclge. Kaaned kujundas Sigrid Kink ja raamatu toimetas Heli Hallik. L\u00fchikokkuv\u00f5te: See raamat ei ole iga\u00fchele. Siit ei leia p\u00fc\u00fcdlikult poliitkorrektset ega \u00fchiskonna peavooluarvamustesse passivat ninnu-n\u00e4nnutamist. Siit leiab, t\u00f5si, vaid \u00fche [&hellip;]<\/p>\n","protected":false},"featured_media":555,"comment_status":"open","ping_status":"closed","template":"","meta":[],"product_brand":[],"product_cat":[286],"product_tag":[],"class_list":{"0":"post-557","1":"product","2":"type-product","3":"status-publish","4":"has-post-thumbnail","6":"product_cat-archive","8":"first","9":"outofstock","10":"taxable","11":"shipping-taxable","12":"product-type-simple"},"_links":{"self":[{"href":"https:\/\/fil.ee\/uus\/wp-json\/wp\/v2\/product\/557","targetHints":{"allow":["GET"]}}],"collection":[{"href":"https:\/\/fil.ee\/uus\/wp-json\/wp\/v2\/product"}],"about":[{"href":"https:\/\/fil.ee\/uus\/wp-json\/wp\/v2\/types\/product"}],"replies":[{"embeddable":true,"href":"https:\/\/fil.ee\/uus\/wp-json\/wp\/v2\/comments?post=557"}],"wp:featuredmedia":[{"embeddable":true,"href":"https:\/\/fil.ee\/uus\/wp-json\/wp\/v2\/media\/555"}],"wp:attachment":[{"href":"https:\/\/fil.ee\/uus\/wp-json\/wp\/v2\/media?parent=557"}],"wp:term":[{"taxonomy":"product_brand","embeddable":true,"href":"https:\/\/fil.ee\/uus\/wp-json\/wp\/v2\/product_brand?post=557"},{"taxonomy":"product_cat","embeddable":true,"href":"https:\/\/fil.ee\/uus\/wp-json\/wp\/v2\/product_cat?post=557"},{"taxonomy":"product_tag","embeddable":true,"href":"https:\/\/fil.ee\/uus\/wp-json\/wp\/v2\/product_tag?post=557"}],"curies":[{"name":"wp","href":"https:\/\/api.w.org\/{rel}","templated":true}]}}