{"id":524,"date":"2018-02-08T14:03:07","date_gmt":"2018-02-08T12:03:07","guid":{"rendered":"http:\/\/fil.ee\/uus\/?post_type=product&#038;p=524"},"modified":"2023-02-23T12:24:08","modified_gmt":"2023-02-23T10:24:08","slug":"mehe-lohn","status":"publish","type":"product","link":"https:\/\/fil.ee\/uus\/toode\/mehe-lohn\/","title":{"rendered":"Mehe l\u00f5hn"},"content":{"rendered":"<p style=\"text-align: justify;\">2018. aasta 7. veebruaril ilmus meie kirjastuselt Silja Vaheri kuues raamat \u201cMehe l\u00f5hn\u201d. Raamat on A5 formaadis, pehmete kaantega ja selles on 136 lehek\u00fclge. Kaaned kujundas Jana Kupits ja raamatu toimetas Krista Roose.<\/p>\n<p style=\"text-align: justify;\"><strong>Raamatu tutvustus:<\/strong><\/p>\n<p style=\"text-align: justify;\">N\u00fc\u00fcd on autor kirjutanud kriminaal-romaanide vahele ka \u00fche naisteka loo. Ausalt \u2013 seekord ei leia te \u00fchtegi laipa \u2013 aga ka armastus v\u00f5ib vahel lausa tappev olla.<br \/>\nKui raamatu peategelane Anita armub Villemisse, ei oska ta uneski ette n\u00e4ha, et satub liiderliku ja v\u00e4givaldse \u00f5nneotsija k\u00fc\u00fcsi. Peale mitmeid aastaid v\u00e4\u00e4rkohtlemise all kannatamist, leiab naine endas j\u00f5udu mees maha j\u00e4tta ja oma eluga edasi minna. Ta kolib linnast \u00e4ra maale, et seal oma lapsed \u00fcles kasvatada. Ometi ei j\u00e4ta ka n\u00fc\u00fcd Villem naist rahule, kuni Anita ellu tuleb teine mees. Mees kolme n\u00e4oga. Mees nagu Figaro.<\/p>\n","protected":false},"excerpt":{"rendered":"<p>2018. aasta 7. veebruaril ilmus meie kirjastuselt Silja Vaheri kuues raamat \u201cMehe l\u00f5hn\u201d. Raamat on A5 formaadis, pehmete kaantega ja selles on 136 lehek\u00fclge. Kaaned kujundas Jana Kupits ja raamatu toimetas Krista Roose. Raamatu tutvustus: N\u00fc\u00fcd on autor kirjutanud kriminaal-romaanide vahele ka \u00fche naisteka loo. Ausalt \u2013 seekord ei leia te \u00fchtegi laipa \u2013 aga [&hellip;]<\/p>\n","protected":false},"featured_media":522,"comment_status":"open","ping_status":"closed","template":"","meta":[],"product_brand":[],"product_cat":[286],"product_tag":[],"class_list":{"0":"post-524","1":"product","2":"type-product","3":"status-publish","4":"has-post-thumbnail","6":"product_cat-archive","8":"first","9":"outofstock","10":"taxable","11":"shipping-taxable","12":"product-type-simple"},"_links":{"self":[{"href":"https:\/\/fil.ee\/uus\/wp-json\/wp\/v2\/product\/524","targetHints":{"allow":["GET"]}}],"collection":[{"href":"https:\/\/fil.ee\/uus\/wp-json\/wp\/v2\/product"}],"about":[{"href":"https:\/\/fil.ee\/uus\/wp-json\/wp\/v2\/types\/product"}],"replies":[{"embeddable":true,"href":"https:\/\/fil.ee\/uus\/wp-json\/wp\/v2\/comments?post=524"}],"wp:featuredmedia":[{"embeddable":true,"href":"https:\/\/fil.ee\/uus\/wp-json\/wp\/v2\/media\/522"}],"wp:attachment":[{"href":"https:\/\/fil.ee\/uus\/wp-json\/wp\/v2\/media?parent=524"}],"wp:term":[{"taxonomy":"product_brand","embeddable":true,"href":"https:\/\/fil.ee\/uus\/wp-json\/wp\/v2\/product_brand?post=524"},{"taxonomy":"product_cat","embeddable":true,"href":"https:\/\/fil.ee\/uus\/wp-json\/wp\/v2\/product_cat?post=524"},{"taxonomy":"product_tag","embeddable":true,"href":"https:\/\/fil.ee\/uus\/wp-json\/wp\/v2\/product_tag?post=524"}],"curies":[{"name":"wp","href":"https:\/\/api.w.org\/{rel}","templated":true}]}}