{"id":512,"date":"2018-01-05T13:02:44","date_gmt":"2018-01-05T11:02:44","guid":{"rendered":"http:\/\/fil.ee\/uus\/?post_type=product&#038;p=512"},"modified":"2023-02-23T12:24:36","modified_gmt":"2023-02-23T10:24:36","slug":"reetmise-room","status":"publish","type":"product","link":"https:\/\/fil.ee\/uus\/toode\/reetmise-room\/","title":{"rendered":"Reetmise r\u00f5\u00f5m"},"content":{"rendered":"<p style=\"text-align: justify;\">2017. aasta 15 . detsembril ilmus meie kirjastuselt autori Heido S\u00f5na esimene raamat \u201cReetmise r\u00f5\u00f5m\u201d. Raamat on A5 formaadis, pehmete kaantega ja selles on 92 lehek\u00fclge. Kaaned kujundas Sigrid Kink, illustratsionid tegi Jana Kupits ja raamatu toimetas Heli Hallik.<\/p>\n<p style=\"text-align: justify;\"><strong>Raamatu tutvustus:<br \/>\n<\/strong>Armastus on imeline. Eriti siis, kui koged seda noore ja uljana. V\u00f5i samas, vahet pole. Ka siis, kui keskeakriis suuremate jamadeta \u00fcle elatud ja Viagra valuvaigistitega v\u00f5rdv\u00e4\u00e4rselt sinu \u00f6\u00f6kapi sahtlis redutab, on ootamatult ellu saabuv suur armastus kui s\u00f5\u00f5m v\u00e4rsket \u00f5hku.<br \/>\nOmetigi kipub kirega kaasnema ka palju armukadedust, viha, reetmist ning l\u00f5putut draamat. Henri ellu t\u00f5i suur armastus naise, kelle k\u00e4itumist ei oleks ta osanud ilmaski ette aimata. Saladused, intriigid, minevikum\u00e4lestused, Tinder ja tantra, n\u00f5iad ja armujoogid, must maagia ja salakaval \u00e4mm. Reetmist ja uskumatut petmist. Ent ometigi oli see k\u00f5ik siiski suur armastuslugu.<br \/>\nKahe hingesugulase teineteise leidmise lugu.<\/p>\n","protected":false},"excerpt":{"rendered":"<p>2017. aasta 15 . detsembril ilmus meie kirjastuselt autori Heido S\u00f5na esimene raamat \u201cReetmise r\u00f5\u00f5m\u201d. Raamat on A5 formaadis, pehmete kaantega ja selles on 92 lehek\u00fclge. Kaaned kujundas Sigrid Kink, illustratsionid tegi Jana Kupits ja raamatu toimetas Heli Hallik. Raamatu tutvustus: Armastus on imeline. Eriti siis, kui koged seda noore ja uljana. V\u00f5i samas, vahet [&hellip;]<\/p>\n","protected":false},"featured_media":498,"comment_status":"open","ping_status":"closed","template":"","meta":[],"product_brand":[],"product_cat":[286],"product_tag":[],"class_list":{"0":"post-512","1":"product","2":"type-product","3":"status-publish","4":"has-post-thumbnail","6":"product_cat-archive","8":"first","9":"outofstock","10":"taxable","11":"shipping-taxable","12":"product-type-simple"},"_links":{"self":[{"href":"https:\/\/fil.ee\/uus\/wp-json\/wp\/v2\/product\/512","targetHints":{"allow":["GET"]}}],"collection":[{"href":"https:\/\/fil.ee\/uus\/wp-json\/wp\/v2\/product"}],"about":[{"href":"https:\/\/fil.ee\/uus\/wp-json\/wp\/v2\/types\/product"}],"replies":[{"embeddable":true,"href":"https:\/\/fil.ee\/uus\/wp-json\/wp\/v2\/comments?post=512"}],"wp:featuredmedia":[{"embeddable":true,"href":"https:\/\/fil.ee\/uus\/wp-json\/wp\/v2\/media\/498"}],"wp:attachment":[{"href":"https:\/\/fil.ee\/uus\/wp-json\/wp\/v2\/media?parent=512"}],"wp:term":[{"taxonomy":"product_brand","embeddable":true,"href":"https:\/\/fil.ee\/uus\/wp-json\/wp\/v2\/product_brand?post=512"},{"taxonomy":"product_cat","embeddable":true,"href":"https:\/\/fil.ee\/uus\/wp-json\/wp\/v2\/product_cat?post=512"},{"taxonomy":"product_tag","embeddable":true,"href":"https:\/\/fil.ee\/uus\/wp-json\/wp\/v2\/product_tag?post=512"}],"curies":[{"name":"wp","href":"https:\/\/api.w.org\/{rel}","templated":true}]}}