{"id":510,"date":"2018-01-05T12:59:09","date_gmt":"2018-01-05T10:59:09","guid":{"rendered":"http:\/\/fil.ee\/uus\/?post_type=product&#038;p=510"},"modified":"2023-03-16T16:43:39","modified_gmt":"2023-03-16T14:43:39","slug":"passist-reispassini","status":"publish","type":"product","link":"https:\/\/fil.ee\/uus\/toode\/passist-reispassini\/","title":{"rendered":"Passist reispassini"},"content":{"rendered":"<p style=\"text-align: justify;\">2017. aasta 7 . detsembril ilmus meie kirjastuselt esimene reisinippide k\u00e4siraamat \u201cPassist reispassini\u201d, mille autor on Annika L\u00f5hmus. Raamat on B6 formaadis, pehmete kaantega ja selles on 260 lehek\u00fclge. Kaaned kujundas Sigrid Kink ja raamatu toimetas S. M. Rattiste.<\/p>\n<p style=\"text-align: justify;\"><strong>Raamatu tutvustus:<br \/>\n<\/strong>\u201ePassist reispassini\u201c on reisinippide k\u00e4siraamat nn tsiviliseeritud tavareisijale, kes pigem s\u00f5idab lennukiga, peatub hotellis v\u00f5i \u00fc\u00fcrikorteris, \u0161oppab hea meelega ning tutvub vaatamisv\u00e4\u00e4rsustega, linnakaart n\u00e4pus. Siit leiab nii asjalikke n\u00e4pun\u00e4iteid kui absurdseid lugusid elust enesest. Raamat sobib igale reisilembesele inimesele n\u00f5uandjaks ja meelelahutajaks.<\/p>\n","protected":false},"excerpt":{"rendered":"<p>2017. aasta 7 . detsembril ilmus meie kirjastuselt esimene reisinippide k\u00e4siraamat \u201cPassist reispassini\u201d, mille autor on Annika L\u00f5hmus. Raamat on B6 formaadis, pehmete kaantega ja selles on 260 lehek\u00fclge. Kaaned kujundas Sigrid Kink ja raamatu toimetas S. M. Rattiste. Raamatu tutvustus: \u201ePassist reispassini\u201c on reisinippide k\u00e4siraamat nn tsiviliseeritud tavareisijale, kes pigem s\u00f5idab lennukiga, peatub hotellis [&hellip;]<\/p>\n","protected":false},"featured_media":496,"comment_status":"open","ping_status":"closed","template":"","meta":[],"product_brand":[],"product_cat":[18,19,284],"product_tag":[],"class_list":{"0":"post-510","1":"product","2":"type-product","3":"status-publish","4":"has-post-thumbnail","6":"product_cat-huumor","7":"product_cat-ilukirjandus","8":"product_cat-kasiraamat","10":"first","11":"instock","12":"sale","13":"taxable","14":"shipping-taxable","15":"purchasable","16":"product-type-simple"},"_links":{"self":[{"href":"https:\/\/fil.ee\/uus\/wp-json\/wp\/v2\/product\/510","targetHints":{"allow":["GET"]}}],"collection":[{"href":"https:\/\/fil.ee\/uus\/wp-json\/wp\/v2\/product"}],"about":[{"href":"https:\/\/fil.ee\/uus\/wp-json\/wp\/v2\/types\/product"}],"replies":[{"embeddable":true,"href":"https:\/\/fil.ee\/uus\/wp-json\/wp\/v2\/comments?post=510"}],"wp:featuredmedia":[{"embeddable":true,"href":"https:\/\/fil.ee\/uus\/wp-json\/wp\/v2\/media\/496"}],"wp:attachment":[{"href":"https:\/\/fil.ee\/uus\/wp-json\/wp\/v2\/media?parent=510"}],"wp:term":[{"taxonomy":"product_brand","embeddable":true,"href":"https:\/\/fil.ee\/uus\/wp-json\/wp\/v2\/product_brand?post=510"},{"taxonomy":"product_cat","embeddable":true,"href":"https:\/\/fil.ee\/uus\/wp-json\/wp\/v2\/product_cat?post=510"},{"taxonomy":"product_tag","embeddable":true,"href":"https:\/\/fil.ee\/uus\/wp-json\/wp\/v2\/product_tag?post=510"}],"curies":[{"name":"wp","href":"https:\/\/api.w.org\/{rel}","templated":true}]}}