{"id":509,"date":"2018-01-05T12:51:21","date_gmt":"2018-01-05T10:51:21","guid":{"rendered":"http:\/\/fil.ee\/uus\/?post_type=product&#038;p=509"},"modified":"2023-01-31T05:57:32","modified_gmt":"2023-01-31T03:57:32","slug":"igatsus-valguse-poole-on-elu-kask","status":"publish","type":"product","link":"https:\/\/fil.ee\/uus\/toode\/igatsus-valguse-poole-on-elu-kask\/","title":{"rendered":"Igatsus valguse poole on elu k\u00e4sk"},"content":{"rendered":"<p style=\"text-align: justify;\">2017. aasta 2. detsembril ilmus meie kirjastuselt autori Marlene Leopard esimene luulekogu \u201cIgatsus valguse poole on elu k\u00e4sk\u201d. Raamat on A5 formaadis, k\u00f5vade kaantega ja selles on 64 lehek\u00fclge. Raamatu vahel on CD audioraamatuna. Kaaned kujundas Sigrid Kink ja illustratsioonid joonistas Annika Lainela.<\/p>\n<p style=\"text-align: justify;\"><strong>Raamatu tutvustus:<br \/>\n<\/strong>Olen Marlene Leopard. Olen luuletusi kirjutanud alates 10ndast eluaastast. Selles kogumikus on kokku kogutud luuletused aastatest 1997-2017, mis on v\u00e4ga eriilmelised. Luuletusi kirjutan mind puudutavatel teemadel (usk, muusika, naiselikkus, patriotism, loodus, kevad, m\u00fcstika, inglid, lapsed), aga ka mind inspireerinud inimeste\/luuletajate m\u00f5jul (Marie Under, Uku Masing, Wimberg). Siinkohal tahaksingi t\u00e4nada oma kooliaegset kirjanduse \u00f5petajat Maire Raiestet, kes aitas leida teed luule- ja kirjanduse maailma, oma muusika- ja kirjandusehuvilisi vanemaid ning oma peret.<br \/>\nCD peal loevad luuletusi (lisaks minule) minu juhendatava L\u00f5una-Eesti Pimedate \u00dchingu lauluansambli liikmed Jelena Kudrja\u0161ova ning Inge Vallandi, kes on samuti v\u00e4ga palju minu silmi avanud seoses n\u00e4gemispuude ning pimedusega ning kuna \u00fchingul on oma raadios\u00f5lm, siis sealt olen t\u00e4nu Jelenale saanud t\u00f5uke oma luuletused salvestada, et nad j\u00f5uaksid v\u00f5imalikult paljudeni.<\/p>\n","protected":false},"excerpt":{"rendered":"<p>2017. aasta 2. detsembril ilmus meie kirjastuselt autori Marlene Leopard esimene luulekogu \u201cIgatsus valguse poole on elu k\u00e4sk\u201d. Raamat on A5 formaadis, k\u00f5vade kaantega ja selles on 64 lehek\u00fclge. Raamatu vahel on CD audioraamatuna. Kaaned kujundas Sigrid Kink ja illustratsioonid joonistas Annika Lainela. Raamatu tutvustus: Olen Marlene Leopard. Olen luuletusi kirjutanud alates 10ndast eluaastast. Selles [&hellip;]<\/p>\n","protected":false},"featured_media":495,"comment_status":"open","ping_status":"closed","template":"","meta":[],"product_brand":[],"product_cat":[283,23],"product_tag":[],"class_list":{"0":"post-509","1":"product","2":"type-product","3":"status-publish","4":"has-post-thumbnail","6":"product_cat-cd","7":"product_cat-luule","9":"first","10":"instock","11":"taxable","12":"shipping-taxable","13":"purchasable","14":"product-type-simple"},"_links":{"self":[{"href":"https:\/\/fil.ee\/uus\/wp-json\/wp\/v2\/product\/509","targetHints":{"allow":["GET"]}}],"collection":[{"href":"https:\/\/fil.ee\/uus\/wp-json\/wp\/v2\/product"}],"about":[{"href":"https:\/\/fil.ee\/uus\/wp-json\/wp\/v2\/types\/product"}],"replies":[{"embeddable":true,"href":"https:\/\/fil.ee\/uus\/wp-json\/wp\/v2\/comments?post=509"}],"wp:featuredmedia":[{"embeddable":true,"href":"https:\/\/fil.ee\/uus\/wp-json\/wp\/v2\/media\/495"}],"wp:attachment":[{"href":"https:\/\/fil.ee\/uus\/wp-json\/wp\/v2\/media?parent=509"}],"wp:term":[{"taxonomy":"product_brand","embeddable":true,"href":"https:\/\/fil.ee\/uus\/wp-json\/wp\/v2\/product_brand?post=509"},{"taxonomy":"product_cat","embeddable":true,"href":"https:\/\/fil.ee\/uus\/wp-json\/wp\/v2\/product_cat?post=509"},{"taxonomy":"product_tag","embeddable":true,"href":"https:\/\/fil.ee\/uus\/wp-json\/wp\/v2\/product_tag?post=509"}],"curies":[{"name":"wp","href":"https:\/\/api.w.org\/{rel}","templated":true}]}}