{"id":507,"date":"2018-01-05T12:47:10","date_gmt":"2018-01-05T10:47:10","guid":{"rendered":"http:\/\/fil.ee\/uus\/?post_type=product&#038;p=507"},"modified":"2023-01-31T05:53:16","modified_gmt":"2023-01-31T03:53:16","slug":"liigne-voi-liigutav","status":"publish","type":"product","link":"https:\/\/fil.ee\/uus\/toode\/liigne-voi-liigutav\/","title":{"rendered":"Liigne v\u00f5i liigutav"},"content":{"rendered":"<p style=\"text-align: justify;\">2017. aasta 18. novembril ilmus meie kirjastuselt v\u00e4ga s\u00fcgavm\u00f5tteline luuleraamat \u201cLiigne v\u00f5i ligutav\u201d, mille autor on Jaan Kivistik. Raamat on m\u00f5\u00f5tudega 120x207mm, pehmete kaantega ning selles on 76 lehek\u00fclge. Raamatu illustreeris ja kujundas Kadri Vilu.<\/p>\n<p style=\"text-align: justify;\"><strong>Raamatu tutvustus:<br \/>\n<\/strong>Elutark ja s\u00fcdamlik kogum t\u00e4helepanekuid ja meenutusi, loodus- ja juhuluulet, v\u00e4rsivormi k\u00e4tketud t\u00f5ekspidamisi. K\u00fcllap j\u00f5uab ka \u201eLiigne luule\u201c oma lugejateni \u2013 raamatu s\u00f5num on ju mitte liigne, vaid pigem liigutav.<\/p>\n<p>Parimat,<br \/>\nDoris Kareva<br \/>\n29.03.2017<\/p>\n","protected":false},"excerpt":{"rendered":"<p>2017. aasta 18. novembril ilmus meie kirjastuselt v\u00e4ga s\u00fcgavm\u00f5tteline luuleraamat \u201cLiigne v\u00f5i ligutav\u201d, mille autor on Jaan Kivistik. Raamat on m\u00f5\u00f5tudega 120x207mm, pehmete kaantega ning selles on 76 lehek\u00fclge. Raamatu illustreeris ja kujundas Kadri Vilu. Raamatu tutvustus: Elutark ja s\u00fcdamlik kogum t\u00e4helepanekuid ja meenutusi, loodus- ja juhuluulet, v\u00e4rsivormi k\u00e4tketud t\u00f5ekspidamisi. K\u00fcllap j\u00f5uab ka \u201eLiigne luule\u201c [&hellip;]<\/p>\n","protected":false},"featured_media":493,"comment_status":"open","ping_status":"closed","template":"","meta":[],"product_brand":[],"product_cat":[23],"product_tag":[],"class_list":{"0":"post-507","1":"product","2":"type-product","3":"status-publish","4":"has-post-thumbnail","6":"product_cat-luule","8":"first","9":"instock","10":"taxable","11":"shipping-taxable","12":"purchasable","13":"product-type-simple"},"_links":{"self":[{"href":"https:\/\/fil.ee\/uus\/wp-json\/wp\/v2\/product\/507","targetHints":{"allow":["GET"]}}],"collection":[{"href":"https:\/\/fil.ee\/uus\/wp-json\/wp\/v2\/product"}],"about":[{"href":"https:\/\/fil.ee\/uus\/wp-json\/wp\/v2\/types\/product"}],"replies":[{"embeddable":true,"href":"https:\/\/fil.ee\/uus\/wp-json\/wp\/v2\/comments?post=507"}],"wp:featuredmedia":[{"embeddable":true,"href":"https:\/\/fil.ee\/uus\/wp-json\/wp\/v2\/media\/493"}],"wp:attachment":[{"href":"https:\/\/fil.ee\/uus\/wp-json\/wp\/v2\/media?parent=507"}],"wp:term":[{"taxonomy":"product_brand","embeddable":true,"href":"https:\/\/fil.ee\/uus\/wp-json\/wp\/v2\/product_brand?post=507"},{"taxonomy":"product_cat","embeddable":true,"href":"https:\/\/fil.ee\/uus\/wp-json\/wp\/v2\/product_cat?post=507"},{"taxonomy":"product_tag","embeddable":true,"href":"https:\/\/fil.ee\/uus\/wp-json\/wp\/v2\/product_tag?post=507"}],"curies":[{"name":"wp","href":"https:\/\/api.w.org\/{rel}","templated":true}]}}