{"id":506,"date":"2018-01-05T12:45:03","date_gmt":"2018-01-05T10:45:03","guid":{"rendered":"http:\/\/fil.ee\/uus\/?post_type=product&#038;p=506"},"modified":"2023-01-31T05:52:18","modified_gmt":"2023-01-31T03:52:18","slug":"ma-kuulen","status":"publish","type":"product","link":"https:\/\/fil.ee\/uus\/toode\/ma-kuulen\/","title":{"rendered":"Ma kuulen"},"content":{"rendered":"<p style=\"text-align: justify;\">2017. aasta 9. novembril ilmus meie kirjastuselt uue lasteraamatute sarja esimene jutt Maria Lepmaa \u201cMa kuulen\u201d. Raamat on B5 formaadis, pehmete kaantega ning selles on 16 lehek\u00fclge. Tekst on kirjutatud tavap\u00e4rasest veidi suurema kirjaga ning k\u00f5ikidel lehek\u00fclgedel on v\u00e4rvilised pildid. Raamatu illustreeris Jana Kupits.<\/p>\n<p><strong>Raamatu tutvustus:<br \/>\n<\/strong>Koolieelikutele ja algklasside \u00f5pilastele sobiv lugemine. Raamatust saab teada, kuidas v\u00f5iks tunda end alles ema k\u00f5hus kasvav beebi.<\/p>\n","protected":false},"excerpt":{"rendered":"<p>2017. aasta 9. novembril ilmus meie kirjastuselt uue lasteraamatute sarja esimene jutt Maria Lepmaa \u201cMa kuulen\u201d. Raamat on B5 formaadis, pehmete kaantega ning selles on 16 lehek\u00fclge. Tekst on kirjutatud tavap\u00e4rasest veidi suurema kirjaga ning k\u00f5ikidel lehek\u00fclgedel on v\u00e4rvilised pildid. Raamatu illustreeris Jana Kupits. Raamatu tutvustus: Koolieelikutele ja algklasside \u00f5pilastele sobiv lugemine. Raamatust saab teada, [&hellip;]<\/p>\n","protected":false},"featured_media":492,"comment_status":"open","ping_status":"closed","template":"","meta":[],"product_brand":[],"product_cat":[22],"product_tag":[],"class_list":{"0":"post-506","1":"product","2":"type-product","3":"status-publish","4":"has-post-thumbnail","6":"product_cat-lastele","8":"first","9":"instock","10":"taxable","11":"shipping-taxable","12":"purchasable","13":"product-type-simple"},"_links":{"self":[{"href":"https:\/\/fil.ee\/uus\/wp-json\/wp\/v2\/product\/506","targetHints":{"allow":["GET"]}}],"collection":[{"href":"https:\/\/fil.ee\/uus\/wp-json\/wp\/v2\/product"}],"about":[{"href":"https:\/\/fil.ee\/uus\/wp-json\/wp\/v2\/types\/product"}],"replies":[{"embeddable":true,"href":"https:\/\/fil.ee\/uus\/wp-json\/wp\/v2\/comments?post=506"}],"wp:featuredmedia":[{"embeddable":true,"href":"https:\/\/fil.ee\/uus\/wp-json\/wp\/v2\/media\/492"}],"wp:attachment":[{"href":"https:\/\/fil.ee\/uus\/wp-json\/wp\/v2\/media?parent=506"}],"wp:term":[{"taxonomy":"product_brand","embeddable":true,"href":"https:\/\/fil.ee\/uus\/wp-json\/wp\/v2\/product_brand?post=506"},{"taxonomy":"product_cat","embeddable":true,"href":"https:\/\/fil.ee\/uus\/wp-json\/wp\/v2\/product_cat?post=506"},{"taxonomy":"product_tag","embeddable":true,"href":"https:\/\/fil.ee\/uus\/wp-json\/wp\/v2\/product_tag?post=506"}],"curies":[{"name":"wp","href":"https:\/\/api.w.org\/{rel}","templated":true}]}}