{"id":485,"date":"2017-10-07T16:29:14","date_gmt":"2017-10-07T13:29:14","guid":{"rendered":"http:\/\/fil.ee\/uus\/?post_type=product&#038;p=485"},"modified":"2023-01-31T05:49:01","modified_gmt":"2023-01-31T03:49:01","slug":"argipaev","status":"publish","type":"product","link":"https:\/\/fil.ee\/uus\/toode\/argipaev\/","title":{"rendered":"Argip\u00e4ev"},"content":{"rendered":"<p>2017. aasta 5. okoobril ilmus meie kirjastuselt Erika Rosimannus &#8220;<strong>Argip\u00e4ev<\/strong>&#8220;. Kaaned kujundas Sigrid Kink. Raamat on A5 formaadis, pehmete kaantega ja selles on 152 lehek\u00fclge.<\/p>\n<p><strong>Raamatu tutvustus:<br \/>\n<\/strong><\/p>\n<p>&#8211; Luuletus on, luuletus, on luuletus\u2026 idee, siis pilt ja pilt peaks saama s\u00f5na.<br \/>\n&#8211; Pikas elueas ise kogetu, juhuslikult k\u00f5rvalt kuuldu v\u00f5i otseselt usaldatud peaaegu dokumentaalne \u00fcmberjutustus.<br \/>\n&#8211; Peaaegu p\u00e4eviku eest ehk meilid S\u00f5brale.<\/p>\n<p>&nbsp;<\/p>\n","protected":false},"excerpt":{"rendered":"<p style=\"text-align: justify;\">2017 aasta 5. okoobril ilmus meie kirjastuselt autori teine kogumik &#8220;<strong>Argip\u00e4ev<\/strong>&#8221; mille autor on Erika Rosimannus. Kaaned kujundas Sigrid Kink. Raamat on A5 formaadis, pehmete kaantega ja seal on 152 lehek\u00fclge.<\/p>\n<p><strong>Raamatu tutvustus:<br \/>\n<\/strong><\/p>\n<p style=\"text-align: justify;\">&#8211; Luuletus on, luuletus, on luuletus\u2026 idee, siis pilt ja pilt peaks saama s\u00f5na.<\/p>\n<p style=\"text-align: justify;\">&#8211; Pikas elueas ise kogetu, juhuslikult k\u00f5rvalt kuuldu v\u00f5i otseselt usaldatud peaaegu dokumentaalne \u00fcmberjutustus.<\/p>\n<p style=\"text-align: justify;\">&#8211; Peaaegu p\u00e4eviku eest ehk meilid S\u00f5brale.<\/p>\n<p>&nbsp;<\/p>\n","protected":false},"featured_media":478,"comment_status":"open","ping_status":"closed","template":"","meta":[],"product_brand":[],"product_cat":[16,23],"product_tag":[],"class_list":{"0":"post-485","1":"product","2":"type-product","3":"status-publish","4":"has-post-thumbnail","6":"product_cat-elulugu","7":"product_cat-luule","9":"first","10":"instock","11":"taxable","12":"shipping-taxable","13":"purchasable","14":"product-type-simple"},"_links":{"self":[{"href":"https:\/\/fil.ee\/uus\/wp-json\/wp\/v2\/product\/485","targetHints":{"allow":["GET"]}}],"collection":[{"href":"https:\/\/fil.ee\/uus\/wp-json\/wp\/v2\/product"}],"about":[{"href":"https:\/\/fil.ee\/uus\/wp-json\/wp\/v2\/types\/product"}],"replies":[{"embeddable":true,"href":"https:\/\/fil.ee\/uus\/wp-json\/wp\/v2\/comments?post=485"}],"wp:featuredmedia":[{"embeddable":true,"href":"https:\/\/fil.ee\/uus\/wp-json\/wp\/v2\/media\/478"}],"wp:attachment":[{"href":"https:\/\/fil.ee\/uus\/wp-json\/wp\/v2\/media?parent=485"}],"wp:term":[{"taxonomy":"product_brand","embeddable":true,"href":"https:\/\/fil.ee\/uus\/wp-json\/wp\/v2\/product_brand?post=485"},{"taxonomy":"product_cat","embeddable":true,"href":"https:\/\/fil.ee\/uus\/wp-json\/wp\/v2\/product_cat?post=485"},{"taxonomy":"product_tag","embeddable":true,"href":"https:\/\/fil.ee\/uus\/wp-json\/wp\/v2\/product_tag?post=485"}],"curies":[{"name":"wp","href":"https:\/\/api.w.org\/{rel}","templated":true}]}}