{"id":484,"date":"2017-10-07T16:05:04","date_gmt":"2017-10-07T13:05:04","guid":{"rendered":"http:\/\/fil.ee\/uus\/?post_type=product&#038;p=484"},"modified":"2023-03-16T16:43:39","modified_gmt":"2023-03-16T14:43:39","slug":"halo","status":"publish","type":"product","link":"https:\/\/fil.ee\/uus\/toode\/halo\/","title":{"rendered":"Halo"},"content":{"rendered":"<p style=\"text-align: justify;\">2017. aasta 5. okoobril ilmus meie kirjastuselt luulekogu Annika L\u00f5hmus \u201c<strong>Halo<\/strong>\u201d. Fotode autor Eve K\u00e4\u00e4r ja kaaned kujundas Sigrid Kink. Raamat on A5 formaadis, pehmete kaantega ja selles on 72 lehek\u00fclge. Raamat on \u00fcleni v\u00e4rviline ja sisaldab suurep\u00e4raseid luule- ning loodusp\u00e4rle. Sobib ideaalselt ka kinkeraamatuks.<\/p>\n<p style=\"text-align: justify;\"><strong>Raamatu tutvustus:<br \/>\n<\/strong>Luuletused, mis on siia kogusse v\u00e4lja valitud, on nagu \u00fcks aastaring inimese elus. Lisaks aastaaegade vaheldumisele on neis meeleolusid, mis ikka k\u00e4ivad inimeseks olemise juurde \u2013 neis on nukrust ja r\u00f5\u00f5mu, igatsust ja vaikseid m\u00f5tisklusi. Lisaks luuletustele v\u00f5ib siit leida kauneid loodusfotosid, mis kannavad luuletustega sarnast tunnetust ning on nagu romantiline jalutusk\u00e4ik l\u00e4bi imelise Eestimaa.<\/p>\n<p style=\"text-align: justify;\">Luuletuste autor Annika L\u00f5hmus on elukutselt laulja. Luuletusi hakkas ta kirjutama p\u00e4rast \u00fcht ekstreemset kontserti k\u00f5rgm\u00e4estikus. Ise seostab ta oma ootamatult avaldunud annet naljatamisi hapnikupuudusega.<\/p>\n","protected":false},"excerpt":{"rendered":"<p>2017. aasta 5. okoobril ilmus meie kirjastuselt luulekogu Annika L\u00f5hmus \u201cHalo\u201d. Fotode autor Eve K\u00e4\u00e4r ja kaaned kujundas Sigrid Kink. Raamat on A5 formaadis, pehmete kaantega ja selles on 72 lehek\u00fclge. Raamat on \u00fcleni v\u00e4rviline ja sisaldab suurep\u00e4raseid luule- ning loodusp\u00e4rle. Sobib ideaalselt ka kinkeraamatuks. Raamatu tutvustus: Luuletused, mis on siia kogusse v\u00e4lja valitud, on [&hellip;]<\/p>\n","protected":false},"featured_media":477,"comment_status":"open","ping_status":"closed","template":"","meta":[],"product_brand":[],"product_cat":[23],"product_tag":[],"class_list":{"0":"post-484","1":"product","2":"type-product","3":"status-publish","4":"has-post-thumbnail","6":"product_cat-luule","8":"first","9":"instock","10":"sale","11":"taxable","12":"shipping-taxable","13":"purchasable","14":"product-type-simple"},"_links":{"self":[{"href":"https:\/\/fil.ee\/uus\/wp-json\/wp\/v2\/product\/484","targetHints":{"allow":["GET"]}}],"collection":[{"href":"https:\/\/fil.ee\/uus\/wp-json\/wp\/v2\/product"}],"about":[{"href":"https:\/\/fil.ee\/uus\/wp-json\/wp\/v2\/types\/product"}],"replies":[{"embeddable":true,"href":"https:\/\/fil.ee\/uus\/wp-json\/wp\/v2\/comments?post=484"}],"wp:featuredmedia":[{"embeddable":true,"href":"https:\/\/fil.ee\/uus\/wp-json\/wp\/v2\/media\/477"}],"wp:attachment":[{"href":"https:\/\/fil.ee\/uus\/wp-json\/wp\/v2\/media?parent=484"}],"wp:term":[{"taxonomy":"product_brand","embeddable":true,"href":"https:\/\/fil.ee\/uus\/wp-json\/wp\/v2\/product_brand?post=484"},{"taxonomy":"product_cat","embeddable":true,"href":"https:\/\/fil.ee\/uus\/wp-json\/wp\/v2\/product_cat?post=484"},{"taxonomy":"product_tag","embeddable":true,"href":"https:\/\/fil.ee\/uus\/wp-json\/wp\/v2\/product_tag?post=484"}],"curies":[{"name":"wp","href":"https:\/\/api.w.org\/{rel}","templated":true}]}}