{"id":469,"date":"2017-09-13T13:41:52","date_gmt":"2017-09-13T10:41:52","guid":{"rendered":"http:\/\/fil.ee\/uus\/?post_type=product&#038;p=469"},"modified":"2023-01-31T05:31:43","modified_gmt":"2023-01-31T03:31:43","slug":"vaike-villem","status":"publish","type":"product","link":"https:\/\/fil.ee\/uus\/toode\/vaike-villem\/","title":{"rendered":"V\u00e4ike Villem"},"content":{"rendered":"<p style=\"text-align: justify;\">2017. aasta 22. septembril ilmus meie kirjastuselt muinasjuturaamat Pille Matt \u201c<strong>V\u00e4ike Villem<\/strong>\u201d. Pildid joonistas Tiina Matt. Raamat on A4 formaadis, k\u00f5vade kaantega ja selles on 64 lehek\u00fclge. Raamat on tr\u00fckit\u00e4htedega ja sobib ettelugemiseks neile, kes ise veel ei loe ja lugemiseks neile, kes on oma lugejateed alles alustanud.<\/p>\n<p style=\"text-align: justify;\"><strong>Raamatu tutvustus:<br \/>\n<\/strong>V\u00e4ike Villem on roheliste l\u00f5ngajuustega nukupoiss, kes elab koos oma v\u00e4ikese \u00f5e ja vanematega pisikeses k\u00fclas keset rohelust. Nagu k\u00f5ikidele poistele, meeldib ka Villemile ronida, luurata, seigelda ja avastada. Sellest k\u00f5igest see raamat r\u00e4\u00e4gibki. Lisaks veel Villemi s\u00f5pradest, vanavanematest, loomadest, keda ta kohtab ja muust huvitavast.<\/p>\n","protected":false},"excerpt":{"rendered":"<p>2017. aasta 22. septembril ilmus meie kirjastuselt muinasjuturaamat Pille Matt \u201cV\u00e4ike Villem\u201d. Pildid joonistas Tiina Matt. Raamat on A4 formaadis, k\u00f5vade kaantega ja selles on 64 lehek\u00fclge. Raamat on tr\u00fckit\u00e4htedega ja sobib ettelugemiseks neile, kes ise veel ei loe ja lugemiseks neile, kes on oma lugejateed alles alustanud. Raamatu tutvustus: V\u00e4ike Villem on roheliste l\u00f5ngajuustega [&hellip;]<\/p>\n","protected":false},"featured_media":471,"comment_status":"open","ping_status":"closed","template":"","meta":[],"product_brand":[],"product_cat":[22],"product_tag":[],"class_list":{"0":"post-469","1":"product","2":"type-product","3":"status-publish","4":"has-post-thumbnail","6":"product_cat-lastele","8":"first","9":"instock","10":"taxable","11":"shipping-taxable","12":"purchasable","13":"product-type-simple"},"_links":{"self":[{"href":"https:\/\/fil.ee\/uus\/wp-json\/wp\/v2\/product\/469","targetHints":{"allow":["GET"]}}],"collection":[{"href":"https:\/\/fil.ee\/uus\/wp-json\/wp\/v2\/product"}],"about":[{"href":"https:\/\/fil.ee\/uus\/wp-json\/wp\/v2\/types\/product"}],"replies":[{"embeddable":true,"href":"https:\/\/fil.ee\/uus\/wp-json\/wp\/v2\/comments?post=469"}],"wp:featuredmedia":[{"embeddable":true,"href":"https:\/\/fil.ee\/uus\/wp-json\/wp\/v2\/media\/471"}],"wp:attachment":[{"href":"https:\/\/fil.ee\/uus\/wp-json\/wp\/v2\/media?parent=469"}],"wp:term":[{"taxonomy":"product_brand","embeddable":true,"href":"https:\/\/fil.ee\/uus\/wp-json\/wp\/v2\/product_brand?post=469"},{"taxonomy":"product_cat","embeddable":true,"href":"https:\/\/fil.ee\/uus\/wp-json\/wp\/v2\/product_cat?post=469"},{"taxonomy":"product_tag","embeddable":true,"href":"https:\/\/fil.ee\/uus\/wp-json\/wp\/v2\/product_tag?post=469"}],"curies":[{"name":"wp","href":"https:\/\/api.w.org\/{rel}","templated":true}]}}