{"id":467,"date":"2017-09-13T13:37:20","date_gmt":"2017-09-13T10:37:20","guid":{"rendered":"http:\/\/fil.ee\/uus\/?post_type=product&#038;p=467"},"modified":"2023-02-23T12:26:17","modified_gmt":"2023-02-23T10:26:17","slug":"hea-sobra-luuletused","status":"publish","type":"product","link":"https:\/\/fil.ee\/uus\/toode\/hea-sobra-luuletused\/","title":{"rendered":"Hea s\u00f5bra luuletused"},"content":{"rendered":"<p style=\"text-align: justify;\">2017. aasta 4. septembril ilmus meie kirjastuselt lasteluuletuste kogumik Heli Viht \u201c<strong>Hea s\u00f5bra luuletused<\/strong>\u201d. Raamat on A5 formaadis, pehmete kaantega ja selles on 74 lehek\u00fclge. Raamatu illustreerisid lapsed Kostivere ja Neeme koolist, Loo lasteaiast P\u00e4\u00e4supesa ja Neeme Mudilast, Iru ja J\u00e4gala k\u00fclast, Loo alevikust.<\/p>\n<p style=\"text-align: justify;\"><strong>Raamatu tutvustus:<br \/>\n<\/strong>Lastele m\u00f5eldud luuleraamat, kus kohtab luuletusi s\u00f5prusest, loodusest ja k\u00f5igest muust, mis meid iga p\u00e4ev \u00fcmbritseb. K\u00f5ik illustratsioonid on tehtud J\u00f5el\u00e4htme valla laste poolt.<\/p>\n","protected":false},"excerpt":{"rendered":"<p>2017. aasta 4. septembril ilmus meie kirjastuselt lasteluuletuste kogumik Heli Viht \u201cHea s\u00f5bra luuletused\u201d. Raamat on A5 formaadis, pehmete kaantega ja selles on 74 lehek\u00fclge. Raamatu illustreerisid lapsed Kostivere ja Neeme koolist, Loo lasteaiast P\u00e4\u00e4supesa ja Neeme Mudilast, Iru ja J\u00e4gala k\u00fclast, Loo alevikust. Raamatu tutvustus: Lastele m\u00f5eldud luuleraamat, kus kohtab luuletusi s\u00f5prusest, loodusest ja [&hellip;]<\/p>\n","protected":false},"featured_media":450,"comment_status":"open","ping_status":"closed","template":"","meta":[],"product_brand":[],"product_cat":[286],"product_tag":[],"class_list":{"0":"post-467","1":"product","2":"type-product","3":"status-publish","4":"has-post-thumbnail","6":"product_cat-archive","8":"first","9":"outofstock","10":"taxable","11":"shipping-taxable","12":"product-type-simple"},"_links":{"self":[{"href":"https:\/\/fil.ee\/uus\/wp-json\/wp\/v2\/product\/467","targetHints":{"allow":["GET"]}}],"collection":[{"href":"https:\/\/fil.ee\/uus\/wp-json\/wp\/v2\/product"}],"about":[{"href":"https:\/\/fil.ee\/uus\/wp-json\/wp\/v2\/types\/product"}],"replies":[{"embeddable":true,"href":"https:\/\/fil.ee\/uus\/wp-json\/wp\/v2\/comments?post=467"}],"wp:featuredmedia":[{"embeddable":true,"href":"https:\/\/fil.ee\/uus\/wp-json\/wp\/v2\/media\/450"}],"wp:attachment":[{"href":"https:\/\/fil.ee\/uus\/wp-json\/wp\/v2\/media?parent=467"}],"wp:term":[{"taxonomy":"product_brand","embeddable":true,"href":"https:\/\/fil.ee\/uus\/wp-json\/wp\/v2\/product_brand?post=467"},{"taxonomy":"product_cat","embeddable":true,"href":"https:\/\/fil.ee\/uus\/wp-json\/wp\/v2\/product_cat?post=467"},{"taxonomy":"product_tag","embeddable":true,"href":"https:\/\/fil.ee\/uus\/wp-json\/wp\/v2\/product_tag?post=467"}],"curies":[{"name":"wp","href":"https:\/\/api.w.org\/{rel}","templated":true}]}}