{"id":465,"date":"2017-09-13T13:33:15","date_gmt":"2017-09-13T10:33:15","guid":{"rendered":"http:\/\/fil.ee\/uus\/?post_type=product&#038;p=465"},"modified":"2023-01-31T05:19:25","modified_gmt":"2023-01-31T03:19:25","slug":"parnu-kirjarahva-antoloogia-3","status":"publish","type":"product","link":"https:\/\/fil.ee\/uus\/toode\/parnu-kirjarahva-antoloogia-3\/","title":{"rendered":"P\u00e4rnu Kirjarahva Antoloogia 3"},"content":{"rendered":"<p style=\"text-align: justify;\">2017. aasta 16. juunil ilmus meie kirjastuselt sarja \u201c<strong>P\u00e4rnu kirjarahva antoloogia<\/strong>\u201d kolmas raamat:\u201c<strong>P\u00e4rnu Kirjarahva Antoloogia 3<\/strong>\u201d, mille autorid on Daivi J\u00f5erand, Tauno J\u00fcrgenstein, Liisbeth Kirss, Aavo Kubja, Margus Linnakivi, Aili Mets, Siiri Metsam\u00e4gi, Margus Oopkaup, Kadri Pulk, Erika Rosimannus, Liisa Lotta Tomp. Raamat on A5 formaadis, pehmete kaantega ja selles on 164 lehek\u00fclge. Kaaned kujundas Sigrid Kink, toimetasid S. M. Rattiste ja Heli Hallik.<\/p>\n<p style=\"text-align: justify;\"><strong>Raamatu tutvustus:<\/strong><br \/>\n\u201cP\u00e4rnu kirjarahva antoloogia 3\u201d v\u00f5tab k\u00f5ige ebatavalisemal moel kokku P\u00e4rnus tegutseva kirjarahva m\u00f5ttelennud. Siit leiab nii tuntust kui tundmatust, reaalsust ja s\u00fcrrealismi, t\u00f5de ja fantaasiat ja seda k\u00f5ike l\u00e4bi 11 t\u00e4iesti erineva isiksuse. Sisaldades riimluulet, vabav\u00e4rssi ja mitmeid novelle ning l\u00fchijutte, leiab lugeja endale siit \u00f5\u00f5vastavalt joovastavaid tekste \u2026<\/p>\n<p>&nbsp;<\/p>\n","protected":false},"excerpt":{"rendered":"<p>2017. aasta 16. juunil ilmus meie kirjastuselt sarja \u201cP\u00e4rnu kirjarahva antoloogia\u201d kolmas raamat:\u201cP\u00e4rnu Kirjarahva Antoloogia 3\u201d, mille autorid on Daivi J\u00f5erand, Tauno J\u00fcrgenstein, Liisbeth Kirss, Aavo Kubja, Margus Linnakivi, Aili Mets, Siiri Metsam\u00e4gi, Margus Oopkaup, Kadri Pulk, Erika Rosimannus, Liisa Lotta Tomp. Raamat on A5 formaadis, pehmete kaantega ja selles on 164 lehek\u00fclge. Kaaned kujundas [&hellip;]<\/p>\n","protected":false},"featured_media":439,"comment_status":"open","ping_status":"closed","template":"","meta":[],"product_brand":[],"product_cat":[19,23],"product_tag":[],"class_list":{"0":"post-465","1":"product","2":"type-product","3":"status-publish","4":"has-post-thumbnail","6":"product_cat-ilukirjandus","7":"product_cat-luule","9":"first","10":"instock","11":"taxable","12":"shipping-taxable","13":"purchasable","14":"product-type-simple"},"_links":{"self":[{"href":"https:\/\/fil.ee\/uus\/wp-json\/wp\/v2\/product\/465","targetHints":{"allow":["GET"]}}],"collection":[{"href":"https:\/\/fil.ee\/uus\/wp-json\/wp\/v2\/product"}],"about":[{"href":"https:\/\/fil.ee\/uus\/wp-json\/wp\/v2\/types\/product"}],"replies":[{"embeddable":true,"href":"https:\/\/fil.ee\/uus\/wp-json\/wp\/v2\/comments?post=465"}],"wp:featuredmedia":[{"embeddable":true,"href":"https:\/\/fil.ee\/uus\/wp-json\/wp\/v2\/media\/439"}],"wp:attachment":[{"href":"https:\/\/fil.ee\/uus\/wp-json\/wp\/v2\/media?parent=465"}],"wp:term":[{"taxonomy":"product_brand","embeddable":true,"href":"https:\/\/fil.ee\/uus\/wp-json\/wp\/v2\/product_brand?post=465"},{"taxonomy":"product_cat","embeddable":true,"href":"https:\/\/fil.ee\/uus\/wp-json\/wp\/v2\/product_cat?post=465"},{"taxonomy":"product_tag","embeddable":true,"href":"https:\/\/fil.ee\/uus\/wp-json\/wp\/v2\/product_tag?post=465"}],"curies":[{"name":"wp","href":"https:\/\/api.w.org\/{rel}","templated":true}]}}