{"id":463,"date":"2017-09-13T13:26:37","date_gmt":"2017-09-13T10:26:37","guid":{"rendered":"http:\/\/fil.ee\/uus\/?post_type=product&#038;p=463"},"modified":"2023-01-31T05:15:08","modified_gmt":"2023-01-31T03:15:08","slug":"ajatu-rahutus","status":"publish","type":"product","link":"https:\/\/fil.ee\/uus\/toode\/ajatu-rahutus\/","title":{"rendered":"Ajatu rahutus"},"content":{"rendered":"<p style=\"text-align: justify;\">2017. aasta 7. juunil ilmus meie kirjastuselt autori Anett Tuisk teine ilukirjanduslik teos \u201c<strong>Ajatu rahutus<\/strong>\u201d. Raamat on A5 formaadis, pehmete kaantega ja selles on 190 lehek\u00fclge. Kaaned kujundas Sigrid Kink, toimetas Heli Hallik.<\/p>\n<p style=\"text-align: justify;\"><strong>Raamatu tutvustus:<\/strong><br \/>\nElina on 26-aastane raadiotoimetaja, kelle elu on \u00fcksluine ning painavalt igav. Naine otsustab v\u00e4lja vahetada vana t\u00f6\u00f6- ning elukoha ja asub elama v\u00e4ikesesse Ludzasse. Ajas justkui seisma j\u00e4\u00e4nud v\u00e4ikelinn on aga t\u00e4is saladusi ja hirmu, millest kohalikud vaikivad. \u00d5ige pea tutvub Elina mitmete salap\u00e4raste inimestega, satub elama kummituslikku majja ning kohtub kummalise T\u00f5nuga, kes talle hetkekski rahu ei anna.<\/p>\n","protected":false},"excerpt":{"rendered":"<p>2017. aasta 7. juunil ilmus meie kirjastuselt autori Anett Tuisk teine ilukirjanduslik teos \u201cAjatu rahutus\u201d. Raamat on A5 formaadis, pehmete kaantega ja selles on 190 lehek\u00fclge. Kaaned kujundas Sigrid Kink, toimetas Heli Hallik. Raamatu tutvustus: Elina on 26-aastane raadiotoimetaja, kelle elu on \u00fcksluine ning painavalt igav. Naine otsustab v\u00e4lja vahetada vana t\u00f6\u00f6- ning elukoha ja [&hellip;]<\/p>\n","protected":false},"featured_media":437,"comment_status":"open","ping_status":"closed","template":"","meta":[],"product_brand":[],"product_cat":[19],"product_tag":[],"class_list":{"0":"post-463","1":"product","2":"type-product","3":"status-publish","4":"has-post-thumbnail","6":"product_cat-ilukirjandus","8":"first","9":"instock","10":"taxable","11":"shipping-taxable","12":"purchasable","13":"product-type-simple"},"_links":{"self":[{"href":"https:\/\/fil.ee\/uus\/wp-json\/wp\/v2\/product\/463","targetHints":{"allow":["GET"]}}],"collection":[{"href":"https:\/\/fil.ee\/uus\/wp-json\/wp\/v2\/product"}],"about":[{"href":"https:\/\/fil.ee\/uus\/wp-json\/wp\/v2\/types\/product"}],"replies":[{"embeddable":true,"href":"https:\/\/fil.ee\/uus\/wp-json\/wp\/v2\/comments?post=463"}],"wp:featuredmedia":[{"embeddable":true,"href":"https:\/\/fil.ee\/uus\/wp-json\/wp\/v2\/media\/437"}],"wp:attachment":[{"href":"https:\/\/fil.ee\/uus\/wp-json\/wp\/v2\/media?parent=463"}],"wp:term":[{"taxonomy":"product_brand","embeddable":true,"href":"https:\/\/fil.ee\/uus\/wp-json\/wp\/v2\/product_brand?post=463"},{"taxonomy":"product_cat","embeddable":true,"href":"https:\/\/fil.ee\/uus\/wp-json\/wp\/v2\/product_cat?post=463"},{"taxonomy":"product_tag","embeddable":true,"href":"https:\/\/fil.ee\/uus\/wp-json\/wp\/v2\/product_tag?post=463"}],"curies":[{"name":"wp","href":"https:\/\/api.w.org\/{rel}","templated":true}]}}