{"id":461,"date":"2017-09-13T13:22:33","date_gmt":"2017-09-13T10:22:33","guid":{"rendered":"http:\/\/fil.ee\/uus\/?post_type=product&#038;p=461"},"modified":"2023-01-31T05:10:06","modified_gmt":"2023-01-31T03:10:06","slug":"eluring","status":"publish","type":"product","link":"https:\/\/fil.ee\/uus\/toode\/eluring\/","title":{"rendered":"Eluring"},"content":{"rendered":"<p style=\"text-align: justify;\">2017. aasta 19. mail ilmus meie kirjastuselt autori Inga Antson esimene luulekogu: \u201c<strong>Eluring<\/strong>\u201d. Raamat on A5 formaadis, pehmete kaantega ja selles on 96 lehek\u00fclge. Kaane kujunduse tegi Jana Kupits, toimetas Heli Hallik.<\/p>\n<p style=\"text-align: justify;\"><strong>Raamatu tutvustus:<\/strong><br \/>\nElu sarnaneb ringiga. Sellel pole algust, ega l\u00f5ppu. Iga elu on m\u00f5nes m\u00f5ttes eelmise elu j\u00e4tk. Iga uus elu algab eelmises elus suremisega. Uues elus kaotame eelmiste elude kohta m\u00e4lu. Uue \u00fchiskonna liikmena peame k\u00f5ik l\u00e4bima isikliku kasvamise kadalipu, taastama tee iseenda armastamise ja aktsepteerimiseni. Meil on tarvis m\u00e4letada ja seej\u00e4rel kustutada oma ajalugu (eelmiste elude karmad, k\u00e4esoleva elu kasvatajate, \u00f5petajate, \u00fchiskonna normide kisajate, vanemate, hooldajate ja teiste inimeste hinnangud, kriitika, arvamused jms. meie suhtes), f\u00f6\u00f6niksina uuesti t\u00f5usta, iseennast ise luues. Saades tervikuks iseendas, on v\u00f5imalik luua suurem toimiv suhetepesa: perekond. Usun ka, et enne oma p\u00e4ris h\u00e4rra \u00f5ige kohtamist on vaja leida \u00fcles iseendas elav teine pool (olles naine, oma meespool), teda tundma ja v\u00e4\u00e4rtustama \u00f5ppida. Kokkuv\u00f5ttes oleks nutikas meeles pidada, et elu on siiski m\u00e4ng, kus vahetame iga surma j\u00e4rel \u201ckleite\u201d ja rolle, mist\u00f5ttu ei tasuks oma rolli liigselt kinni j\u00e4\u00e4da, m\u00e4ngulusti unustada ning p\u00e4ikesekiire otsimisest loobuda.<\/p>\n","protected":false},"excerpt":{"rendered":"<p>2017. aasta 19. mail ilmus meie kirjastuselt autori Inga Antson esimene luulekogu: \u201cEluring\u201d. Raamat on A5 formaadis, pehmete kaantega ja selles on 96 lehek\u00fclge. Kaane kujunduse tegi Jana Kupits, toimetas Heli Hallik. Raamatu tutvustus: Elu sarnaneb ringiga. Sellel pole algust, ega l\u00f5ppu. Iga elu on m\u00f5nes m\u00f5ttes eelmise elu j\u00e4tk. Iga uus elu algab eelmises [&hellip;]<\/p>\n","protected":false},"featured_media":435,"comment_status":"open","ping_status":"closed","template":"","meta":[],"product_brand":[],"product_cat":[23],"product_tag":[],"class_list":{"0":"post-461","1":"product","2":"type-product","3":"status-publish","4":"has-post-thumbnail","6":"product_cat-luule","8":"first","9":"instock","10":"taxable","11":"shipping-taxable","12":"purchasable","13":"product-type-simple"},"_links":{"self":[{"href":"https:\/\/fil.ee\/uus\/wp-json\/wp\/v2\/product\/461","targetHints":{"allow":["GET"]}}],"collection":[{"href":"https:\/\/fil.ee\/uus\/wp-json\/wp\/v2\/product"}],"about":[{"href":"https:\/\/fil.ee\/uus\/wp-json\/wp\/v2\/types\/product"}],"replies":[{"embeddable":true,"href":"https:\/\/fil.ee\/uus\/wp-json\/wp\/v2\/comments?post=461"}],"wp:featuredmedia":[{"embeddable":true,"href":"https:\/\/fil.ee\/uus\/wp-json\/wp\/v2\/media\/435"}],"wp:attachment":[{"href":"https:\/\/fil.ee\/uus\/wp-json\/wp\/v2\/media?parent=461"}],"wp:term":[{"taxonomy":"product_brand","embeddable":true,"href":"https:\/\/fil.ee\/uus\/wp-json\/wp\/v2\/product_brand?post=461"},{"taxonomy":"product_cat","embeddable":true,"href":"https:\/\/fil.ee\/uus\/wp-json\/wp\/v2\/product_cat?post=461"},{"taxonomy":"product_tag","embeddable":true,"href":"https:\/\/fil.ee\/uus\/wp-json\/wp\/v2\/product_tag?post=461"}],"curies":[{"name":"wp","href":"https:\/\/api.w.org\/{rel}","templated":true}]}}