{"id":385,"date":"2017-06-15T13:43:51","date_gmt":"2017-06-15T10:43:51","guid":{"rendered":"http:\/\/fil.ee\/uus\/?post_type=product&#038;p=385"},"modified":"2025-10-26T08:20:37","modified_gmt":"2025-10-26T06:20:37","slug":"sotimaa-glasgow-on-parem-kui-edinburgh","status":"publish","type":"product","link":"https:\/\/fil.ee\/uus\/toode\/sotimaa-glasgow-on-parem-kui-edinburgh\/","title":{"rendered":"\u0160otimaa \u2013 Glasgow on parem kui Edinburgh"},"content":{"rendered":"<p style=\"text-align: justify;\"><span style=\"font-family: 'comic sans ms', sans-serif;\">2017. aasta 27. aprillil ilmus meie kirjastuselt reisikirjelduste sarja \u201c<strong>S\u00d5ITSIN \u2026<\/strong>\u201d viies raamat: \u201c<strong>\u0160otimaa \u2013 Glasgow on parem kui Edinburgh<\/strong>\u201d, mille autor on Tiina Tambaum. Raamat on A5 formaadis, k\u00f5vade kaantega ja selles on 122 lehek\u00fclge. Kaane kujunduse tegi Sigrid Kink, toimetas Heli Hallik.<\/span><\/p>\n<p style=\"text-align: justify;\"><span style=\"font-family: 'comic sans ms', sans-serif;\"><strong>Raamatu tutvustus:<br \/>\n<\/strong>Kui on valida, kas veeta m\u00f5ned p\u00e4evad Edinburghis v\u00f5i Glasgow\u2019s, siis kui paljud valivad viimase? Glasgow on s\u00fcmpaatne, humoorikas, rikas, mitmekesine ja avatud linn, mille v\u00f5ludest arusaamine vajab v\u00e4ikest sissejuhatust.<\/span><br \/>\n<span style=\"font-family: 'comic sans ms', sans-serif;\">Sellest raamatust loete linna \u00fclikoolielust, aga ka n\u00e4iteks sellest, kuidas spordim\u00e4ngude v\u00f5\u00f5rustamisse on Glasgow\u2019s kaasatud k\u00f5ik, sh puudega inimesed, koerad ja kodutud. Saate teada, kuidas Glasgow\u2019 politseinikud ja s\u00fcmfoonikud on seotud Eestiga, kummad joovad rohkem, kas glasvegianid v\u00f5i meie, ja kuidas paistab Robert Burnsi \u00f5htu eestlasest osav\u00f5tjale.<\/span><\/p>\n<p style=\"text-align: center;\"><span style=\"font-family: 'comic sans ms', sans-serif;\">Glasgow\u2019 lipukiri on \u201ePeople make Glasgow\u201c. Tulemus on muhe!<\/span><\/p>\n","protected":false},"excerpt":{"rendered":"<p>2017. aasta 27. aprillil ilmus meie kirjastuselt reisikirjelduste sarja \u201cS\u00d5ITSIN \u2026\u201d viies raamat: \u201c\u0160otimaa \u2013 Glasgow on parem kui Edinburgh\u201d, mille autor on Tiina Tambaum. Raamat on A5 formaadis, k\u00f5vade kaantega ja selles on 122 lehek\u00fclge. Kaane kujunduse tegi Sigrid Kink, toimetas Heli Hallik. Raamatu tutvustus: Kui on valida, kas veeta m\u00f5ned p\u00e4evad Edinburghis v\u00f5i [&hellip;]<\/p>\n","protected":false},"featured_media":186,"comment_status":"open","ping_status":"closed","template":"","meta":[],"product_brand":[],"product_cat":[19,25],"product_tag":[],"class_list":{"0":"post-385","1":"product","2":"type-product","3":"status-publish","4":"has-post-thumbnail","6":"product_cat-ilukirjandus","7":"product_cat-reisikirjeldused","9":"first","10":"instock","11":"sale","12":"taxable","13":"shipping-taxable","14":"purchasable","15":"product-type-simple"},"_links":{"self":[{"href":"https:\/\/fil.ee\/uus\/wp-json\/wp\/v2\/product\/385","targetHints":{"allow":["GET"]}}],"collection":[{"href":"https:\/\/fil.ee\/uus\/wp-json\/wp\/v2\/product"}],"about":[{"href":"https:\/\/fil.ee\/uus\/wp-json\/wp\/v2\/types\/product"}],"replies":[{"embeddable":true,"href":"https:\/\/fil.ee\/uus\/wp-json\/wp\/v2\/comments?post=385"}],"wp:featuredmedia":[{"embeddable":true,"href":"https:\/\/fil.ee\/uus\/wp-json\/wp\/v2\/media\/186"}],"wp:attachment":[{"href":"https:\/\/fil.ee\/uus\/wp-json\/wp\/v2\/media?parent=385"}],"wp:term":[{"taxonomy":"product_brand","embeddable":true,"href":"https:\/\/fil.ee\/uus\/wp-json\/wp\/v2\/product_brand?post=385"},{"taxonomy":"product_cat","embeddable":true,"href":"https:\/\/fil.ee\/uus\/wp-json\/wp\/v2\/product_cat?post=385"},{"taxonomy":"product_tag","embeddable":true,"href":"https:\/\/fil.ee\/uus\/wp-json\/wp\/v2\/product_tag?post=385"}],"curies":[{"name":"wp","href":"https:\/\/api.w.org\/{rel}","templated":true}]}}