{"id":382,"date":"2017-06-15T13:38:10","date_gmt":"2017-06-15T10:38:10","guid":{"rendered":"http:\/\/fil.ee\/uus\/?post_type=product&#038;p=382"},"modified":"2023-02-23T12:27:02","modified_gmt":"2023-02-23T10:27:02","slug":"poorab-ara","status":"publish","type":"product","link":"https:\/\/fil.ee\/uus\/toode\/poorab-ara\/","title":{"rendered":"P\u00f6\u00f6rab \u00e4ra"},"content":{"rendered":"<p style=\"text-align: justify;\"><span style=\"font-family: 'comic sans ms', sans-serif;\">2017. aasta 20. m\u00e4rtsil ilmus meie kirjastuselt autori Alari Papa Janson kolmas luulekogu \u201c<strong>P\u00f6\u00f6rab \u00e4ra<\/strong>\u201d. Raamat on A5 formaadis, pehmete kaantega ja selles on 90 lehek\u00fclge.<\/span><\/p>\n<p style=\"text-align: justify;\"><span style=\"font-family: 'comic sans ms', sans-serif;\"><strong>Autoripoolne tutvustus:<\/strong><\/span><br \/>\n<span style=\"font-family: 'comic sans ms', sans-serif;\">Vahetevahel p\u00f6\u00f6rab tee \u00e4ra sinna, kus asuvad su varjatud maailmad. Siis pole midagi muud teha, kui k\u00fcsida endalt, et kes sa oled, kus sa oled, mida sa n\u00e4ed ja mida sa tunned. Samuti seda, kas sa j\u00e4\u00e4d ikka p\u00e4ris iseendaks, kui k\u00f5ik p\u00f6\u00f6rab \u00e4ra. V\u00f5i ongi k\u00f5ik tehtud tegelikult meelega, mine sa tea? Aga seda otsustate juba teie, kallid lugejad<\/span><\/p>\n","protected":false},"excerpt":{"rendered":"<p>2017. aasta 20. m\u00e4rtsil ilmus meie kirjastuselt autori Alari Papa Janson kolmas luulekogu \u201cP\u00f6\u00f6rab \u00e4ra\u201d. Raamat on A5 formaadis, pehmete kaantega ja selles on 90 lehek\u00fclge. Autoripoolne tutvustus: Vahetevahel p\u00f6\u00f6rab tee \u00e4ra sinna, kus asuvad su varjatud maailmad. Siis pole midagi muud teha, kui k\u00fcsida endalt, et kes sa oled, kus sa oled, mida sa [&hellip;]<\/p>\n","protected":false},"featured_media":132,"comment_status":"open","ping_status":"closed","template":"","meta":[],"product_brand":[],"product_cat":[286],"product_tag":[],"class_list":{"0":"post-382","1":"product","2":"type-product","3":"status-publish","4":"has-post-thumbnail","6":"product_cat-archive","8":"first","9":"outofstock","10":"taxable","11":"shipping-taxable","12":"product-type-simple"},"_links":{"self":[{"href":"https:\/\/fil.ee\/uus\/wp-json\/wp\/v2\/product\/382","targetHints":{"allow":["GET"]}}],"collection":[{"href":"https:\/\/fil.ee\/uus\/wp-json\/wp\/v2\/product"}],"about":[{"href":"https:\/\/fil.ee\/uus\/wp-json\/wp\/v2\/types\/product"}],"replies":[{"embeddable":true,"href":"https:\/\/fil.ee\/uus\/wp-json\/wp\/v2\/comments?post=382"}],"wp:featuredmedia":[{"embeddable":true,"href":"https:\/\/fil.ee\/uus\/wp-json\/wp\/v2\/media\/132"}],"wp:attachment":[{"href":"https:\/\/fil.ee\/uus\/wp-json\/wp\/v2\/media?parent=382"}],"wp:term":[{"taxonomy":"product_brand","embeddable":true,"href":"https:\/\/fil.ee\/uus\/wp-json\/wp\/v2\/product_brand?post=382"},{"taxonomy":"product_cat","embeddable":true,"href":"https:\/\/fil.ee\/uus\/wp-json\/wp\/v2\/product_cat?post=382"},{"taxonomy":"product_tag","embeddable":true,"href":"https:\/\/fil.ee\/uus\/wp-json\/wp\/v2\/product_tag?post=382"}],"curies":[{"name":"wp","href":"https:\/\/api.w.org\/{rel}","templated":true}]}}