{"id":381,"date":"2017-06-15T13:36:58","date_gmt":"2017-06-15T10:36:58","guid":{"rendered":"http:\/\/fil.ee\/uus\/?post_type=product&#038;p=381"},"modified":"2023-02-23T12:27:42","modified_gmt":"2023-02-23T10:27:42","slug":"rohelised-ehted","status":"publish","type":"product","link":"https:\/\/fil.ee\/uus\/toode\/rohelised-ehted\/","title":{"rendered":"Rohelised ehted"},"content":{"rendered":"<p style=\"text-align: justify;\"><span style=\"font-family: 'comic sans ms', sans-serif;\">2017. aasta 23. veebruaril ilmus meie kirjastuselt autori Riina Laanemets esimene luulekogu \u201c<strong>Rohelised ehted<\/strong>\u201d. Raamat on A5 formaadis, pehmete kaantega ja selles on 76 lehek\u00fclge.<\/span><\/p>\n<p style=\"text-align: justify;\"><span style=\"font-family: 'comic sans ms', sans-serif;\"><strong>Autoripoolne tutvustus:<\/strong><\/span><br \/>\n<span style=\"font-family: 'comic sans ms', sans-serif;\">Maailm meie \u00fcmber on \u00fcks v\u00e4ga v\u00e4\u00e4rtuslik kalliskivi. Me k\u00f5ik oleme selle sees \u00f5rnad p\u00e4rlid, mida aeg lihvib ja muudab. K\u00f5ik meie teod, m\u00f5tted, unistused, pettumused ja saavutused on l\u00e4bipaistvad iseenda s\u00fcdamele ja p\u00e4evavalgusele, mis s\u00f5ltub p\u00e4ikesest.\u00a0P\u00e4ikeset\u00f5us on kui looming, mis tuleb s\u00fcdamest. Igal p\u00e4eval on uus valgus. Oluline on seda muutust ja iseenda haprust tajuda. Meie \u00fcmber on teekaaslased, kes tunnetavad valgust teisiti ja on sageli veel \u00f5rnemad kalliskivid kui me ise. Nad s\u00e4ravad ja on meie jaoks olemas. Mul on hea meel selle \u00fcle, et l\u00e4bi looduse ilu saan ma neid t\u00e4nada ja tervitada. Samuti usun, et soe puudutus aitab leida\u00a0 uusi s\u00e4ravaid p\u00e4rleid.\u00a0<\/span><\/p>\n","protected":false},"excerpt":{"rendered":"<p>2017. aasta 23. veebruaril ilmus meie kirjastuselt autori Riina Laanemets esimene luulekogu \u201cRohelised ehted\u201d. Raamat on A5 formaadis, pehmete kaantega ja selles on 76 lehek\u00fclge. Autoripoolne tutvustus: Maailm meie \u00fcmber on \u00fcks v\u00e4ga v\u00e4\u00e4rtuslik kalliskivi. Me k\u00f5ik oleme selle sees \u00f5rnad p\u00e4rlid, mida aeg lihvib ja muudab. K\u00f5ik meie teod, m\u00f5tted, unistused, pettumused ja saavutused [&hellip;]<\/p>\n","protected":false},"featured_media":182,"comment_status":"open","ping_status":"closed","template":"","meta":[],"product_brand":[],"product_cat":[286],"product_tag":[],"class_list":{"0":"post-381","1":"product","2":"type-product","3":"status-publish","4":"has-post-thumbnail","6":"product_cat-archive","8":"first","9":"outofstock","10":"taxable","11":"shipping-taxable","12":"product-type-simple"},"_links":{"self":[{"href":"https:\/\/fil.ee\/uus\/wp-json\/wp\/v2\/product\/381","targetHints":{"allow":["GET"]}}],"collection":[{"href":"https:\/\/fil.ee\/uus\/wp-json\/wp\/v2\/product"}],"about":[{"href":"https:\/\/fil.ee\/uus\/wp-json\/wp\/v2\/types\/product"}],"replies":[{"embeddable":true,"href":"https:\/\/fil.ee\/uus\/wp-json\/wp\/v2\/comments?post=381"}],"wp:featuredmedia":[{"embeddable":true,"href":"https:\/\/fil.ee\/uus\/wp-json\/wp\/v2\/media\/182"}],"wp:attachment":[{"href":"https:\/\/fil.ee\/uus\/wp-json\/wp\/v2\/media?parent=381"}],"wp:term":[{"taxonomy":"product_brand","embeddable":true,"href":"https:\/\/fil.ee\/uus\/wp-json\/wp\/v2\/product_brand?post=381"},{"taxonomy":"product_cat","embeddable":true,"href":"https:\/\/fil.ee\/uus\/wp-json\/wp\/v2\/product_cat?post=381"},{"taxonomy":"product_tag","embeddable":true,"href":"https:\/\/fil.ee\/uus\/wp-json\/wp\/v2\/product_tag?post=381"}],"curies":[{"name":"wp","href":"https:\/\/api.w.org\/{rel}","templated":true}]}}