{"id":380,"date":"2017-06-15T13:35:34","date_gmt":"2017-06-15T10:35:34","guid":{"rendered":"http:\/\/fil.ee\/uus\/?post_type=product&#038;p=380"},"modified":"2023-01-31T04:10:19","modified_gmt":"2023-01-31T02:10:19","slug":"idakaare-tuul","status":"publish","type":"product","link":"https:\/\/fil.ee\/uus\/toode\/idakaare-tuul\/","title":{"rendered":"Idakaare tuul"},"content":{"rendered":"<p style=\"text-align: justify;\"><span style=\"font-family: 'comic sans ms', sans-serif;\">2017. aasta 16. veebruaril ilmus meie kirjastuselt autori Iida Kaare-Tuul esimene luulekogu \u201c<strong>Idakaare tuul<\/strong>\u201d. Raamat on A5 formaadis, pehmete kaante ja v\u00e4rviliste illustratsioonidega, selles on 32 lehek\u00fclge.<\/span><\/p>\n<p style=\"text-align: justify;\"><span style=\"font-family: 'comic sans ms', sans-serif;\"><strong>Autoripoolne tutvustus:<\/strong><\/span><br \/>\n<span style=\"font-family: 'comic sans ms', sans-serif;\">Need luuleread \u2026 <\/span><br \/>\n<span style=\"font-family: 'comic sans ms', sans-serif;\">Naisena, poetessina v\u00f5in kinnitada: nad olid kogu aeg kusagil olemas, minu sees, minuga kaasas. \u00dcle 40 aasta. Nagu munarakud. Nad ainult ootasid \u00f5iget hetke, mil viljastuda ja ilmale t\u00f5ugelda.V\u00f5i nagu tihnikus peituv kiskja: sa aimad tema olemasolu. Tead, et ta saab su k\u00e4tte. Igal juhul, m\u00f6\u00f6dap\u00e4\u00e4smatult. \u00dchel sumedal augustikuul laudas kitsi l\u00fcpstes see juhtuski. Nii p\u00e4evast p\u00e4eva, \u00fcks luuletus p\u00e4evas kuni olin t\u00e4iesti t\u00fchjaks pigistatud. Uskuge, see ei olnud tore nagu Pegasuse turjal kappamine, pigem nagu s\u00fcnnitusvaev. M\u00f5ned luuletused kirjeldavad just seda otsatut vaeva, hajameelsust ja eemalolekut reaalsusest. Deb\u00fctandina suudan oma luules eristada kaht peamist stiili: kas k\u00f5rvetavalt iroonilised v\u00f5i p\u00f5letavalt valusad. See on kogumik, kus ei puudu ka elu suurs\u00fcndmusteks sobivad triumfeerivad salmid: lapse s\u00fcnd, pulma-aastap\u00e4ev, v\u00f5idujoovastus. Ent ka riimidesse valatud valu on ehe ja l\u00e4bikogetud. M\u00f5ni luuletus on sedav\u00f5rd r\u00e4nk, et avalikkusele ette kandeski suudan teinekord suurivaevu pisaraid tagasi hoida. Innuka fotograafiahuvilisena maalisin perearhiivi fotode p\u00f5hjal k\u00f5ik illustratsioonid, v.a. s\u00fcrreaalne \u201cS\u00fcgise s\u00fcgavsinine s\u00fcit\u201d, mille autoriks on Daisiki, meie pere keskmine t\u00fctar.<\/span><\/p>\n","protected":false},"excerpt":{"rendered":"<p>2017. aasta 16. veebruaril ilmus meie kirjastuselt autori Iida Kaare-Tuul esimene luulekogu \u201cIdakaare tuul\u201d. Raamat on A5 formaadis, pehmete kaante ja v\u00e4rviliste illustratsioonidega, selles on 32 lehek\u00fclge. Autoripoolne tutvustus: Need luuleread \u2026 Naisena, poetessina v\u00f5in kinnitada: nad olid kogu aeg kusagil olemas, minu sees, minuga kaasas. \u00dcle 40 aasta. Nagu munarakud. Nad ainult ootasid \u00f5iget [&hellip;]<\/p>\n","protected":false},"featured_media":140,"comment_status":"open","ping_status":"closed","template":"","meta":[],"product_brand":[],"product_cat":[23],"product_tag":[],"class_list":{"0":"post-380","1":"product","2":"type-product","3":"status-publish","4":"has-post-thumbnail","6":"product_cat-luule","8":"first","9":"instock","10":"sale","11":"taxable","12":"shipping-taxable","13":"purchasable","14":"product-type-simple"},"_links":{"self":[{"href":"https:\/\/fil.ee\/uus\/wp-json\/wp\/v2\/product\/380","targetHints":{"allow":["GET"]}}],"collection":[{"href":"https:\/\/fil.ee\/uus\/wp-json\/wp\/v2\/product"}],"about":[{"href":"https:\/\/fil.ee\/uus\/wp-json\/wp\/v2\/types\/product"}],"replies":[{"embeddable":true,"href":"https:\/\/fil.ee\/uus\/wp-json\/wp\/v2\/comments?post=380"}],"wp:featuredmedia":[{"embeddable":true,"href":"https:\/\/fil.ee\/uus\/wp-json\/wp\/v2\/media\/140"}],"wp:attachment":[{"href":"https:\/\/fil.ee\/uus\/wp-json\/wp\/v2\/media?parent=380"}],"wp:term":[{"taxonomy":"product_brand","embeddable":true,"href":"https:\/\/fil.ee\/uus\/wp-json\/wp\/v2\/product_brand?post=380"},{"taxonomy":"product_cat","embeddable":true,"href":"https:\/\/fil.ee\/uus\/wp-json\/wp\/v2\/product_cat?post=380"},{"taxonomy":"product_tag","embeddable":true,"href":"https:\/\/fil.ee\/uus\/wp-json\/wp\/v2\/product_tag?post=380"}],"curies":[{"name":"wp","href":"https:\/\/api.w.org\/{rel}","templated":true}]}}