{"id":379,"date":"2017-06-15T13:34:26","date_gmt":"2017-06-15T10:34:26","guid":{"rendered":"http:\/\/fil.ee\/uus\/?post_type=product&#038;p=379"},"modified":"2024-04-04T20:01:12","modified_gmt":"2024-04-04T17:01:12","slug":"toivo","status":"publish","type":"product","link":"https:\/\/fil.ee\/uus\/toode\/toivo\/","title":{"rendered":"Toivo"},"content":{"rendered":"<p style=\"text-align: justify;\"><span style=\"font-family: 'comic sans ms', sans-serif;\">2017. aasta 3. veebruaril ilmus meie kirjastuselt autori \u00dclle Kuuse esimene teos <\/span><span style=\"font-family: 'comic sans ms', sans-serif;\">\u201cToivo\u201d. Raamat on A5 formaadis, pehmete kaantega ja selles on 28 lehek\u00fclge.<\/span><\/p>\n<p style=\"text-align: justify;\"><span style=\"font-family: 'comic sans ms', sans-serif;\"><strong>Autoripoolne tutvustus:<\/strong><\/span><br \/>\n<span style=\"font-family: 'comic sans ms', sans-serif;\">Toivo on viieaastane poiss, kes elab v\u00e4ikeses alevikus. Talle meeldib olla maal vanaema ja vanaisa juures. M\u00f5nikord s\u00f5idab ta ka suurde p\u00f5nevasse linna t\u00e4dile k\u00fclla. K\u00f5ikjale, kuhu Toivo satub, leiab ta end huvitavatest olukordadest. Seda nii \u00fcksi kui ka koos teiste lastega. M\u00f5ned tema lood on l\u00f5busad, teised p\u00e4ris t\u00f5sised, aga k\u00f5ik nad on \u00f5nneliku l\u00f5puga.<\/span><\/p>\n","protected":false},"excerpt":{"rendered":"<p>2017. aasta 3. veebruaril ilmus meie kirjastuselt autori \u00dclle Kuuse esimene teos \u201cToivo\u201d. Raamat on A5 formaadis, pehmete kaantega ja selles on 28 lehek\u00fclge. Autoripoolne tutvustus: Toivo on viieaastane poiss, kes elab v\u00e4ikeses alevikus. Talle meeldib olla maal vanaema ja vanaisa juures. M\u00f5nikord s\u00f5idab ta ka suurde p\u00f5nevasse linna t\u00e4dile k\u00fclla. K\u00f5ikjale, kuhu Toivo satub, [&hellip;]<\/p>\n","protected":false},"featured_media":135,"comment_status":"open","ping_status":"closed","template":"","meta":[],"product_brand":[],"product_cat":[286],"product_tag":[],"class_list":{"0":"post-379","1":"product","2":"type-product","3":"status-publish","4":"has-post-thumbnail","6":"product_cat-archive","8":"first","9":"outofstock","10":"taxable","11":"shipping-taxable","12":"product-type-simple"},"_links":{"self":[{"href":"https:\/\/fil.ee\/uus\/wp-json\/wp\/v2\/product\/379","targetHints":{"allow":["GET"]}}],"collection":[{"href":"https:\/\/fil.ee\/uus\/wp-json\/wp\/v2\/product"}],"about":[{"href":"https:\/\/fil.ee\/uus\/wp-json\/wp\/v2\/types\/product"}],"replies":[{"embeddable":true,"href":"https:\/\/fil.ee\/uus\/wp-json\/wp\/v2\/comments?post=379"}],"wp:featuredmedia":[{"embeddable":true,"href":"https:\/\/fil.ee\/uus\/wp-json\/wp\/v2\/media\/135"}],"wp:attachment":[{"href":"https:\/\/fil.ee\/uus\/wp-json\/wp\/v2\/media?parent=379"}],"wp:term":[{"taxonomy":"product_brand","embeddable":true,"href":"https:\/\/fil.ee\/uus\/wp-json\/wp\/v2\/product_brand?post=379"},{"taxonomy":"product_cat","embeddable":true,"href":"https:\/\/fil.ee\/uus\/wp-json\/wp\/v2\/product_cat?post=379"},{"taxonomy":"product_tag","embeddable":true,"href":"https:\/\/fil.ee\/uus\/wp-json\/wp\/v2\/product_tag?post=379"}],"curies":[{"name":"wp","href":"https:\/\/api.w.org\/{rel}","templated":true}]}}