{"id":377,"date":"2017-06-15T13:32:06","date_gmt":"2017-06-15T10:32:06","guid":{"rendered":"http:\/\/fil.ee\/uus\/?post_type=product&#038;p=377"},"modified":"2023-02-23T12:28:44","modified_gmt":"2023-02-23T10:28:44","slug":"lustakad-luuletused-lastele","status":"publish","type":"product","link":"https:\/\/fil.ee\/uus\/toode\/lustakad-luuletused-lastele\/","title":{"rendered":"Lustakad luuletused lastele"},"content":{"rendered":"<p><span style=\"font-family: 'comic sans ms', sans-serif;\">2017. aasta 20. detsembril ilmus meie kirjastuselt autori Kati Voksepp esimene luulekogu \u201cLustakad luuletused lastele\u201d. Raamat on A5 formaadis, pehmete kaantega, v\u00e4rviliste piltidega ja selles on 36 lehek\u00fclge.<\/span><\/p>\n<p><span style=\"font-family: 'comic sans ms', sans-serif;\"><strong>Autoripoolne tutvustus:<\/strong><\/span><br \/>\n<span style=\"font-family: 'comic sans ms', sans-serif;\">Lapsed, emmed-issid head,<\/span><br \/>\n<span style=\"font-family: 'comic sans ms', sans-serif;\">selles raamatus on read,<\/span><br \/>\n<span style=\"font-family: 'comic sans ms', sans-serif;\">mis teil tuju r\u014d\u014dmsaks teevad,<\/span><br \/>\n<span style=\"font-family: 'comic sans ms', sans-serif;\">tuttavad on paljud teemad.<\/span><br \/>\n<span style=\"font-family: 'comic sans ms', sans-serif;\">Siin on lusti, riimi, nalja<\/span><br \/>\n<span style=\"font-family: 'comic sans ms', sans-serif;\">naerate veel nabad paljaks.<\/span><br \/>\n<span style=\"font-family: 'comic sans ms', sans-serif;\">Ruttu korvi pange raamat,<\/span><br \/>\n<span style=\"font-family: 'comic sans ms', sans-serif;\">nii ei teki mingit draamat.<\/span><\/p>\n","protected":false},"excerpt":{"rendered":"<p>2017. aasta 20. detsembril ilmus meie kirjastuselt autori Kati Voksepp esimene luulekogu \u201cLustakad luuletused lastele\u201d. Raamat on A5 formaadis, pehmete kaantega, v\u00e4rviliste piltidega ja selles on 36 lehek\u00fclge. Autoripoolne tutvustus: Lapsed, emmed-issid head, selles raamatus on read, mis teil tuju r\u014d\u014dmsaks teevad, tuttavad on paljud teemad. Siin on lusti, riimi, nalja naerate veel nabad paljaks. [&hellip;]<\/p>\n","protected":false},"featured_media":162,"comment_status":"open","ping_status":"closed","template":"","meta":[],"product_brand":[],"product_cat":[286],"product_tag":[],"class_list":{"0":"post-377","1":"product","2":"type-product","3":"status-publish","4":"has-post-thumbnail","6":"product_cat-archive","8":"first","9":"outofstock","10":"taxable","11":"shipping-taxable","12":"product-type-simple"},"_links":{"self":[{"href":"https:\/\/fil.ee\/uus\/wp-json\/wp\/v2\/product\/377","targetHints":{"allow":["GET"]}}],"collection":[{"href":"https:\/\/fil.ee\/uus\/wp-json\/wp\/v2\/product"}],"about":[{"href":"https:\/\/fil.ee\/uus\/wp-json\/wp\/v2\/types\/product"}],"replies":[{"embeddable":true,"href":"https:\/\/fil.ee\/uus\/wp-json\/wp\/v2\/comments?post=377"}],"wp:featuredmedia":[{"embeddable":true,"href":"https:\/\/fil.ee\/uus\/wp-json\/wp\/v2\/media\/162"}],"wp:attachment":[{"href":"https:\/\/fil.ee\/uus\/wp-json\/wp\/v2\/media?parent=377"}],"wp:term":[{"taxonomy":"product_brand","embeddable":true,"href":"https:\/\/fil.ee\/uus\/wp-json\/wp\/v2\/product_brand?post=377"},{"taxonomy":"product_cat","embeddable":true,"href":"https:\/\/fil.ee\/uus\/wp-json\/wp\/v2\/product_cat?post=377"},{"taxonomy":"product_tag","embeddable":true,"href":"https:\/\/fil.ee\/uus\/wp-json\/wp\/v2\/product_tag?post=377"}],"curies":[{"name":"wp","href":"https:\/\/api.w.org\/{rel}","templated":true}]}}