{"id":376,"date":"2017-06-15T13:29:40","date_gmt":"2017-06-15T10:29:40","guid":{"rendered":"http:\/\/fil.ee\/uus\/?post_type=product&#038;p=376"},"modified":"2023-01-31T04:02:05","modified_gmt":"2023-01-31T02:02:05","slug":"100-tundevarjundit","status":"publish","type":"product","link":"https:\/\/fil.ee\/uus\/toode\/100-tundevarjundit\/","title":{"rendered":"100 tundevarjundit"},"content":{"rendered":"<p style=\"text-align: justify;\"><span style=\"font-family: 'comic sans ms', sans-serif;\">2017. aasta 17. jaanuaril ilmus meie kirjastuselt autori Liina Vagula esimene luulekogu \u201c100 tundevarjundit\u201d. Raamat on A5 formaadis, pehmete kaantega, selles on 108 lehek\u00fclge.<\/span><\/p>\n<p style=\"text-align: justify;\"><strong><span style=\"font-family: 'comic sans ms', sans-serif;\">Autoripoolne tutvustus:<\/span><\/strong><br \/>\n<span style=\"font-family: 'comic sans ms', sans-serif;\">Kui \u00fchel hetkel upud kellegi p\u00f5hjatutesse silmadesse, muutub \u00e4kki hall argip\u00e4ev imeliseks tunnete virrvarriks. Armud. Joovastud. Naudid. R\u00f5\u00f5mustad. Igatsed. Unistad. Loodad. Oled \u00f5nnelik. Pettud. Kurvastad \u2026<\/span><br \/>\n<span style=\"font-family: 'comic sans ms', sans-serif;\">K\u00f5ik need armastuse erinevad palged on luuletustena oma koha leidnud kogumikus \u201e100 tundevarjundit\u201c.<\/span><br \/>\n<span style=\"font-family: 'comic sans ms', sans-serif;\">Toogu kaante vahele kogutud armastusluuletused lugejale \u00e4ratundmisr\u00f5\u00f5mu, inspiratsiooni, m\u00f5nusaid lugemiselamusi ja ehedaid emotsioone!<\/span><\/p>\n","protected":false},"excerpt":{"rendered":"<p>2017. aasta 17. jaanuaril ilmus meie kirjastuselt autori Liina Vagula esimene luulekogu \u201c100 tundevarjundit\u201d. Raamat on A5 formaadis, pehmete kaantega, selles on 108 lehek\u00fclge. Autoripoolne tutvustus: Kui \u00fchel hetkel upud kellegi p\u00f5hjatutesse silmadesse, muutub \u00e4kki hall argip\u00e4ev imeliseks tunnete virrvarriks. Armud. Joovastud. Naudid. R\u00f5\u00f5mustad. Igatsed. Unistad. Loodad. Oled \u00f5nnelik. Pettud. Kurvastad \u2026 K\u00f5ik need armastuse [&hellip;]<\/p>\n","protected":false},"featured_media":116,"comment_status":"open","ping_status":"closed","template":"","meta":[],"product_brand":[],"product_cat":[23],"product_tag":[],"class_list":{"0":"post-376","1":"product","2":"type-product","3":"status-publish","4":"has-post-thumbnail","6":"product_cat-luule","8":"first","9":"instock","10":"taxable","11":"shipping-taxable","12":"purchasable","13":"product-type-simple"},"_links":{"self":[{"href":"https:\/\/fil.ee\/uus\/wp-json\/wp\/v2\/product\/376","targetHints":{"allow":["GET"]}}],"collection":[{"href":"https:\/\/fil.ee\/uus\/wp-json\/wp\/v2\/product"}],"about":[{"href":"https:\/\/fil.ee\/uus\/wp-json\/wp\/v2\/types\/product"}],"replies":[{"embeddable":true,"href":"https:\/\/fil.ee\/uus\/wp-json\/wp\/v2\/comments?post=376"}],"wp:featuredmedia":[{"embeddable":true,"href":"https:\/\/fil.ee\/uus\/wp-json\/wp\/v2\/media\/116"}],"wp:attachment":[{"href":"https:\/\/fil.ee\/uus\/wp-json\/wp\/v2\/media?parent=376"}],"wp:term":[{"taxonomy":"product_brand","embeddable":true,"href":"https:\/\/fil.ee\/uus\/wp-json\/wp\/v2\/product_brand?post=376"},{"taxonomy":"product_cat","embeddable":true,"href":"https:\/\/fil.ee\/uus\/wp-json\/wp\/v2\/product_cat?post=376"},{"taxonomy":"product_tag","embeddable":true,"href":"https:\/\/fil.ee\/uus\/wp-json\/wp\/v2\/product_tag?post=376"}],"curies":[{"name":"wp","href":"https:\/\/api.w.org\/{rel}","templated":true}]}}