{"id":372,"date":"2017-06-15T13:20:15","date_gmt":"2017-06-15T10:20:15","guid":{"rendered":"http:\/\/fil.ee\/uus\/?post_type=product&#038;p=372"},"modified":"2023-09-01T16:51:21","modified_gmt":"2023-09-01T13:51:21","slug":"suutute-veri","status":"publish","type":"product","link":"https:\/\/fil.ee\/uus\/toode\/suutute-veri\/","title":{"rendered":"S\u00fc\u00fctute veri"},"content":{"rendered":"<p style=\"text-align: justify;\"><span style=\"font-family: 'comic sans ms', sans-serif;\">2016. aasta 1. detsembril ilmus meie kirjastuselt uus kriminaalromaan \u201cS\u00fc\u00fctute veri\u201d, mille autor on Silja Vaher. Raamat on A5 formaadis, pehmete kaantega, selles on 96 lehek\u00fclge. Kaaned kujundas Jana Kupits.<\/span><\/p>\n<p style=\"text-align: justify;\"><span style=\"font-family: 'comic sans ms', sans-serif;\"><strong>Autoripoolne tutvustus:<br \/>\n<\/strong>Autori neljandas kriminaalromaanis elavad viis \u00f5de iga\u00fcks oma elu, kuni hakkavad ootamatult kaduma. Peagi leitakse ka esimene surnukeha\u2026 P\u00e4evavalgele hakkab kerkima 40 aasta vanune saladus, mis on ka sarim\u00f5rvari tegutsemise ajendiks.<\/span><\/p>\n","protected":false},"excerpt":{"rendered":"<p>2016. aasta 1. detsembril ilmus meie kirjastuselt uus kriminaalromaan \u201cS\u00fc\u00fctute veri\u201d, mille autor on Silja Vaher. Raamat on A5 formaadis, pehmete kaantega, selles on 96 lehek\u00fclge. Kaaned kujundas Jana Kupits. Autoripoolne tutvustus: Autori neljandas kriminaalromaanis elavad viis \u00f5de iga\u00fcks oma elu, kuni hakkavad ootamatult kaduma. Peagi leitakse ka esimene surnukeha\u2026 P\u00e4evavalgele hakkab kerkima 40 aasta [&hellip;]<\/p>\n","protected":false},"featured_media":373,"comment_status":"open","ping_status":"closed","template":"","meta":[],"product_brand":[],"product_cat":[19,21],"product_tag":[],"class_list":{"0":"post-372","1":"product","2":"type-product","3":"status-publish","4":"has-post-thumbnail","6":"product_cat-ilukirjandus","7":"product_cat-kriminaalromaan","9":"first","10":"instock","11":"sale","12":"taxable","13":"shipping-taxable","14":"purchasable","15":"product-type-simple"},"_links":{"self":[{"href":"https:\/\/fil.ee\/uus\/wp-json\/wp\/v2\/product\/372","targetHints":{"allow":["GET"]}}],"collection":[{"href":"https:\/\/fil.ee\/uus\/wp-json\/wp\/v2\/product"}],"about":[{"href":"https:\/\/fil.ee\/uus\/wp-json\/wp\/v2\/types\/product"}],"replies":[{"embeddable":true,"href":"https:\/\/fil.ee\/uus\/wp-json\/wp\/v2\/comments?post=372"}],"wp:featuredmedia":[{"embeddable":true,"href":"https:\/\/fil.ee\/uus\/wp-json\/wp\/v2\/media\/373"}],"wp:attachment":[{"href":"https:\/\/fil.ee\/uus\/wp-json\/wp\/v2\/media?parent=372"}],"wp:term":[{"taxonomy":"product_brand","embeddable":true,"href":"https:\/\/fil.ee\/uus\/wp-json\/wp\/v2\/product_brand?post=372"},{"taxonomy":"product_cat","embeddable":true,"href":"https:\/\/fil.ee\/uus\/wp-json\/wp\/v2\/product_cat?post=372"},{"taxonomy":"product_tag","embeddable":true,"href":"https:\/\/fil.ee\/uus\/wp-json\/wp\/v2\/product_tag?post=372"}],"curies":[{"name":"wp","href":"https:\/\/api.w.org\/{rel}","templated":true}]}}