{"id":371,"date":"2017-06-15T13:17:19","date_gmt":"2017-06-15T10:17:19","guid":{"rendered":"http:\/\/fil.ee\/uus\/?post_type=product&#038;p=371"},"modified":"2023-02-23T12:29:46","modified_gmt":"2023-02-23T10:29:46","slug":"soovides-head","status":"publish","type":"product","link":"https:\/\/fil.ee\/uus\/toode\/soovides-head\/","title":{"rendered":"Soovides head\u2026"},"content":{"rendered":"<p style=\"text-align: justify;\"><span style=\"font-family: 'comic sans ms', sans-serif;\">2016. aasta 1. detsembril ilmus meie kirjastuselt esimene raamat esoteerika valdkonnast: \u201cSoovides head \u2026\u201d, mille autor on Kristina Ruder. Raamat on A5 formaadis, k\u00f5vade kaantega, selles on 144 lehek\u00fclge. Toimetas Jaak K\u00e4nd ja kaaned kujundas Sigrid Kink.<\/span><\/p>\n<p style=\"text-align: justify;\"><span style=\"font-family: 'comic sans ms', sans-serif;\"><strong>Autoripoolne tutvustus:<\/strong><\/span><br \/>\n<span style=\"font-family: 'comic sans ms', sans-serif;\">Kas on olemas armastust p\u00e4riselt \u2026 ja turvalisust \u2026 Kui jah \u2026, siis kuidas see reaalsuses v\u00e4ljendub? Kas on olemas kirge ja vallatust? Kui jah \u2026, kas me oskame neid kasutada, hoida ja nautida? Kas on olemas kiikse ja saladusi, mis meid eriliseks, k\u00fctkestavaks ja hoopis paremaks muudavad ning kellelegi haiget ei tee? Kas elu on ilus, v\u00f5luv v\u00f5i \u2026 valus? Vastused saate raamatust \u201cSoovides head \u2026\u201d<\/span><\/p>\n","protected":false},"excerpt":{"rendered":"<p>2016. aasta 1. detsembril ilmus meie kirjastuselt esimene raamat esoteerika valdkonnast: \u201cSoovides head \u2026\u201d, mille autor on Kristina Ruder. Raamat on A5 formaadis, k\u00f5vade kaantega, selles on 144 lehek\u00fclge. Toimetas Jaak K\u00e4nd ja kaaned kujundas Sigrid Kink. Autoripoolne tutvustus: Kas on olemas armastust p\u00e4riselt \u2026 ja turvalisust \u2026 Kui jah \u2026, siis kuidas see reaalsuses [&hellip;]<\/p>\n","protected":false},"featured_media":190,"comment_status":"open","ping_status":"closed","template":"","meta":[],"product_brand":[],"product_cat":[286],"product_tag":[],"class_list":{"0":"post-371","1":"product","2":"type-product","3":"status-publish","4":"has-post-thumbnail","6":"product_cat-archive","8":"first","9":"outofstock","10":"taxable","11":"shipping-taxable","12":"product-type-simple"},"_links":{"self":[{"href":"https:\/\/fil.ee\/uus\/wp-json\/wp\/v2\/product\/371","targetHints":{"allow":["GET"]}}],"collection":[{"href":"https:\/\/fil.ee\/uus\/wp-json\/wp\/v2\/product"}],"about":[{"href":"https:\/\/fil.ee\/uus\/wp-json\/wp\/v2\/types\/product"}],"replies":[{"embeddable":true,"href":"https:\/\/fil.ee\/uus\/wp-json\/wp\/v2\/comments?post=371"}],"wp:featuredmedia":[{"embeddable":true,"href":"https:\/\/fil.ee\/uus\/wp-json\/wp\/v2\/media\/190"}],"wp:attachment":[{"href":"https:\/\/fil.ee\/uus\/wp-json\/wp\/v2\/media?parent=371"}],"wp:term":[{"taxonomy":"product_brand","embeddable":true,"href":"https:\/\/fil.ee\/uus\/wp-json\/wp\/v2\/product_brand?post=371"},{"taxonomy":"product_cat","embeddable":true,"href":"https:\/\/fil.ee\/uus\/wp-json\/wp\/v2\/product_cat?post=371"},{"taxonomy":"product_tag","embeddable":true,"href":"https:\/\/fil.ee\/uus\/wp-json\/wp\/v2\/product_tag?post=371"}],"curies":[{"name":"wp","href":"https:\/\/api.w.org\/{rel}","templated":true}]}}